{"id":1601,"date":"2016-08-25T15:03:09","date_gmt":"2016-08-25T12:03:09","guid":{"rendered":"http:\/\/aureskoski.fi\/?page_id=1601"},"modified":"2023-01-26T09:33:15","modified_gmt":"2023-01-26T07:33:15","slug":"new","status":"publish","type":"page","link":"https:\/\/aureskoski.fi\/en\/new\/","title":{"rendered":"References and News"},"content":{"rendered":"<div id=\"pl-1601\"  class=\"panel-layout\" ><div id=\"pg-1601-0\"  class=\"panel-grid panel-no-style\" ><div id=\"pgc-1601-0-0\"  class=\"panel-grid-cell panel-grid-cell-empty\" ><\/div><\/div><div id=\"pg-1601-1\"  class=\"panel-grid panel-no-style\" ><div id=\"pgc-1601-1-0\"  class=\"panel-grid-cell\" ><div id=\"panel-1601-1-0-0\" class=\"so-panel widget widget_sow-blog panel-first-child panel-last-child\" data-index=\"0\" ><div\n\t\t\t\n\t\t\tclass=\"so-widget-sow-blog so-widget-sow-blog-grid-56bd51bdb8e3-1601\"\n\t\t\t\n\t\t>\t\t<div\n\t\tclass=\"sow-blog sow-blog-layout-grid\"\n\t\tdata-template=\"grid\"\n\t\tdata-settings=\"{&quot;columns&quot;:2,&quot;featured_image&quot;:true,&quot;featured_image_size&quot;:&quot;sow-blog-grid&quot;,&quot;featured_image_size_width&quot;:&quot;360&quot;,&quot;featured_image_size_height&quot;:&quot;240&quot;,&quot;content&quot;:&quot;excerpt&quot;,&quot;read_more&quot;:true,&quot;excerpt_length&quot;:55,&quot;date&quot;:true,&quot;filter_categories&quot;:false,&quot;categories&quot;:true,&quot;so_field_container_state&quot;:&quot;open&quot;,&quot;author&quot;:false,&quot;tags&quot;:false,&quot;comment_count&quot;:false,&quot;tag&quot;:&quot;h2&quot;,&quot;featured_image_empty&quot;:true,&quot;trim_manual_excerpt&quot;:&quot;&quot;,&quot;template&quot;:&quot;grid&quot;}\"\n\t\tdata-paged=\"1\"\n\t\tdata-paging-id=\"56bd51bdb8e3\"\n\t\tdata-total-pages=\"8\"\n\t\tdata-hash=\"5c6098ff\"\n\t>\n\t\t\n\t\t\t\t\t\t\t<div class=\"sow-blog-posts\">\n\t\t\t\t<article id=\"post-10154\" class=\"post-10154 post type-post status-publish format-standard has-post-thumbnail hentry category-ajankohtaista category-yleinen\" style=\"margin: 0 0 30px;\">\n\t\t\t\t\t<div class=\"sow-entry-thumbnail\">\n\t\t\t\t\t\t\t\t\t\t<a href=\"https:\/\/aureskoski.fi\/en\/wenge-malliseina\/\">\n\t\t\t\t\t\t<img loading=\"lazy\" decoding=\"async\" width=\"720\" height=\"480\" src=\"https:\/\/aureskoski.fi\/wp-content\/uploads\/2023\/03\/20230307_154127-720x480.jpg\" class=\"attachment-sow-blog-grid size-sow-blog-grid wp-post-image\" alt=\"\" srcset=\"https:\/\/aureskoski.fi\/wp-content\/uploads\/2023\/03\/20230307_154127-720x480.jpg 720w, https:\/\/aureskoski.fi\/wp-content\/uploads\/2023\/03\/20230307_154127-360x240.jpg 360w, https:\/\/aureskoski.fi\/wp-content\/uploads\/2023\/03\/20230307_154127-272x182.jpg 272w\" sizes=\"auto, (max-width: 720px) 100vw, 720px\" \/>\t\t\t\t\t<\/a>\n\t\t\t\t<\/div>\n\t\t\t\t\t\t\t<div class=\"sow-blog-content-wrapper\"\n\t\t style=\"padding: 25px 30px 33px;\">\n\t\t\t\t<header class=\"sow-entry-header\">\n\t\t\t<h2 class=\"sow-entry-title\" style=\"margin: 0 0 5px;\"><a href=\"https:\/\/aureskoski.fi\/en\/wenge-malliseina\/\" rel=\"bookmark\">Wenge mallisein\u00e4<\/a><\/h2>\t\t\t<div class=\"sow-entry-meta\">\n\t\t\t\t\t\t\t<span class=\"sow-entry-date\">\n\t\t\t\t<a href=\"https:\/\/aureskoski.fi\/en\/wenge-malliseina\/\" rel=\"bookmark\">\n\t\t\t\t\t<time class=\"published\" datetime=\"2023-03-15T11:39:12+02:00\">\n\t\t\t\t\t\t15.3.2023\t\t\t\t\t<\/time>\n\t\t\t\t\t<time class=\"updated\" datetime=\"2023-03-15T11:39:52+02:00\">\n\t\t\t\t\t\t15.3.2023\t\t\t\t\t<\/time>\n\t\t\t\t<\/a>\n\t\t\t<\/span>\n\t\t\n\t\t\n\t\t<span class=\"sow-entry-categories\"><a href=\"https:\/\/aureskoski.fi\/category\/ajankohtaista\/\">Ajankohtaista<\/a>, <a href=\"https:\/\/aureskoski.fi\/category\/yleinen\/\">Yleinen<\/a><\/span>\n\t\t\t\t\t<\/div>\n\t\t<\/header>\n\n\t\t\t\t\t<div\n\t\t\t\tclass=\"sow-entry-content\"\n\t\t\t\tstyle=\"margin-top: 20px;\"\n\t\t\t>\n\t\t\t\t<p>Engelsbyn tehtaat Oy:n tekem\u00e4 n\u00e4ytt\u00e4v\u00e4 mallisein\u00e4 Aureskosken uudesta wenge paneelista!\n\nSein\u00e4ss\u00e4 k\u00e4ytetty paneeli on: AURE SAUNA STS 14\u00d7120 saunasuoja, wenge, p\u00e4\u00e4typontattu.<a class=\"sow-more-link more-link excerpt\" href=\"https:\/\/aureskoski.fi\/en\/wenge-malliseina\/\">Continue reading<span class=\"sow-more-link-arrow\">&rarr;<\/span><\/a><\/p>\t\t\t<\/div>\n\t\t\t\t<\/div>\n<\/article>\n<article id=\"post-10095\" class=\"post-10095 post type-post status-publish format-standard has-post-thumbnail hentry category-news category-yleinen-en\" style=\"margin: 0 0 30px;\">\n\t\t\t\t\t<div class=\"sow-entry-thumbnail\">\n\t\t\t\t\t\t\t\t\t\t<a href=\"https:\/\/aureskoski.fi\/en\/lake-saimaa-nature-and-museum-centre\/\">\n\t\t\t\t\t\t<img loading=\"lazy\" decoding=\"async\" width=\"720\" height=\"480\" src=\"https:\/\/aureskoski.fi\/wp-content\/uploads\/2023\/01\/20220728_163523-720x480.jpg\" class=\"attachment-sow-blog-grid size-sow-blog-grid wp-post-image\" alt=\"\" srcset=\"https:\/\/aureskoski.fi\/wp-content\/uploads\/2023\/01\/20220728_163523-720x480.jpg 720w, https:\/\/aureskoski.fi\/wp-content\/uploads\/2023\/01\/20220728_163523-360x240.jpg 360w, https:\/\/aureskoski.fi\/wp-content\/uploads\/2023\/01\/20220728_163523-272x182.jpg 272w\" sizes=\"auto, (max-width: 720px) 100vw, 720px\" \/>\t\t\t\t\t<\/a>\n\t\t\t\t<\/div>\n\t\t\t\t\t\t\t<div class=\"sow-blog-content-wrapper\"\n\t\t style=\"padding: 25px 30px 33px;\">\n\t\t\t\t<header class=\"sow-entry-header\">\n\t\t\t<h2 class=\"sow-entry-title\" style=\"margin: 0 0 5px;\"><a href=\"https:\/\/aureskoski.fi\/en\/lake-saimaa-nature-and-museum-centre\/\" rel=\"bookmark\">Lake Saimaa Nature and Museum Centre<\/a><\/h2>\t\t\t<div class=\"sow-entry-meta\">\n\t\t\t\t\t\t\t<span class=\"sow-entry-date\">\n\t\t\t\t<a href=\"https:\/\/aureskoski.fi\/en\/lake-saimaa-nature-and-museum-centre\/\" rel=\"bookmark\">\n\t\t\t\t\t<time class=\"published\" datetime=\"2023-01-05T13:20:28+02:00\">\n\t\t\t\t\t\t5.1.2023\t\t\t\t\t<\/time>\n\t\t\t\t\t<time class=\"updated\" datetime=\"2023-01-26T09:44:25+02:00\">\n\t\t\t\t\t\t26.1.2023\t\t\t\t\t<\/time>\n\t\t\t\t<\/a>\n\t\t\t<\/span>\n\t\t\n\t\t\n\t\t<span class=\"sow-entry-categories\"><a href=\"https:\/\/aureskoski.fi\/en\/category\/news\/\">News<\/a>, <a href=\"https:\/\/aureskoski.fi\/en\/category\/yleinen-en\/\">Yleinen @en<\/a><\/span>\n\t\t\t\t\t<\/div>\n\t\t<\/header>\n\n\t\t\t\t\t<div\n\t\t\t\tclass=\"sow-entry-content\"\n\t\t\t\tstyle=\"margin-top: 20px;\"\n\t\t\t>\n\t\t\t\t<p>215 mm wide panel in shade brushed smoke sauna.<a class=\"sow-more-link more-link excerpt\" href=\"https:\/\/aureskoski.fi\/en\/lake-saimaa-nature-and-museum-centre\/\">Continue reading<span class=\"sow-more-link-arrow\">&rarr;<\/span><\/a><\/p>\t\t\t<\/div>\n\t\t\t\t<\/div>\n<\/article>\n<article id=\"post-10101\" class=\"post-10101 post type-post status-publish format-standard has-post-thumbnail hentry category-news category-yleinen-en\" style=\"margin: 0 0 30px;\">\n\t\t\t\t\t<div class=\"sow-entry-thumbnail\">\n\t\t\t\t\t\t\t\t\t\t<a href=\"https:\/\/aureskoski.fi\/en\/merry-christmas-and-happy-new-year-2023\/\">\n\t\t\t\t\t\t<img loading=\"lazy\" decoding=\"async\" width=\"720\" height=\"480\" src=\"https:\/\/aureskoski.fi\/wp-content\/uploads\/2022\/12\/tonttu-720x480.jpg\" class=\"attachment-sow-blog-grid size-sow-blog-grid wp-post-image\" alt=\"\" srcset=\"https:\/\/aureskoski.fi\/wp-content\/uploads\/2022\/12\/tonttu-720x480.jpg 720w, https:\/\/aureskoski.fi\/wp-content\/uploads\/2022\/12\/tonttu-360x240.jpg 360w, https:\/\/aureskoski.fi\/wp-content\/uploads\/2022\/12\/tonttu-272x182.jpg 272w\" sizes=\"auto, (max-width: 720px) 100vw, 720px\" \/>\t\t\t\t\t<\/a>\n\t\t\t\t<\/div>\n\t\t\t\t\t\t\t<div class=\"sow-blog-content-wrapper\"\n\t\t style=\"padding: 25px 30px 33px;\">\n\t\t\t\t<header class=\"sow-entry-header\">\n\t\t\t<h2 class=\"sow-entry-title\" style=\"margin: 0 0 5px;\"><a href=\"https:\/\/aureskoski.fi\/en\/merry-christmas-and-happy-new-year-2023\/\" rel=\"bookmark\">Merry Christmas and Happy new year 2023!<\/a><\/h2>\t\t\t<div class=\"sow-entry-meta\">\n\t\t\t\t\t\t\t<span class=\"sow-entry-date\">\n\t\t\t\t<a href=\"https:\/\/aureskoski.fi\/en\/merry-christmas-and-happy-new-year-2023\/\" rel=\"bookmark\">\n\t\t\t\t\t<time class=\"published\" datetime=\"2022-12-22T13:16:12+02:00\">\n\t\t\t\t\t\t22.12.2022\t\t\t\t\t<\/time>\n\t\t\t\t\t<time class=\"updated\" datetime=\"2023-01-26T09:45:34+02:00\">\n\t\t\t\t\t\t26.1.2023\t\t\t\t\t<\/time>\n\t\t\t\t<\/a>\n\t\t\t<\/span>\n\t\t\n\t\t\n\t\t<span class=\"sow-entry-categories\"><a href=\"https:\/\/aureskoski.fi\/en\/category\/news\/\">News<\/a>, <a href=\"https:\/\/aureskoski.fi\/en\/category\/yleinen-en\/\">Yleinen @en<\/a><\/span>\n\t\t\t\t\t<\/div>\n\t\t<\/header>\n\n\t\t\t\t\t<div\n\t\t\t\tclass=\"sow-entry-content\"\n\t\t\t\tstyle=\"margin-top: 20px;\"\n\t\t\t>\n\t\t\t\t<p><\/p>\t\t\t<\/div>\n\t\t\t\t<\/div>\n<\/article>\n<article id=\"post-10103\" class=\"post-10103 post type-post status-publish format-standard has-post-thumbnail hentry category-news category-yleinen-en\" style=\"margin: 0 0 30px;\">\n\t\t\t\t\t<div class=\"sow-entry-thumbnail\">\n\t\t\t\t\t\t\t\t\t\t<a href=\"https:\/\/aureskoski.fi\/en\/new-color-to-our-sauna-panels\/\">\n\t\t\t\t\t\t<img loading=\"lazy\" decoding=\"async\" width=\"720\" height=\"480\" src=\"https:\/\/aureskoski.fi\/wp-content\/uploads\/2022\/12\/wenge_seina-720x480.jpg\" class=\"attachment-sow-blog-grid size-sow-blog-grid wp-post-image\" alt=\"\" srcset=\"https:\/\/aureskoski.fi\/wp-content\/uploads\/2022\/12\/wenge_seina-720x480.jpg 720w, https:\/\/aureskoski.fi\/wp-content\/uploads\/2022\/12\/wenge_seina-360x240.jpg 360w, https:\/\/aureskoski.fi\/wp-content\/uploads\/2022\/12\/wenge_seina-272x182.jpg 272w\" sizes=\"auto, (max-width: 720px) 100vw, 720px\" \/>\t\t\t\t\t<\/a>\n\t\t\t\t<\/div>\n\t\t\t\t\t\t\t<div class=\"sow-blog-content-wrapper\"\n\t\t style=\"padding: 25px 30px 33px;\">\n\t\t\t\t<header class=\"sow-entry-header\">\n\t\t\t<h2 class=\"sow-entry-title\" style=\"margin: 0 0 5px;\"><a href=\"https:\/\/aureskoski.fi\/en\/new-color-to-our-sauna-panels\/\" rel=\"bookmark\">New color to our sauna panels!<\/a><\/h2>\t\t\t<div class=\"sow-entry-meta\">\n\t\t\t\t\t\t\t<span class=\"sow-entry-date\">\n\t\t\t\t<a href=\"https:\/\/aureskoski.fi\/en\/new-color-to-our-sauna-panels\/\" rel=\"bookmark\">\n\t\t\t\t\t<time class=\"published\" datetime=\"2022-12-01T10:44:18+02:00\">\n\t\t\t\t\t\t1.12.2022\t\t\t\t\t<\/time>\n\t\t\t\t\t<time class=\"updated\" datetime=\"2023-01-26T09:51:37+02:00\">\n\t\t\t\t\t\t26.1.2023\t\t\t\t\t<\/time>\n\t\t\t\t<\/a>\n\t\t\t<\/span>\n\t\t\n\t\t\n\t\t<span class=\"sow-entry-categories\"><a href=\"https:\/\/aureskoski.fi\/en\/category\/news\/\">News<\/a>, <a href=\"https:\/\/aureskoski.fi\/en\/category\/yleinen-en\/\">Yleinen @en<\/a><\/span>\n\t\t\t\t\t<\/div>\n\t\t<\/header>\n\n\t\t\t\t\t<div\n\t\t\t\tclass=\"sow-entry-content\"\n\t\t\t\tstyle=\"margin-top: 20px;\"\n\t\t\t>\n\t\t\t\t<p>New color Wenge is added to our sauna panels!<a class=\"sow-more-link more-link excerpt\" href=\"https:\/\/aureskoski.fi\/en\/new-color-to-our-sauna-panels\/\">Continue reading<span class=\"sow-more-link-arrow\">&rarr;<\/span><\/a><\/p>\t\t\t<\/div>\n\t\t\t\t<\/div>\n<\/article>\n<article id=\"post-10107\" class=\"post-10107 post type-post status-publish format-standard has-post-thumbnail hentry category-news\" style=\"margin: 0 0 30px;\">\n\t\t\t\t\t<div class=\"sow-entry-thumbnail\">\n\t\t\t\t\t\t\t\t\t\t<a href=\"https:\/\/aureskoski.fi\/en\/aure-sauna-phl-28x145-waxed-old-smoked-sauna\/\">\n\t\t\t\t\t\t<img loading=\"lazy\" decoding=\"async\" width=\"720\" height=\"480\" src=\"https:\/\/aureskoski.fi\/wp-content\/uploads\/2022\/10\/saunan_lauteet_pystyyn-720x480.jpg\" class=\"attachment-sow-blog-grid size-sow-blog-grid wp-post-image\" alt=\"\" srcset=\"https:\/\/aureskoski.fi\/wp-content\/uploads\/2022\/10\/saunan_lauteet_pystyyn-720x480.jpg 720w, https:\/\/aureskoski.fi\/wp-content\/uploads\/2022\/10\/saunan_lauteet_pystyyn-360x240.jpg 360w, https:\/\/aureskoski.fi\/wp-content\/uploads\/2022\/10\/saunan_lauteet_pystyyn-272x182.jpg 272w\" sizes=\"auto, (max-width: 720px) 100vw, 720px\" \/>\t\t\t\t\t<\/a>\n\t\t\t\t<\/div>\n\t\t\t\t\t\t\t<div class=\"sow-blog-content-wrapper\"\n\t\t style=\"padding: 25px 30px 33px;\">\n\t\t\t\t<header class=\"sow-entry-header\">\n\t\t\t<h2 class=\"sow-entry-title\" style=\"margin: 0 0 5px;\"><a href=\"https:\/\/aureskoski.fi\/en\/aure-sauna-phl-28x145-waxed-old-smoked-sauna\/\" rel=\"bookmark\">AURE SAUNA PHL 28\u00d7145 waxed, old smoked sauna<\/a><\/h2>\t\t\t<div class=\"sow-entry-meta\">\n\t\t\t\t\t\t\t<span class=\"sow-entry-date\">\n\t\t\t\t<a href=\"https:\/\/aureskoski.fi\/en\/aure-sauna-phl-28x145-waxed-old-smoked-sauna\/\" rel=\"bookmark\">\n\t\t\t\t\t<time class=\"published\" datetime=\"2022-10-04T13:56:46+03:00\">\n\t\t\t\t\t\t4.10.2022\t\t\t\t\t<\/time>\n\t\t\t\t\t<time class=\"updated\" datetime=\"2023-01-26T09:55:33+02:00\">\n\t\t\t\t\t\t26.1.2023\t\t\t\t\t<\/time>\n\t\t\t\t<\/a>\n\t\t\t<\/span>\n\t\t\n\t\t\n\t\t<span class=\"sow-entry-categories\"><a href=\"https:\/\/aureskoski.fi\/en\/category\/news\/\">News<\/a><\/span>\n\t\t\t\t\t<\/div>\n\t\t<\/header>\n\n\t\t\t\t\t<div\n\t\t\t\tclass=\"sow-entry-content\"\n\t\t\t\tstyle=\"margin-top: 20px;\"\n\t\t\t>\n\t\t\t\t<p>The benches can also be installed vertical.<a class=\"sow-more-link more-link excerpt\" href=\"https:\/\/aureskoski.fi\/en\/aure-sauna-phl-28x145-waxed-old-smoked-sauna\/\">Continue reading<span class=\"sow-more-link-arrow\">&rarr;<\/span><\/a><\/p>\t\t\t<\/div>\n\t\t\t\t<\/div>\n<\/article>\n<article id=\"post-10110\" class=\"post-10110 post type-post status-publish format-standard has-post-thumbnail hentry category-news\" style=\"margin: 0 0 30px;\">\n\t\t\t\t\t<div class=\"sow-entry-thumbnail\">\n\t\t\t\t\t\t\t\t\t\t<a href=\"https:\/\/aureskoski.fi\/en\/aure-piiluhirsi\/\">\n\t\t\t\t\t\t<img loading=\"lazy\" decoding=\"async\" width=\"640\" height=\"480\" src=\"https:\/\/aureskoski.fi\/wp-content\/uploads\/2022\/05\/piiluh_ulkovuori_2-e1668503430697.jpg\" class=\"attachment-sow-blog-grid size-sow-blog-grid wp-post-image\" alt=\"\" \/>\t\t\t\t\t<\/a>\n\t\t\t\t<\/div>\n\t\t\t\t\t\t\t<div class=\"sow-blog-content-wrapper\"\n\t\t style=\"padding: 25px 30px 33px;\">\n\t\t\t\t<header class=\"sow-entry-header\">\n\t\t\t<h2 class=\"sow-entry-title\" style=\"margin: 0 0 5px;\"><a href=\"https:\/\/aureskoski.fi\/en\/aure-piiluhirsi\/\" rel=\"bookmark\">AURE PIILUHIRSI<\/a><\/h2>\t\t\t<div class=\"sow-entry-meta\">\n\t\t\t\t\t\t\t<span class=\"sow-entry-date\">\n\t\t\t\t<a href=\"https:\/\/aureskoski.fi\/en\/aure-piiluhirsi\/\" rel=\"bookmark\">\n\t\t\t\t\t<time class=\"published\" datetime=\"2022-05-30T14:03:36+03:00\">\n\t\t\t\t\t\t30.5.2022\t\t\t\t\t<\/time>\n\t\t\t\t\t<time class=\"updated\" datetime=\"2023-01-26T10:00:14+02:00\">\n\t\t\t\t\t\t26.1.2023\t\t\t\t\t<\/time>\n\t\t\t\t<\/a>\n\t\t\t<\/span>\n\t\t\n\t\t\n\t\t<span class=\"sow-entry-categories\"><a href=\"https:\/\/aureskoski.fi\/en\/category\/news\/\">News<\/a><\/span>\n\t\t\t\t\t<\/div>\n\t\t<\/header>\n\n\t\t\t\t\t<div\n\t\t\t\tclass=\"sow-entry-content\"\n\t\t\t\tstyle=\"margin-top: 20px;\"\n\t\t\t>\n\t\t\t\t<p>Cottages manufactured by Elementit-E Oy<a class=\"sow-more-link more-link excerpt\" href=\"https:\/\/aureskoski.fi\/en\/aure-piiluhirsi\/\">Continue reading<span class=\"sow-more-link-arrow\">&rarr;<\/span><\/a><\/p>\t\t\t<\/div>\n\t\t\t\t<\/div>\n<\/article>\n\t\t\t<\/div>\n\t\t\t\t\t\t<nav class=\"sow-post-navigation\">\n\t\t\t\t<h3 class=\"screen-reader-text\">Pagination<\/h3>\n\t\t\t\t<div class=\"sow-nav-links\">\n\t\t\t\t\t<span aria-current=\"page\" class=\"page-numbers current\">1<\/span>\n<a class=\"page-numbers\" href=\"https:\/\/aureskoski.fi\/en\/aure-piiluhirsi\/?sow-56bd51bdb8e3=2\">2<\/a>\n<a class=\"page-numbers\" href=\"https:\/\/aureskoski.fi\/en\/aure-piiluhirsi\/?sow-56bd51bdb8e3=3\">3<\/a>\n<span class=\"page-numbers dots\">&hellip;<\/span>\n<a class=\"page-numbers\" href=\"https:\/\/aureskoski.fi\/en\/aure-piiluhirsi\/?sow-56bd51bdb8e3=8\">8<\/a>\n<a class=\"next page-numbers\" href=\"https:\/\/aureskoski.fi\/en\/aure-piiluhirsi\/?sow-56bd51bdb8e3=2\">&rarr;<\/a>\t\t\t\t<\/div>\n\t\t\t<\/nav>\n\t\t\t\t\t\t\t\t<\/div>\n\t<\/div><\/div><\/div><\/div><\/div>","protected":false},"excerpt":{"rendered":"<p>Wenge mallisein\u00e4 15.3.2023 15.3.2023 Ajankohtaista, Yleinen Engelsbyn tehtaat Oy:n tekem\u00e4 n\u00e4ytt\u00e4v\u00e4 mallisein\u00e4 Aureskosken uudesta wenge paneelista! Sein\u00e4ss\u00e4 k\u00e4ytetty paneeli on: AURE SAUNA STS 14\u00d7120 saunasuoja, wenge, p\u00e4\u00e4typontattu.Continue reading&rarr; Lake Saimaa Nature and Museum Centre 5.1.2023 26.1.2023 News, Yleinen @en 215 mm wide panel in shade brushed smoke sauna.Continue reading&rarr; Merry Christmas and Happy new year&#8230;<\/p>\n","protected":false},"author":4,"featured_media":4194,"parent":0,"menu_order":0,"comment_status":"closed","ping_status":"closed","template":"template-builder-page.php","meta":{"_acf_changed":false,"_exactmetrics_skip_tracking":false,"_exactmetrics_sitenote_active":false,"_exactmetrics_sitenote_note":"","_exactmetrics_sitenote_category":0,"footnotes":""},"class_list":["post-1601","page","type-page","status-publish","has-post-thumbnail","hentry"],"acf":[],"_links":{"self":[{"href":"https:\/\/aureskoski.fi\/en\/wp-json\/wp\/v2\/pages\/1601","targetHints":{"allow":["GET"]}}],"collection":[{"href":"https:\/\/aureskoski.fi\/en\/wp-json\/wp\/v2\/pages"}],"about":[{"href":"https:\/\/aureskoski.fi\/en\/wp-json\/wp\/v2\/types\/page"}],"author":[{"embeddable":true,"href":"https:\/\/aureskoski.fi\/en\/wp-json\/wp\/v2\/users\/4"}],"replies":[{"embeddable":true,"href":"https:\/\/aureskoski.fi\/en\/wp-json\/wp\/v2\/comments?post=1601"}],"version-history":[{"count":9,"href":"https:\/\/aureskoski.fi\/en\/wp-json\/wp\/v2\/pages\/1601\/revisions"}],"predecessor-version":[{"id":10093,"href":"https:\/\/aureskoski.fi\/en\/wp-json\/wp\/v2\/pages\/1601\/revisions\/10093"}],"wp:featuredmedia":[{"embeddable":true,"href":"https:\/\/aureskoski.fi\/en\/wp-json\/wp\/v2\/media\/4194"}],"wp:attachment":[{"href":"https:\/\/aureskoski.fi\/en\/wp-json\/wp\/v2\/media?parent=1601"}],"curies":[{"name":"wp","href":"https:\/\/api.w.org\/{rel}","templated":true}]}}