{"id":1819,"date":"2014-10-15T12:59:47","date_gmt":"2014-10-15T09:59:47","guid":{"rendered":"http:\/\/aureskoski.fi\/?page_id=1819"},"modified":"2024-05-28T16:25:14","modified_gmt":"2024-05-28T13:25:14","slug":"home","status":"publish","type":"page","link":"https:\/\/aureskoski.fi\/en\/","title":{"rendered":"Home"},"content":{"rendered":"<div id=\"pl-1819\"  class=\"panel-layout\" ><div id=\"pg-1819-0\"  class=\"panel-grid panel-has-style\" ><div class=\"siteorigin-panels-stretch panel-row-style panel-row-style-for-1819-0\" data-stretch-type=\"full\" ><div id=\"pgc-1819-0-0\"  class=\"panel-grid-cell\" ><div id=\"panel-1819-0-0-0\" class=\"so-panel widget widget_pt_banner widget-banner panel-first-child panel-last-child\" data-index=\"0\" ><div class=\"panel-widget-style panel-widget-style-for-1819-0-0-0\" >\t\t\t\t<div class=\"banner__text\">\n\t\t\t\t\tAURE products guarantee high quality\t\t\t\t<\/div>\n\t\t\t\t<div class=\"banner__buttons\">\n\t\t\t\t\t <a class=\"btn  btn-primary\" href=\"https:\/\/aureskoski.fi\/en\/contact\/\" target=\"_self\">Contact us<\/a>\t\t\t\t<\/div>\n\t\t\t<\/div><\/div><\/div><\/div><\/div><div id=\"pg-1819-1\"  class=\"panel-grid panel-no-style\" ><div id=\"pgc-1819-1-0\"  class=\"panel-grid-cell\" ><div id=\"panel-1819-1-0-0\" class=\"so-panel widget widget_sow-editor panel-first-child\" data-index=\"1\" ><div\n\t\t\t\n\t\t\tclass=\"so-widget-sow-editor so-widget-sow-editor-base\"\n\t\t\t\n\t\t>\n<div class=\"siteorigin-widget-tinymce textwidget\">\n\t<p>&nbsp;<\/p>\n<p>&nbsp;<\/p>\n<\/div>\n<\/div><\/div><div id=\"panel-1819-1-0-1\" class=\"so-panel widget widget_sow-headline panel-last-child\" data-index=\"2\" ><div\n\t\t\t\n\t\t\tclass=\"so-widget-sow-headline so-widget-sow-headline-default-d44d4a8f39f4-1819\"\n\t\t\t\n\t\t><div class=\"sow-headline-container \">\n\t\t\t\t\t\t\t<h2 class=\"sow-headline\">\n\t\t\t\t\t\tCheck out our selection!\t\t\t\t\t\t<\/h2>\n\t\t\t\t\t\t\t\t\t\t\t<div class=\"decoration\">\n\t\t\t\t\t\t<div class=\"decoration-inside\"><\/div>\n\t\t\t\t\t<\/div>\n\t\t\t\t\t\t\t\t\t\t\t<h4 class=\"sow-sub-headline\">\n\t\t\t\t\t\tHigh-quality material produces a finished result\t\t\t\t\t\t<\/h4>\n\t\t\t\t\t\t<\/div>\n<\/div><\/div><\/div><\/div><div id=\"pg-1819-2\"  class=\"panel-grid panel-no-style\" ><div id=\"pgc-1819-2-0\"  class=\"panel-grid-cell\" ><div id=\"panel-1819-2-0-0\" class=\"so-panel widget widget_sow-image panel-first-child\" data-index=\"3\" ><div class=\"panel-widget-style panel-widget-style-for-1819-2-0-0\" ><div\n\t\t\t\n\t\t\tclass=\"so-widget-sow-image so-widget-sow-image-default-113ccd71f3e6-1819\"\n\t\t\t\n\t\t>\n<div class=\"sow-image-container\">\n\t\t\t<a href=\"https:\/\/aureskoski.fi\/en\/sauna-products\/\"\n\t\t\ttarget=\"_blank\" rel=\"noopener noreferrer\" \t\t>\n\t\t\t<img \n\tsrc=\"https:\/\/aureskoski.fi\/wp-content\/uploads\/2019\/11\/Piiluhirsi-viilinki\u00e4-848x480.jpg\" width=\"848\" height=\"480\" srcset=\"https:\/\/aureskoski.fi\/wp-content\/uploads\/2019\/11\/Piiluhirsi-viilinki\u00e4-848x480.jpg 848w, https:\/\/aureskoski.fi\/wp-content\/uploads\/2019\/11\/Piiluhirsi-viilinki\u00e4-1024x580.jpg 1024w\" sizes=\"(max-width: 848px) 100vw, 848px\" title=\"Sauna products\" alt=\"\" \t\tclass=\"so-widget-image\"\/>\n\t\t\t<\/a><\/div>\n\n<h3 class=\"widget-title\">Sauna products<\/h3><\/div><\/div><\/div><div id=\"panel-1819-2-0-1\" class=\"so-panel widget widget_sow-image\" data-index=\"4\" ><div class=\"panel-widget-style panel-widget-style-for-1819-2-0-1\" ><div\n\t\t\t\n\t\t\tclass=\"so-widget-sow-image so-widget-sow-image-default-113ccd71f3e6-1819\"\n\t\t\t\n\t\t>\n<div class=\"sow-image-container\">\n\t\t\t<a href=\"https:\/\/aureskoski.fi\/en\/panels\/\"\n\t\t\ttarget=\"_blank\" rel=\"noopener noreferrer\" \t\t>\n\t\t\t<img \n\tsrc=\"https:\/\/aureskoski.fi\/wp-content\/uploads\/2016\/04\/IMG_20191029_114138-848x480.jpg\" width=\"848\" height=\"480\" sizes=\"(max-width: 848px) 100vw, 848px\" title=\"Interior panels\" alt=\"M\u00e4nty STS 15x215 Em sormijatkettu, liimaattu, p\u00e4\u00e4typontattu. Peittomaalattu harjattu paperi s\u00e4vy\" \t\tclass=\"so-widget-image\"\/>\n\t\t\t<\/a><\/div>\n\n<h3 class=\"widget-title\">Interior panels<\/h3><\/div><\/div><\/div><div id=\"panel-1819-2-0-2\" class=\"so-panel widget widget_sow-image panel-last-child\" data-index=\"5\" ><div class=\"panel-widget-style panel-widget-style-for-1819-2-0-2\" ><div\n\t\t\t\n\t\t\tclass=\"so-widget-sow-image so-widget-sow-image-default-113ccd71f3e6-1819\"\n\t\t\t\n\t\t>\n<div class=\"sow-image-container\">\n\t\t\t<a href=\"https:\/\/aureskoski.fi\/en\/deckings\/\"\n\t\t\ttarget=\"_blank\" rel=\"noopener noreferrer\" \t\t>\n\t\t\t<img \n\tsrc=\"https:\/\/aureskoski.fi\/wp-content\/uploads\/2015\/10\/terassilauta_microshield_shp_ura_28x120_mm_kyllastetty_ab_harmaa_asennettuna-848x480.jpg\" width=\"848\" height=\"480\" sizes=\"(max-width: 848px) 100vw, 848px\" title=\"IMPREGNATED WOOD\" alt=\"\" \t\tclass=\"so-widget-image\"\/>\n\t\t\t<\/a><\/div>\n\n<h3 class=\"widget-title\">IMPREGNATED WOOD<\/h3><\/div><\/div><\/div><\/div><div id=\"pgc-1819-2-1\"  class=\"panel-grid-cell\" ><div id=\"panel-1819-2-1-0\" class=\"so-panel widget widget_sow-image panel-first-child\" data-index=\"6\" ><div class=\"panel-widget-style panel-widget-style-for-1819-2-1-0\" ><div\n\t\t\t\n\t\t\tclass=\"so-widget-sow-image so-widget-sow-image-default-113ccd71f3e6-1819\"\n\t\t\t\n\t\t>\n<div class=\"sow-image-container\">\n\t\t\t<a href=\"https:\/\/aureskoski.fi\/en\/floorings\/\"\n\t\t\ttarget=\"_blank\" rel=\"noopener noreferrer\" \t\t>\n\t\t\t<img \n\tsrc=\"https:\/\/aureskoski.fi\/wp-content\/uploads\/2023\/01\/IMG-20200714-WA0033-848x480.jpg\" width=\"848\" height=\"480\" sizes=\"(max-width: 848px) 100vw, 848px\" title=\"FLOORINGS\" alt=\"\" \t\tclass=\"so-widget-image\"\/>\n\t\t\t<\/a><\/div>\n\n<h3 class=\"widget-title\">FLOORINGS<\/h3><\/div><\/div><\/div><div id=\"panel-1819-2-1-1\" class=\"so-panel widget widget_sow-image\" data-index=\"7\" ><div class=\"panel-widget-style panel-widget-style-for-1819-2-1-1\" ><div\n\t\t\t\n\t\t\tclass=\"so-widget-sow-image so-widget-sow-image-default-113ccd71f3e6-1819\"\n\t\t\t\n\t\t>\n<div class=\"sow-image-container\">\n\t\t\t<a href=\"https:\/\/aureskoski.fi\/en\/kivipuu\/\"\n\t\t\ttarget=\"_blank\" rel=\"noopener noreferrer\" \t\t>\n\t\t\t<img \n\tsrc=\"https:\/\/aureskoski.fi\/wp-content\/uploads\/2022\/03\/kivipuu_laituri-scaled-e1665036532172-848x480.jpg\" width=\"848\" height=\"480\" srcset=\"https:\/\/aureskoski.fi\/wp-content\/uploads\/2022\/03\/kivipuu_laituri-scaled-e1665036532172-848x480.jpg 848w, https:\/\/aureskoski.fi\/wp-content\/uploads\/2022\/03\/kivipuu_laituri-scaled-e1665036532172-300x169.jpg 300w\" sizes=\"(max-width: 848px) 100vw, 848px\" title=\"Kivipuu\" alt=\"\" \t\tclass=\"so-widget-image\"\/>\n\t\t\t<\/a><\/div>\n\n<h3 class=\"widget-title\">Kivipuu<\/h3><\/div><\/div><\/div><div id=\"panel-1819-2-1-2\" class=\"so-panel widget widget_sow-image panel-last-child\" data-index=\"8\" ><div class=\"panel-widget-style panel-widget-style-for-1819-2-1-2\" ><div\n\t\t\t\n\t\t\tclass=\"so-widget-sow-image so-widget-sow-image-default-113ccd71f3e6-1819\"\n\t\t\t\n\t\t>\n<div class=\"sow-image-container\">\n\t\t\t<a href=\"https:\/\/aureskoski.fi\/pelletid-kutter-ja-kentura\/\"\n\t\t\ttarget=\"_blank\" rel=\"noopener noreferrer\" \t\t>\n\t\t\t<img \n\tsrc=\"https:\/\/aureskoski.fi\/wp-content\/uploads\/2019\/11\/Pellettikk-848x480.jpg\" width=\"848\" height=\"480\" srcset=\"https:\/\/aureskoski.fi\/wp-content\/uploads\/2019\/11\/Pellettikk-848x480.jpg 848w, https:\/\/aureskoski.fi\/wp-content\/uploads\/2019\/11\/Pellettikk-1024x580.jpg 1024w\" sizes=\"(max-width: 848px) 100vw, 848px\" title=\"Other products\" alt=\"\" \t\tclass=\"so-widget-image\"\/>\n\t\t\t<\/a><\/div>\n\n<h3 class=\"widget-title\">Other products<\/h3><\/div><\/div><\/div><\/div><\/div><div id=\"pg-1819-3\"  class=\"panel-grid panel-has-style\" ><div class=\"wide-color-dark siteorigin-panels-stretch panel-row-style panel-row-style-for-1819-3\" data-stretch-type=\"full\" ><div id=\"pgc-1819-3-0\"  class=\"panel-grid-cell panel-grid-cell-empty\" ><\/div><div id=\"pgc-1819-3-1\"  class=\"panel-grid-cell panel-grid-cell-mobile-last\" ><div id=\"panel-1819-3-1-0\" class=\"so-panel widget widget_sow-image panel-first-child panel-last-child\" data-index=\"9\" ><div class=\"panel-widget-style panel-widget-style-for-1819-3-1-0\" ><div\n\t\t\t\n\t\t\tclass=\"so-widget-sow-image so-widget-sow-image-default-113ccd71f3e6-1819\"\n\t\t\t\n\t\t><h3 class=\"widget-title\">Read our brochure!<\/h3>\n<div class=\"sow-image-container\">\n\t\t\t<a href=\"https:\/\/aureskoski.fi\/en\/esite\/\"\n\t\t\ttarget=\"_blank\" rel=\"noopener noreferrer\" \t\t>\n\t\t\t<img \n\tsrc=\"https:\/\/aureskoski.fi\/wp-content\/uploads\/2024\/05\/Esite_eng.png\" width=\"454\" height=\"641\" srcset=\"https:\/\/aureskoski.fi\/wp-content\/uploads\/2024\/05\/Esite_eng.png 454w, https:\/\/aureskoski.fi\/wp-content\/uploads\/2024\/05\/Esite_eng-212x300.png 212w, https:\/\/aureskoski.fi\/wp-content\/uploads\/2024\/05\/Esite_eng-393x555.png 393w\" sizes=\"(max-width: 454px) 100vw, 454px\" title=\"Read our brochure!\" alt=\"\" \t\tclass=\"so-widget-image\"\/>\n\t\t\t<\/a><\/div>\n\n<\/div><\/div><\/div><\/div><div id=\"pgc-1819-3-2\"  class=\"panel-grid-cell panel-grid-cell-empty\" ><\/div><\/div><\/div><div id=\"pg-1819-4\"  class=\"panel-grid panel-has-style\" ><div class=\"siteorigin-panels-stretch panel-row-style panel-row-style-for-1819-4\" data-stretch-type=\"full\" ><div id=\"pgc-1819-4-0\"  class=\"panel-grid-cell\" ><div id=\"panel-1819-4-0-0\" class=\"so-panel widget widget_text panel-first-child\" data-index=\"10\" >\t\t\t<div class=\"textwidget\"><\/div>\n\t\t<\/div><div id=\"panel-1819-4-0-1\" class=\"so-panel widget widget_black-studio-tinymce widget_black_studio_tinymce\" data-index=\"11\" ><h3 class=\"widget-title\">Aureskoski since 1864<\/h3><div class=\"textwidget\"><h5><span style=\"color: #007336;\"> <span class=\"icon-container\"><span class=\"fa fa-check\"><\/span><\/span><\/span> <span style=\"color: #333333;\"> Aureskosken Jalostetehdas Oy<\/span><\/h5>\n<p>Aureskoski is part of the Tammisto Group.Tammisto\u2019s roots and values are related to Finnish forests and wood. Aureskoski Processing Company Ltd started the Aureskoski mills in autumn 2013.The Aureskoski refinery has five planing lines, a finger extension line, a cabinet line (cutting) and two surface treatment lines. In addition, we have a strip mill and drying capacity. The thermal energy required in the production processes is generated by a separate thermal power plant. Our plant employs about 50 woodworking professionals with long-term experience in making quality products.<\/p>\n<p>Parkano also has its own pellet plant, which produces our planed products and shavings for pure domestic bioenergy. Aureskoski\u2019s impregnation plant is located in Kolho, M\u00e4ntt\u00e4-Vilppula. We have three impregnation cylinders at Kolho. At the Kaskinen unit we have three planing lines and a painting line.<\/p>\n<\/div><\/div><div id=\"panel-1819-4-0-2\" class=\"so-panel widget widget_sow-button\" data-index=\"12\" ><div\n\t\t\t\n\t\t\tclass=\"so-widget-sow-button so-widget-sow-button-flat-561b3d367edf-1819\"\n\t\t\t\n\t\t><div class=\"ow-button-base ow-button-align-left\"\n>\n\t\t\t<a\n\t\t\t\t\thref=\"https:\/\/aureskoski.fi\/en\/about-us\/\"\n\t\t\t\t\tclass=\"sowb-button ow-icon-placement-top ow-button-hover\" \t>\n\t\t<span>\n\t\t\t\n\t\t\tRead more\t\t<\/span>\n\t\t\t<\/a>\n\t<\/div>\n<\/div><\/div><div id=\"panel-1819-4-0-3\" class=\"so-panel widget widget_text panel-last-child\" data-index=\"13\" >\t\t\t<div class=\"textwidget\"><\/div>\n\t\t<\/div><\/div><div id=\"pgc-1819-4-1\"  class=\"panel-grid-cell\" ><div id=\"panel-1819-4-1-0\" class=\"so-panel widget widget_text panel-first-child\" data-index=\"14\" >\t\t\t<div class=\"textwidget\"><\/div>\n\t\t<\/div><div id=\"panel-1819-4-1-1\" class=\"so-panel widget widget_text\" data-index=\"15\" >\t\t\t<div class=\"textwidget\"><\/div>\n\t\t<\/div><div id=\"panel-1819-4-1-2\" class=\"so-panel widget widget_sow-image panel-last-child\" data-index=\"16\" ><div\n\t\t\t\n\t\t\tclass=\"so-widget-sow-image so-widget-sow-image-default-c67d20f9f743-1819\"\n\t\t\t\n\t\t>\n<div class=\"sow-image-container\">\n\t\t<img \n\tsrc=\"https:\/\/aureskoski.fi\/wp-content\/uploads\/2022\/10\/IMG_20220908_082252.jpg\" width=\"1199\" height=\"899\" srcset=\"https:\/\/aureskoski.fi\/wp-content\/uploads\/2022\/10\/IMG_20220908_082252.jpg 1199w, https:\/\/aureskoski.fi\/wp-content\/uploads\/2022\/10\/IMG_20220908_082252-300x225.jpg 300w, https:\/\/aureskoski.fi\/wp-content\/uploads\/2022\/10\/IMG_20220908_082252-1024x768.jpg 1024w, https:\/\/aureskoski.fi\/wp-content\/uploads\/2022\/10\/IMG_20220908_082252-100x75.jpg 100w, https:\/\/aureskoski.fi\/wp-content\/uploads\/2022\/10\/IMG_20220908_082252-768x576.jpg 768w, https:\/\/aureskoski.fi\/wp-content\/uploads\/2022\/10\/IMG_20220908_082252-555x416.jpg 555w\" sizes=\"(max-width: 1199px) 100vw, 1199px\" alt=\"\" \t\tclass=\"so-widget-image\"\/>\n\t<\/div>\n\n<\/div><\/div><\/div><\/div><\/div><div id=\"pg-1819-5\"  class=\"panel-grid panel-has-style\" ><div class=\"siteorigin-panels-stretch panel-row-style panel-row-style-for-1819-5\" data-stretch-type=\"full\" ><div id=\"pgc-1819-5-0\"  class=\"panel-grid-cell\" ><div id=\"panel-1819-5-0-0\" class=\"so-panel widget widget_sow-editor panel-first-child panel-last-child\" data-index=\"17\" ><div\n\t\t\t\n\t\t\tclass=\"so-widget-sow-editor so-widget-sow-editor-base\"\n\t\t\t\n\t\t>\n<div class=\"siteorigin-widget-tinymce textwidget\">\n\t<p>&nbsp;<\/p>\n<p>&nbsp;<\/p>\n<p>&nbsp;<\/p>\n<p>&nbsp;<\/p>\n<p>&nbsp;<\/p>\n<p>&nbsp;<\/p>\n<p>&nbsp;<\/p>\n<p>&nbsp;<\/p>\n<p>&nbsp;<\/p>\n<p>&nbsp;<\/p>\n<p>&nbsp;<\/p>\n<p>&nbsp;<\/p>\n<p>&nbsp;<\/p>\n<p>&nbsp;<\/p>\n<p>&nbsp;<\/p>\n<p>&nbsp;<\/p>\n<\/div>\n<\/div><\/div><\/div><\/div><\/div><div id=\"pg-1819-6\"  class=\"panel-grid panel-has-style\" ><div class=\"siteorigin-panels-stretch panel-row-style panel-row-style-for-1819-6\" data-stretch-type=\"full\" ><div id=\"pgc-1819-6-0\"  class=\"panel-grid-cell\" ><div id=\"panel-1819-6-0-0\" class=\"so-panel widget widget_pt_banner widget-banner panel-first-child panel-last-child\" data-index=\"18\" ><div class=\"panel-widget-style panel-widget-style-for-1819-6-0-0\" >\t\t\t\t<div class=\"banner__text\">\n\t\t\t\t\tWith our certified products \u2013 you are part of building a sustainable future\t\t\t\t<\/div>\n\t\t\t\t<div class=\"banner__buttons\">\n\t\t\t\t\t<a class=\"btn  btn-primary\" href=\"https:\/\/aureskoski.fi\/sertifikaatit\/\" target=\"_self\">Download PEFC-certificate<\/a>\t\t\t\t<\/div>\n\t\t\t<\/div><\/div><\/div><\/div><\/div><div id=\"pg-1819-7\"  class=\"panel-grid panel-has-style\" ><div class=\"wide-image siteorigin-panels-stretch panel-row-style panel-row-style-for-1819-7\" data-stretch-type=\"full\" ><div id=\"pgc-1819-7-0\"  class=\"panel-grid-cell\" ><div id=\"panel-1819-7-0-0\" class=\"so-panel widget widget_sow-post-carousel panel-first-child panel-last-child\" data-index=\"19\" ><div\n\t\t\t\n\t\t\tclass=\"so-widget-sow-post-carousel so-widget-sow-post-carousel-base-f42a9caabf8c-1819\"\n\t\t\t\n\t\t>\t<div\n\t\tclass=\"sow-post-carousel-wrapper sow-post-carousel-theme-base\"\n\t\tstyle=\"overflow: hidden; max-width: 100%; min-height: 240px\"\n\t>\n\t\t<div class=\"sow-carousel-title has-title\">\n\t<h3 class=\"widget-title\">News<\/h3>\t\t<div class=\"sow-carousel-navigation \">\n\t\t\t\t\t\t<a href=\"#\" class=\"sow-carousel-next\" title=\"Next\" aria-label=\"Next Posts\" role=\"button\"><\/a>\n\t\t\t\t\t\t<a href=\"#\" class=\"sow-carousel-previous\" title=\"Previous\" aria-label=\"Previous Posts\" role=\"button\"><\/a>\n\t\t\t\t\t<\/div>\n\t<\/div>\n\n<div class=\"sow-carousel-container \">\n\t\t<div class=\"sow-carousel-wrapper\"\n\t\tdata-dir=\"ltr\"\n\t\tstyle=\"opacity: 0;\"\n\t\tdata-widget=\"post\" data-fetching=\"false\" data-page=\"1\" data-ajax-url=\"https:\/\/aureskoski.fi\/wp-admin\/admin-ajax.php?_widgets_nonce=b02102d717\" data-item_count=\"43\" data-carousel_settings=\"{&quot;loop&quot;:true,&quot;animation&quot;:&quot;Ease&quot;,&quot;animation_speed&quot;:800,&quot;autoplay&quot;:&quot;off&quot;,&quot;pauseOnHover&quot;:false,&quot;autoplaySpeed&quot;:8000,&quot;item_overflow&quot;:true,&quot;autoplay_continuous_scroll&quot;:false}\" data-responsive=\"{&quot;desktop_slides_to_scroll&quot;:1,&quot;tablet_landscape_breakpoint&quot;:1366,&quot;tablet_landscape_slides_to_scroll&quot;:2,&quot;tablet_portrait_breakpoint&quot;:1025,&quot;tablet_portrait_slides_to_scroll&quot;:2,&quot;mobile_breakpoint&quot;:480,&quot;mobile_slides_to_scroll&quot;:1}\" data-variable_width=\"true\" \t>\n\t\t<div\n\t\t\tclass=\"sow-carousel-items\"\n\t\t\t\t\t>\n\t\t\t\t<div class=\"sow-carousel-item\" tabindex=\"-1\" style=\"float: left;\">\n\t\t<div class=\"sow-carousel-thumbnail\">\n\t\t\t\t\t\t\t<a\n\t\t\t\t\thref=\"https:\/\/aureskoski.fi\/en\/wenge-malliseina\/\"\n\t\t\t\t\t\t\t\t\t\tstyle=\"background-image: url( https:\/\/aureskoski.fi\/wp-content\/uploads\/2023\/03\/20230307_154127-360x240.jpg )\"\n\t\t\t\t\taria-labelledby=\"sow-carousel-id-10154\"\n\t\t\t\t\ttabindex=\"-1\"\n\t\t\t\t>\n\t\t\t\t\t<span class=\"overlay\"><\/span>\n\t\t\t\t<\/a>\n\t\t\t\t\t<\/div>\n\t\t<h3 class=\"sow-carousel-item-title\">\n\t\t\t<a\n\t\t\t\thref=\"https:\/\/aureskoski.fi\/en\/wenge-malliseina\/\"\n\t\t\t\tid=\"sow-carousel-id-10154\"\n\t\t\t\t\t\t\t\ttabindex=\"-1\"\n\t\t\t>\n\n\t\t\t\tWenge mallisein\u00e4\t\t\t<\/a>\n\t\t<\/h3>\n\t<\/div>\n\t\t<div class=\"sow-carousel-item\" tabindex=\"-1\" style=\"float: left;\">\n\t\t<div class=\"sow-carousel-thumbnail\">\n\t\t\t\t\t\t\t<a\n\t\t\t\t\thref=\"https:\/\/aureskoski.fi\/en\/lake-saimaa-nature-and-museum-centre\/\"\n\t\t\t\t\t\t\t\t\t\tstyle=\"background-image: url( https:\/\/aureskoski.fi\/wp-content\/uploads\/2023\/01\/20220728_163523-360x240.jpg )\"\n\t\t\t\t\taria-labelledby=\"sow-carousel-id-10095\"\n\t\t\t\t\ttabindex=\"-1\"\n\t\t\t\t>\n\t\t\t\t\t<span class=\"overlay\"><\/span>\n\t\t\t\t<\/a>\n\t\t\t\t\t<\/div>\n\t\t<h3 class=\"sow-carousel-item-title\">\n\t\t\t<a\n\t\t\t\thref=\"https:\/\/aureskoski.fi\/en\/lake-saimaa-nature-and-museum-centre\/\"\n\t\t\t\tid=\"sow-carousel-id-10095\"\n\t\t\t\t\t\t\t\ttabindex=\"-1\"\n\t\t\t>\n\n\t\t\t\tLake Saimaa Nature and Museum Centre\t\t\t<\/a>\n\t\t<\/h3>\n\t<\/div>\n\t\t<div class=\"sow-carousel-item\" tabindex=\"-1\" style=\"float: left;\">\n\t\t<div class=\"sow-carousel-thumbnail\">\n\t\t\t\t\t\t\t<a\n\t\t\t\t\thref=\"https:\/\/aureskoski.fi\/en\/merry-christmas-and-happy-new-year-2023\/\"\n\t\t\t\t\t\t\t\t\t\tstyle=\"background-image: url( https:\/\/aureskoski.fi\/wp-content\/uploads\/2022\/12\/tonttu-360x240.jpg )\"\n\t\t\t\t\taria-labelledby=\"sow-carousel-id-10101\"\n\t\t\t\t\ttabindex=\"-1\"\n\t\t\t\t>\n\t\t\t\t\t<span class=\"overlay\"><\/span>\n\t\t\t\t<\/a>\n\t\t\t\t\t<\/div>\n\t\t<h3 class=\"sow-carousel-item-title\">\n\t\t\t<a\n\t\t\t\thref=\"https:\/\/aureskoski.fi\/en\/merry-christmas-and-happy-new-year-2023\/\"\n\t\t\t\tid=\"sow-carousel-id-10101\"\n\t\t\t\t\t\t\t\ttabindex=\"-1\"\n\t\t\t>\n\n\t\t\t\tMerry Christmas and Happy new year 2023!\t\t\t<\/a>\n\t\t<\/h3>\n\t<\/div>\n\t\t<div class=\"sow-carousel-item\" tabindex=\"-1\" style=\"float: left;\">\n\t\t<div class=\"sow-carousel-thumbnail\">\n\t\t\t\t\t\t\t<a\n\t\t\t\t\thref=\"https:\/\/aureskoski.fi\/en\/new-color-to-our-sauna-panels\/\"\n\t\t\t\t\t\t\t\t\t\tstyle=\"background-image: url( https:\/\/aureskoski.fi\/wp-content\/uploads\/2022\/12\/wenge_seina-360x240.jpg )\"\n\t\t\t\t\taria-labelledby=\"sow-carousel-id-10103\"\n\t\t\t\t\ttabindex=\"-1\"\n\t\t\t\t>\n\t\t\t\t\t<span class=\"overlay\"><\/span>\n\t\t\t\t<\/a>\n\t\t\t\t\t<\/div>\n\t\t<h3 class=\"sow-carousel-item-title\">\n\t\t\t<a\n\t\t\t\thref=\"https:\/\/aureskoski.fi\/en\/new-color-to-our-sauna-panels\/\"\n\t\t\t\tid=\"sow-carousel-id-10103\"\n\t\t\t\t\t\t\t\ttabindex=\"-1\"\n\t\t\t>\n\n\t\t\t\tNew color to our sauna panels!\t\t\t<\/a>\n\t\t<\/h3>\n\t<\/div>\n\t\t<div class=\"sow-carousel-item\" tabindex=\"-1\" style=\"float: left;\">\n\t\t<div class=\"sow-carousel-thumbnail\">\n\t\t\t\t\t\t\t<a\n\t\t\t\t\thref=\"https:\/\/aureskoski.fi\/en\/aure-sauna-phl-28x145-waxed-old-smoked-sauna\/\"\n\t\t\t\t\t\t\t\t\t\tstyle=\"background-image: url( https:\/\/aureskoski.fi\/wp-content\/uploads\/2022\/10\/saunan_lauteet_pystyyn-360x240.jpg )\"\n\t\t\t\t\taria-labelledby=\"sow-carousel-id-10107\"\n\t\t\t\t\ttabindex=\"-1\"\n\t\t\t\t>\n\t\t\t\t\t<span class=\"overlay\"><\/span>\n\t\t\t\t<\/a>\n\t\t\t\t\t<\/div>\n\t\t<h3 class=\"sow-carousel-item-title\">\n\t\t\t<a\n\t\t\t\thref=\"https:\/\/aureskoski.fi\/en\/aure-sauna-phl-28x145-waxed-old-smoked-sauna\/\"\n\t\t\t\tid=\"sow-carousel-id-10107\"\n\t\t\t\t\t\t\t\ttabindex=\"-1\"\n\t\t\t>\n\n\t\t\t\tAURE SAUNA PHL 28\u00d7145 waxed, old smoked sauna\t\t\t<\/a>\n\t\t<\/h3>\n\t<\/div>\n\t\t<div class=\"sow-carousel-item\" tabindex=\"-1\" style=\"float: left;\">\n\t\t<div class=\"sow-carousel-thumbnail\">\n\t\t\t\t\t\t\t<a\n\t\t\t\t\thref=\"https:\/\/aureskoski.fi\/en\/aure-piiluhirsi\/\"\n\t\t\t\t\t\t\t\t\t\tstyle=\"background-image: url( https:\/\/aureskoski.fi\/wp-content\/uploads\/2022\/05\/piiluh_ulkovuori_2-360x240.jpg )\"\n\t\t\t\t\taria-labelledby=\"sow-carousel-id-10110\"\n\t\t\t\t\ttabindex=\"-1\"\n\t\t\t\t>\n\t\t\t\t\t<span class=\"overlay\"><\/span>\n\t\t\t\t<\/a>\n\t\t\t\t\t<\/div>\n\t\t<h3 class=\"sow-carousel-item-title\">\n\t\t\t<a\n\t\t\t\thref=\"https:\/\/aureskoski.fi\/en\/aure-piiluhirsi\/\"\n\t\t\t\tid=\"sow-carousel-id-10110\"\n\t\t\t\t\t\t\t\ttabindex=\"-1\"\n\t\t\t>\n\n\t\t\t\tAURE PIILUHIRSI\t\t\t<\/a>\n\t\t<\/h3>\n\t<\/div>\n\t\t<div class=\"sow-carousel-item\" tabindex=\"-1\" style=\"float: left;\">\n\t\t<div class=\"sow-carousel-thumbnail\">\n\t\t\t\t\t\t\t<a\n\t\t\t\t\thref=\"https:\/\/aureskoski.fi\/en\/aure-sauna-sts-15x215-waxedtransparent-white-2\/\"\n\t\t\t\t\t\t\t\t\t\tstyle=\"background-image: url( https:\/\/aureskoski.fi\/wp-content\/uploads\/2022\/05\/kattopaneeli-oksa1-360x240.jpg )\"\n\t\t\t\t\taria-labelledby=\"sow-carousel-id-10113\"\n\t\t\t\t\ttabindex=\"-1\"\n\t\t\t\t>\n\t\t\t\t\t<span class=\"overlay\"><\/span>\n\t\t\t\t<\/a>\n\t\t\t\t\t<\/div>\n\t\t<h3 class=\"sow-carousel-item-title\">\n\t\t\t<a\n\t\t\t\thref=\"https:\/\/aureskoski.fi\/en\/aure-sauna-sts-15x215-waxedtransparent-white-2\/\"\n\t\t\t\tid=\"sow-carousel-id-10113\"\n\t\t\t\t\t\t\t\ttabindex=\"-1\"\n\t\t\t>\n\n\t\t\t\tAURE SAUNA STS 15\u00d7215 waxed,transparent white\t\t\t<\/a>\n\t\t<\/h3>\n\t<\/div>\n\t\t<div class=\"sow-carousel-item\" tabindex=\"-1\" style=\"float: left;\">\n\t\t<div class=\"sow-carousel-thumbnail\">\n\t\t\t\t\t\t\t<a\n\t\t\t\t\thref=\"https:\/\/aureskoski.fi\/en\/aure-riihi-sts-v-15x215-waxed-rustic-clay\/\"\n\t\t\t\t\t\t\t\t\t\tstyle=\"background-image: url( https:\/\/aureskoski.fi\/wp-content\/uploads\/2022\/03\/keittio-lahi-fiilis-360x240.jpg )\"\n\t\t\t\t\taria-labelledby=\"sow-carousel-id-7491\"\n\t\t\t\t\ttabindex=\"-1\"\n\t\t\t\t>\n\t\t\t\t\t<span class=\"overlay\"><\/span>\n\t\t\t\t<\/a>\n\t\t\t\t\t<\/div>\n\t\t<h3 class=\"sow-carousel-item-title\">\n\t\t\t<a\n\t\t\t\thref=\"https:\/\/aureskoski.fi\/en\/aure-riihi-sts-v-15x215-waxed-rustic-clay\/\"\n\t\t\t\tid=\"sow-carousel-id-7491\"\n\t\t\t\t\t\t\t\ttabindex=\"-1\"\n\t\t\t>\n\n\t\t\t\tAURE RIIHI STS\/V 15\u00d7215 waxed, rustic clay\t\t\t<\/a>\n\t\t<\/h3>\n\t<\/div>\n\t\t<div class=\"sow-carousel-item\" tabindex=\"-1\" style=\"float: left;\">\n\t\t<div class=\"sow-carousel-thumbnail\">\n\t\t\t\t\t\t\t<a\n\t\t\t\t\thref=\"https:\/\/aureskoski.fi\/en\/aure-piiluhirsi-laudelauta-harjattu-kelo\/\"\n\t\t\t\t\t\t\t\t\t\tstyle=\"background-image: url( https:\/\/aureskoski.fi\/wp-content\/uploads\/2022\/03\/paneeli-sauna2-360x240.jpg )\"\n\t\t\t\t\taria-labelledby=\"sow-carousel-id-7448\"\n\t\t\t\t\ttabindex=\"-1\"\n\t\t\t\t>\n\t\t\t\t\t<span class=\"overlay\"><\/span>\n\t\t\t\t<\/a>\n\t\t\t\t\t<\/div>\n\t\t<h3 class=\"sow-carousel-item-title\">\n\t\t\t<a\n\t\t\t\thref=\"https:\/\/aureskoski.fi\/en\/aure-piiluhirsi-laudelauta-harjattu-kelo\/\"\n\t\t\t\tid=\"sow-carousel-id-7448\"\n\t\t\t\t\t\t\t\ttabindex=\"-1\"\n\t\t\t>\n\n\t\t\t\tAURE piiluhirsi smoked sauna &#038; sauna bench brushed gray\t\t\t<\/a>\n\t\t<\/h3>\n\t<\/div>\n\t\t<div class=\"sow-carousel-item\" tabindex=\"-1\" style=\"float: left;\">\n\t\t<div class=\"sow-carousel-thumbnail\">\n\t\t\t\t\t\t\t<a\n\t\t\t\t\thref=\"https:\/\/aureskoski.fi\/en\/valkolakattu-manty-kattorima-20x45-mm\/\"\n\t\t\t\t\t\t\t\t\t\tstyle=\"background-image: url( https:\/\/aureskoski.fi\/wp-content\/uploads\/2022\/03\/6317-360x240.jpg )\"\n\t\t\t\t\taria-labelledby=\"sow-carousel-id-7589\"\n\t\t\t\t\ttabindex=\"-1\"\n\t\t\t\t>\n\t\t\t\t\t<span class=\"overlay\"><\/span>\n\t\t\t\t<\/a>\n\t\t\t\t\t<\/div>\n\t\t<h3 class=\"sow-carousel-item-title\">\n\t\t\t<a\n\t\t\t\thref=\"https:\/\/aureskoski.fi\/en\/valkolakattu-manty-kattorima-20x45-mm\/\"\n\t\t\t\tid=\"sow-carousel-id-7589\"\n\t\t\t\t\t\t\t\ttabindex=\"-1\"\n\t\t\t>\n\n\t\t\t\tLacquered, transparent white, pine 20&#215;45 mm\t\t\t<\/a>\n\t\t<\/h3>\n\t<\/div>\n\t\t\t<\/div>\n\t\t\t<\/div>\n\n\t<\/div>\n\t\t<input type=\"hidden\" name=\"instance_hash\" value=\"16e60fb6\"\/>\n\t<\/div>\n<\/div><\/div><\/div><\/div><\/div><div id=\"pg-1819-8\"  class=\"panel-grid panel-has-style\" ><div class=\"panel-row-style panel-row-style-for-1819-8\" ><div id=\"pgc-1819-8-0\"  class=\"panel-grid-cell panel-grid-cell-empty\" ><\/div><\/div><\/div><\/div>","protected":false},"excerpt":{"rendered":"<p>&nbsp; &nbsp;<\/p>\n","protected":false},"author":1,"featured_media":0,"parent":0,"menu_order":0,"comment_status":"closed","ping_status":"closed","template":"template-front-page-slider.php","meta":{"_acf_changed":false,"_exactmetrics_skip_tracking":false,"_exactmetrics_sitenote_active":false,"_exactmetrics_sitenote_note":"","_exactmetrics_sitenote_category":0,"footnotes":""},"class_list":["post-1819","page","type-page","status-publish","hentry"],"acf":[],"_links":{"self":[{"href":"https:\/\/aureskoski.fi\/en\/wp-json\/wp\/v2\/pages\/1819","targetHints":{"allow":["GET"]}}],"collection":[{"href":"https:\/\/aureskoski.fi\/en\/wp-json\/wp\/v2\/pages"}],"about":[{"href":"https:\/\/aureskoski.fi\/en\/wp-json\/wp\/v2\/types\/page"}],"author":[{"embeddable":true,"href":"https:\/\/aureskoski.fi\/en\/wp-json\/wp\/v2\/users\/1"}],"replies":[{"embeddable":true,"href":"https:\/\/aureskoski.fi\/en\/wp-json\/wp\/v2\/comments?post=1819"}],"version-history":[{"count":133,"href":"https:\/\/aureskoski.fi\/en\/wp-json\/wp\/v2\/pages\/1819\/revisions"}],"predecessor-version":[{"id":1877,"href":"https:\/\/aureskoski.fi\/en\/wp-json\/wp\/v2\/pages\/1819\/revisions\/1877"}],"wp:attachment":[{"href":"https:\/\/aureskoski.fi\/en\/wp-json\/wp\/v2\/media?parent=1819"}],"curies":[{"name":"wp","href":"https:\/\/api.w.org\/{rel}","templated":true}]}}