{"id":8488,"date":"2022-06-02T11:19:16","date_gmt":"2022-06-02T08:19:16","guid":{"rendered":"https:\/\/aureskoski.fi\/about-us\/"},"modified":"2023-08-16T14:10:52","modified_gmt":"2023-08-16T11:10:52","slug":"about-us","status":"publish","type":"page","link":"https:\/\/aureskoski.fi\/en\/about-us\/","title":{"rendered":"About Us"},"content":{"rendered":"<div id=\"pl-8488\"  class=\"panel-layout\" ><div id=\"pg-8488-0\"  class=\"panel-grid panel-no-style\" ><div id=\"pgc-8488-0-0\"  class=\"panel-grid-cell panel-grid-cell-empty\" ><\/div><div id=\"pgc-8488-0-1\"  class=\"panel-grid-cell panel-grid-cell-mobile-last\" ><div id=\"panel-8488-0-1-0\" class=\"so-panel widget widget_media_image panel-first-child panel-last-child\" data-index=\"0\" ><img loading=\"lazy\" decoding=\"async\" width=\"2070\" height=\"403\" src=\"https:\/\/aureskoski.fi\/wp-content\/uploads\/2022\/06\/Aureskoski_logo_taustaton4.png\" class=\"image wp-image-8358  attachment-full size-full\" alt=\"\" style=\"max-width: 100%; height: auto;\" srcset=\"https:\/\/aureskoski.fi\/wp-content\/uploads\/2022\/06\/Aureskoski_logo_taustaton4.png 2070w, https:\/\/aureskoski.fi\/wp-content\/uploads\/2022\/06\/Aureskoski_logo_taustaton4-300x58.png 300w, https:\/\/aureskoski.fi\/wp-content\/uploads\/2022\/06\/Aureskoski_logo_taustaton4-1024x199.png 1024w, https:\/\/aureskoski.fi\/wp-content\/uploads\/2022\/06\/Aureskoski_logo_taustaton4-768x150.png 768w, https:\/\/aureskoski.fi\/wp-content\/uploads\/2022\/06\/Aureskoski_logo_taustaton4-1536x299.png 1536w, https:\/\/aureskoski.fi\/wp-content\/uploads\/2022\/06\/Aureskoski_logo_taustaton4-2048x399.png 2048w, https:\/\/aureskoski.fi\/wp-content\/uploads\/2022\/06\/Aureskoski_logo_taustaton4-555x108.png 555w\" sizes=\"auto, (max-width: 2070px) 100vw, 2070px\" \/><\/div><\/div><div id=\"pgc-8488-0-2\"  class=\"panel-grid-cell panel-grid-cell-empty\" ><\/div><\/div><div id=\"pg-8488-1\"  class=\"panel-grid panel-no-style\" ><div id=\"pgc-8488-1-0\"  class=\"panel-grid-cell panel-grid-cell-empty\" ><\/div><\/div><div id=\"pg-8488-2\"  class=\"panel-grid panel-no-style\" ><div id=\"pgc-8488-2-0\"  class=\"panel-grid-cell panel-grid-cell-empty\" ><\/div><div id=\"pgc-8488-2-1\"  class=\"panel-grid-cell\" ><div id=\"panel-8488-2-1-0\" class=\"so-panel widget widget_text panel-first-child panel-last-child\" data-index=\"1\" >\t\t\t<div class=\"textwidget\"><p>Aureskoski is part of the Tammisto Group.Tammisto&#8217;s roots and values are related to Finnish forests and wood. Aureskoski Processing Company Ltd started the Aureskoski mills in autumn 2013.The Aureskoski refinery has five planing lines, a finger extension line, a cabinet line (cutting) and two surface treatment lines. In addition, we have a strip mill and drying capacity. The thermal energy required in the production processes is generated by a separate thermal power plant. Our plant employs about 50 woodworking professionals with long-term experience in making quality products.<\/p>\n<p>Parkano also has its own pellet plant, which produces our planed products and shavings for pure domestic bioenergy. Aureskoski&#8217;s impregnation plant is located in Kolho, M\u00e4ntt\u00e4-Vilppula. We have three impregnation cylinders at Kolho. At the Kaskinen unit we have three planing lines and a painting line.<\/p>\n<\/div>\n\t\t<\/div><\/div><div id=\"pgc-8488-2-2\"  class=\"panel-grid-cell panel-grid-cell-mobile-last\" ><div id=\"panel-8488-2-2-0\" class=\"so-panel widget widget_media_image panel-first-child panel-last-child\" data-index=\"2\" ><img loading=\"lazy\" decoding=\"async\" width=\"200\" height=\"350\" src=\"https:\/\/aureskoski.fi\/wp-content\/uploads\/2022\/06\/Metsakuva-1.jpg\" class=\"image wp-image-8402  attachment-full size-full\" alt=\"\" style=\"max-width: 100%; height: auto;\" srcset=\"https:\/\/aureskoski.fi\/wp-content\/uploads\/2022\/06\/Metsakuva-1.jpg 200w, https:\/\/aureskoski.fi\/wp-content\/uploads\/2022\/06\/Metsakuva-1-171x300.jpg 171w\" sizes=\"auto, (max-width: 200px) 100vw, 200px\" \/><\/div><\/div><div id=\"pgc-8488-2-3\"  class=\"panel-grid-cell panel-grid-cell-empty\" ><\/div><\/div><div id=\"pg-8488-3\"  class=\"panel-grid panel-no-style\" ><div id=\"pgc-8488-3-0\"  class=\"panel-grid-cell panel-grid-cell-empty\" ><\/div><div id=\"pgc-8488-3-1\"  class=\"panel-grid-cell panel-grid-cell-empty\" ><\/div><div id=\"pgc-8488-3-2\"  class=\"panel-grid-cell panel-grid-cell-mobile-last\" ><div id=\"panel-8488-3-2-0\" class=\"so-panel widget widget_text panel-first-child panel-last-child\" data-index=\"3\" ><h3 class=\"widget-title\">History<\/h3>\t\t\t<div class=\"textwidget\"><\/div>\n\t\t<\/div><\/div><div id=\"pgc-8488-3-3\"  class=\"panel-grid-cell panel-grid-cell-empty\" ><\/div><\/div><div id=\"pg-8488-4\"  class=\"panel-grid panel-no-style\" ><div id=\"pgc-8488-4-0\"  class=\"panel-grid-cell panel-grid-cell-empty\" ><\/div><div id=\"pgc-8488-4-1\"  class=\"panel-grid-cell\" ><div id=\"panel-8488-4-1-0\" class=\"so-panel widget widget_media_image panel-first-child panel-last-child\" data-index=\"4\" ><img loading=\"lazy\" decoding=\"async\" width=\"1200\" height=\"1600\" src=\"https:\/\/aureskoski.fi\/wp-content\/uploads\/2022\/06\/koski_1.1.jpg\" class=\"image wp-image-8422  attachment-full size-full\" alt=\"\" style=\"max-width: 100%; height: auto;\" srcset=\"https:\/\/aureskoski.fi\/wp-content\/uploads\/2022\/06\/koski_1.1.jpg 1200w, https:\/\/aureskoski.fi\/wp-content\/uploads\/2022\/06\/koski_1.1-225x300.jpg 225w, https:\/\/aureskoski.fi\/wp-content\/uploads\/2022\/06\/koski_1.1-768x1024.jpg 768w, https:\/\/aureskoski.fi\/wp-content\/uploads\/2022\/06\/koski_1.1-1152x1536.jpg 1152w, https:\/\/aureskoski.fi\/wp-content\/uploads\/2022\/06\/koski_1.1-416x555.jpg 416w\" sizes=\"auto, (max-width: 1200px) 100vw, 1200px\" \/><\/div><\/div><div id=\"pgc-8488-4-2\"  class=\"panel-grid-cell panel-grid-cell-mobile-last\" ><div id=\"panel-8488-4-2-0\" class=\"so-panel widget widget_text panel-first-child panel-last-child\" data-index=\"5\" >\t\t\t<div class=\"textwidget\"><p>Aureskoski has long traditions in wood processing.In 1864 the first sawmill started the production. It was run by water power and based on the statistic in 1869 the production was 629 logs.In 1949 Kaskisten Puutavara Ltd bought the sawmill. This company was a marketing organisation of 40 different sawmills. The sawmill was modernized and the production crew up.<\/p>\n<\/div>\n\t\t<\/div><\/div><div id=\"pgc-8488-4-3\"  class=\"panel-grid-cell panel-grid-cell-empty\" ><\/div><\/div><div id=\"pg-8488-5\"  class=\"panel-grid panel-no-style\" ><div id=\"pgc-8488-5-0\"  class=\"panel-grid-cell panel-grid-cell-empty\" ><\/div><div id=\"pgc-8488-5-1\"  class=\"panel-grid-cell\" ><div id=\"panel-8488-5-1-0\" class=\"so-panel widget widget_text panel-first-child panel-last-child\" data-index=\"6\" >\t\t\t<div class=\"textwidget\"><p>In 1954 it was already at the level of 57000 m3 timber a year. The first drying kiln was built in 1970. In the years from 1974 to 1977 the production capacity at the sawmill as well at the planing mill were increased. But in 1981 the sawmill was burnt down. The planning of a new sawmill started soonest and already in 1983 the mill was running again. Now the production was at the level of 90 000m3 timber a year. In the years 1988 to 1990 there were big investmenst in the further processed lines. Now it was possible to process up to 60 % of the produced timber in the own lines.<\/p>\n<\/div>\n\t\t<\/div><\/div><div id=\"pgc-8488-5-2\"  class=\"panel-grid-cell panel-grid-cell-mobile-last\" ><div id=\"panel-8488-5-2-0\" class=\"so-panel widget widget_media_image panel-first-child\" data-index=\"7\" ><img loading=\"lazy\" decoding=\"async\" width=\"1024\" height=\"768\" src=\"https:\/\/aureskoski.fi\/wp-content\/uploads\/2022\/06\/laituri_1.4-1024x768.jpg\" class=\"image wp-image-8431  attachment-large size-large\" alt=\"\" style=\"max-width: 100%; height: auto;\" srcset=\"https:\/\/aureskoski.fi\/wp-content\/uploads\/2022\/06\/laituri_1.4-1024x768.jpg 1024w, https:\/\/aureskoski.fi\/wp-content\/uploads\/2022\/06\/laituri_1.4-300x225.jpg 300w, https:\/\/aureskoski.fi\/wp-content\/uploads\/2022\/06\/laituri_1.4-100x75.jpg 100w, https:\/\/aureskoski.fi\/wp-content\/uploads\/2022\/06\/laituri_1.4-768x576.jpg 768w, https:\/\/aureskoski.fi\/wp-content\/uploads\/2022\/06\/laituri_1.4-1536x1152.jpg 1536w, https:\/\/aureskoski.fi\/wp-content\/uploads\/2022\/06\/laituri_1.4-555x416.jpg 555w, https:\/\/aureskoski.fi\/wp-content\/uploads\/2022\/06\/laituri_1.4.jpg 1600w\" sizes=\"auto, (max-width: 1024px) 100vw, 1024px\" \/><\/div><div id=\"panel-8488-5-2-1\" class=\"so-panel widget widget_media_image panel-last-child\" data-index=\"8\" ><img loading=\"lazy\" decoding=\"async\" width=\"1024\" height=\"683\" src=\"https:\/\/aureskoski.fi\/wp-content\/uploads\/2017\/09\/Aureskosken-jalostetehdas-1024x683.jpg\" class=\"image wp-image-2416  attachment-large size-large\" alt=\"\" style=\"max-width: 100%; height: auto;\" srcset=\"https:\/\/aureskoski.fi\/wp-content\/uploads\/2017\/09\/Aureskosken-jalostetehdas-1024x683.jpg 1024w, https:\/\/aureskoski.fi\/wp-content\/uploads\/2017\/09\/Aureskosken-jalostetehdas-300x200.jpg 300w, https:\/\/aureskoski.fi\/wp-content\/uploads\/2017\/09\/Aureskosken-jalostetehdas-768x512.jpg 768w, https:\/\/aureskoski.fi\/wp-content\/uploads\/2017\/09\/Aureskosken-jalostetehdas-360x240.jpg 360w, https:\/\/aureskoski.fi\/wp-content\/uploads\/2017\/09\/Aureskosken-jalostetehdas-555x370.jpg 555w, https:\/\/aureskoski.fi\/wp-content\/uploads\/2017\/09\/Aureskosken-jalostetehdas-272x182.jpg 272w\" sizes=\"auto, (max-width: 1024px) 100vw, 1024px\" \/><\/div><\/div><div id=\"pgc-8488-5-3\"  class=\"panel-grid-cell panel-grid-cell-empty\" ><\/div><\/div><div id=\"pg-8488-6\"  class=\"panel-grid panel-no-style\" ><div id=\"pgc-8488-6-0\"  class=\"panel-grid-cell panel-grid-cell-empty\" ><\/div><div id=\"pgc-8488-6-1\"  class=\"panel-grid-cell\" ><div id=\"panel-8488-6-1-0\" class=\"so-panel widget widget_media_image panel-first-child\" data-index=\"9\" ><img loading=\"lazy\" decoding=\"async\" width=\"1024\" height=\"309\" src=\"https:\/\/aureskoski.fi\/wp-content\/uploads\/2014\/10\/slider_0000_Aureskoski_tehdas01-1024x309.jpg\" class=\"image wp-image-663  attachment-large size-large\" alt=\"\" style=\"max-width: 100%; height: auto;\" srcset=\"https:\/\/aureskoski.fi\/wp-content\/uploads\/2014\/10\/slider_0000_Aureskoski_tehdas01-1024x309.jpg 1024w, https:\/\/aureskoski.fi\/wp-content\/uploads\/2014\/10\/slider_0000_Aureskoski_tehdas01-300x91.jpg 300w, https:\/\/aureskoski.fi\/wp-content\/uploads\/2014\/10\/slider_0000_Aureskoski_tehdas01.jpg 1920w, https:\/\/aureskoski.fi\/wp-content\/uploads\/2014\/10\/slider_0000_Aureskoski_tehdas01-960x290.jpg 960w, https:\/\/aureskoski.fi\/wp-content\/uploads\/2014\/10\/slider_0000_Aureskoski_tehdas01-480x145.jpg 480w, https:\/\/aureskoski.fi\/wp-content\/uploads\/2014\/10\/slider_0000_Aureskoski_tehdas01-555x168.jpg 555w\" sizes=\"auto, (max-width: 1024px) 100vw, 1024px\" \/><\/div><div id=\"panel-8488-6-1-1\" class=\"so-panel widget widget_media_image\" data-index=\"10\" ><img loading=\"lazy\" decoding=\"async\" width=\"580\" height=\"326\" src=\"https:\/\/aureskoski.fi\/wp-content\/uploads\/2014\/10\/parkano_jalostetehdas_aureskoski_h\u00f6yl\u00e4\u00e4m\u00f61.jpg\" class=\"image wp-image-514  attachment-full size-full\" alt=\"\" style=\"max-width: 100%; height: auto;\" srcset=\"https:\/\/aureskoski.fi\/wp-content\/uploads\/2014\/10\/parkano_jalostetehdas_aureskoski_h\u00f6yl\u00e4\u00e4m\u00f61.jpg 580w, https:\/\/aureskoski.fi\/wp-content\/uploads\/2014\/10\/parkano_jalostetehdas_aureskoski_h\u00f6yl\u00e4\u00e4m\u00f61-300x168.jpg 300w, https:\/\/aureskoski.fi\/wp-content\/uploads\/2014\/10\/parkano_jalostetehdas_aureskoski_h\u00f6yl\u00e4\u00e4m\u00f61-555x311.jpg 555w\" sizes=\"auto, (max-width: 580px) 100vw, 580px\" \/><\/div><div id=\"panel-8488-6-1-2\" class=\"so-panel widget widget_media_image panel-last-child\" data-index=\"11\" ><img loading=\"lazy\" decoding=\"async\" width=\"555\" height=\"320\" src=\"https:\/\/aureskoski.fi\/wp-content\/uploads\/2014\/10\/saha.jpg\" class=\"image wp-image-667  attachment-full size-full\" alt=\"\" style=\"max-width: 100%; height: auto;\" srcset=\"https:\/\/aureskoski.fi\/wp-content\/uploads\/2014\/10\/saha.jpg 555w, https:\/\/aureskoski.fi\/wp-content\/uploads\/2014\/10\/saha-300x173.jpg 300w\" sizes=\"auto, (max-width: 555px) 100vw, 555px\" \/><\/div><\/div><div id=\"pgc-8488-6-2\"  class=\"panel-grid-cell panel-grid-cell-mobile-last\" ><div id=\"panel-8488-6-2-0\" class=\"so-panel widget widget_text panel-first-child panel-last-child\" data-index=\"12\" >\t\t\t<div class=\"textwidget\"><p>In 1994 again a change in the ownership. Swedish company, Fagerlid Industrier Ab, bought Aureskoski Ltd. But Fagerlied went bankrupt in 2000 and UPM-Kymmene Ltd bought the mills. <\/p>\n<\/div>\n\t\t<\/div><\/div><div id=\"pgc-8488-6-3\"  class=\"panel-grid-cell panel-grid-cell-empty\" ><\/div><\/div><div id=\"pg-8488-7\"  class=\"panel-grid panel-no-style\" ><div id=\"pgc-8488-7-0\"  class=\"panel-grid-cell panel-grid-cell-empty\" ><\/div><div id=\"pgc-8488-7-1\"  class=\"panel-grid-cell\" ><div id=\"panel-8488-7-1-0\" class=\"so-panel widget widget_text panel-first-child panel-last-child\" data-index=\"13\" >\t\t\t<div class=\"textwidget\"><p>In 2004 the sawmill stopped production, but there were investments in the further processed lines. Like in a very effective painting line. Later UPM changed their strategy and End December 2012 Aureskoski mill was closed down.<\/p>\n<\/div>\n\t\t<\/div><\/div><div id=\"pgc-8488-7-2\"  class=\"panel-grid-cell panel-grid-cell-mobile-last\" ><div id=\"panel-8488-7-2-0\" class=\"so-panel widget widget_media_image panel-first-child panel-last-child\" data-index=\"14\" ><img loading=\"lazy\" decoding=\"async\" width=\"1024\" height=\"726\" src=\"https:\/\/aureskoski.fi\/wp-content\/uploads\/2019\/11\/iglu3-1024x726.jpg\" class=\"image wp-image-4395  attachment-large size-large\" alt=\"\" style=\"max-width: 100%; height: auto;\" srcset=\"https:\/\/aureskoski.fi\/wp-content\/uploads\/2019\/11\/iglu3.jpg 1024w, https:\/\/aureskoski.fi\/wp-content\/uploads\/2019\/11\/iglu3-300x213.jpg 300w, https:\/\/aureskoski.fi\/wp-content\/uploads\/2019\/11\/iglu3-768x545.jpg 768w, https:\/\/aureskoski.fi\/wp-content\/uploads\/2019\/11\/iglu3-555x393.jpg 555w\" sizes=\"auto, (max-width: 1024px) 100vw, 1024px\" \/><\/div><\/div><div id=\"pgc-8488-7-3\"  class=\"panel-grid-cell panel-grid-cell-empty\" ><\/div><\/div><div id=\"pg-8488-8\"  class=\"panel-grid panel-no-style\" ><div id=\"pgc-8488-8-0\"  class=\"panel-grid-cell panel-grid-cell-empty\" ><\/div><div id=\"pgc-8488-8-1\"  class=\"panel-grid-cell panel-grid-cell-empty\" ><\/div><div id=\"pgc-8488-8-2\"  class=\"panel-grid-cell panel-grid-cell-mobile-last\" ><div id=\"panel-8488-8-2-0\" class=\"so-panel widget widget_text panel-first-child panel-last-child\" data-index=\"15\" ><h3 class=\"widget-title\">2013<\/h3>\t\t\t<div class=\"textwidget\"><\/div>\n\t\t<\/div><\/div><div id=\"pgc-8488-8-3\"  class=\"panel-grid-cell panel-grid-cell-empty\" ><\/div><\/div><div id=\"pg-8488-9\"  class=\"panel-grid panel-no-style\" ><div id=\"pgc-8488-9-0\"  class=\"panel-grid-cell panel-grid-cell-empty\" ><\/div><div id=\"pgc-8488-9-1\"  class=\"panel-grid-cell\" ><div id=\"panel-8488-9-1-0\" class=\"so-panel widget widget_media_image panel-first-child panel-last-child\" data-index=\"16\" ><img loading=\"lazy\" decoding=\"async\" width=\"1024\" height=\"144\" src=\"https:\/\/aureskoski.fi\/wp-content\/uploads\/2022\/06\/Tammisto-yhtiot-1024x144.jpg\" class=\"image wp-image-8464  attachment-large size-large\" alt=\"\" style=\"max-width: 100%; height: auto;\" srcset=\"https:\/\/aureskoski.fi\/wp-content\/uploads\/2022\/06\/Tammisto-yhtiot-1024x144.jpg 1024w, https:\/\/aureskoski.fi\/wp-content\/uploads\/2022\/06\/Tammisto-yhtiot-300x42.jpg 300w, https:\/\/aureskoski.fi\/wp-content\/uploads\/2022\/06\/Tammisto-yhtiot-768x108.jpg 768w, https:\/\/aureskoski.fi\/wp-content\/uploads\/2022\/06\/Tammisto-yhtiot-555x78.jpg 555w, https:\/\/aureskoski.fi\/wp-content\/uploads\/2022\/06\/Tammisto-yhtiot.jpg 1456w\" sizes=\"auto, (max-width: 1024px) 100vw, 1024px\" \/><\/div><\/div><div id=\"pgc-8488-9-2\"  class=\"panel-grid-cell panel-grid-cell-mobile-last\" ><div id=\"panel-8488-9-2-0\" class=\"so-panel widget widget_text panel-first-child panel-last-child\" data-index=\"17\" >\t\t\t<div class=\"textwidget\"><p>April 10th 2013 Tammiwood Ltd bought the production units of Aureskoski and the production started again August 5th 2013.<\/p>\n<p>There has been investments in the production lines, so that we can offer goods for all kind of customers; from basic products into high quality customized products. The production capacity is about 120 000 m3 timber a year. About 50 % of the production is exported, the main markets are Japan, Germany, France and UK.<\/p>\n<\/div>\n\t\t<\/div><\/div><div id=\"pgc-8488-9-3\"  class=\"panel-grid-cell panel-grid-cell-empty\" ><\/div><\/div><\/div>","protected":false},"excerpt":{"rendered":"<p>Aureskoski is part of the Tammisto Group.Tammisto&#8217;s roots and values are related to Finnish forests and wood. Aureskoski Processing Company Ltd started the Aureskoski mills in autumn 2013.The Aureskoski refinery has five planing lines, a finger extension line, a cabinet line (cutting) and two surface treatment lines. In addition, we have a strip mill and &hellip;<\/p>\n","protected":false},"author":10,"featured_media":0,"parent":0,"menu_order":0,"comment_status":"closed","ping_status":"closed","template":"","meta":{"_acf_changed":false,"_exactmetrics_skip_tracking":false,"_exactmetrics_sitenote_active":false,"_exactmetrics_sitenote_note":"","_exactmetrics_sitenote_category":0,"footnotes":""},"class_list":["post-8488","page","type-page","status-publish","hentry"],"acf":[],"_links":{"self":[{"href":"https:\/\/aureskoski.fi\/en\/wp-json\/wp\/v2\/pages\/8488","targetHints":{"allow":["GET"]}}],"collection":[{"href":"https:\/\/aureskoski.fi\/en\/wp-json\/wp\/v2\/pages"}],"about":[{"href":"https:\/\/aureskoski.fi\/en\/wp-json\/wp\/v2\/types\/page"}],"author":[{"embeddable":true,"href":"https:\/\/aureskoski.fi\/en\/wp-json\/wp\/v2\/users\/10"}],"replies":[{"embeddable":true,"href":"https:\/\/aureskoski.fi\/en\/wp-json\/wp\/v2\/comments?post=8488"}],"version-history":[{"count":3,"href":"https:\/\/aureskoski.fi\/en\/wp-json\/wp\/v2\/pages\/8488\/revisions"}],"predecessor-version":[{"id":8491,"href":"https:\/\/aureskoski.fi\/en\/wp-json\/wp\/v2\/pages\/8488\/revisions\/8491"}],"wp:attachment":[{"href":"https:\/\/aureskoski.fi\/en\/wp-json\/wp\/v2\/media?parent=8488"}],"curies":[{"name":"wp","href":"https:\/\/api.w.org\/{rel}","templated":true}]}}