{"id":9791,"date":"2022-12-13T13:31:10","date_gmt":"2022-12-13T11:31:10","guid":{"rendered":"https:\/\/aureskoski.fi\/contact\/"},"modified":"2025-05-27T08:43:36","modified_gmt":"2025-05-27T05:43:36","slug":"contact","status":"publish","type":"page","link":"https:\/\/aureskoski.fi\/en\/contact\/","title":{"rendered":"Contact"},"content":{"rendered":"<div id=\"pl-9791\"  class=\"panel-layout\" ><div id=\"pg-9791-0\"  class=\"panel-grid panel-has-style\" ><div class=\"siteorigin-panels-stretch panel-row-style panel-row-style-for-9791-0\" data-stretch-type=\"full\" ><div id=\"pgc-9791-0-0\"  class=\"panel-grid-cell\" ><div id=\"panel-9791-0-0-0\" class=\"so-panel widget widget_sow-editor panel-first-child\" data-index=\"0\" ><div\n\t\t\t\n\t\t\tclass=\"so-widget-sow-editor so-widget-sow-editor-base\"\n\t\t\t\n\t\t>\n<div class=\"siteorigin-widget-tinymce textwidget\">\n\t<\/div>\n<\/div><\/div><div id=\"panel-9791-0-0-1\" class=\"so-panel widget widget_sow-editor panel-last-child\" data-index=\"1\" ><div class=\"panel-widget-style panel-widget-style-for-9791-0-0-1\" ><div\n\t\t\t\n\t\t\tclass=\"so-widget-sow-editor so-widget-sow-editor-base\"\n\t\t\t\n\t\t>\n<div class=\"siteorigin-widget-tinymce textwidget\">\n\t<p><span style=\"color: #000000;\">\u00a0<\/span><\/p>\n<h3 style=\"text-align: center;\"><span style=\"color: #ffffff;\">Aureskosken Jalostetehdas Oy<\/span><\/h3>\n<p>&nbsp;<\/p>\n<h4><\/h4>\n<h4 style=\"text-align: center;\"><span style=\"color: #ffffff;\">Aurej\u00e4rventie 70<\/span><\/h4>\n<h4 style=\"text-align: center;\"><span style=\"color: #ffffff;\">39770 AURESKOSKI<\/span><\/h4>\n<p>&nbsp;<\/p>\n<p>&nbsp;<\/p>\n<h4 style=\"text-align: center;\"><span style=\"color: #ffffff;\">+358 500 590615<\/span><\/h4>\n<h4 style=\"text-align: center;\"><span style=\"color: #ffffff;\">eero.kettunen@aureskoski.fi<\/span><\/h4>\n<h4><\/h4>\n<p>&nbsp;<\/p>\n<p>&nbsp;<\/p>\n<h4 style=\"text-align: center;\"><span style=\"color: #ffffff;\">Laskutustiedot<\/span><\/h4>\n<p style=\"text-align: center;\"><span style=\"color: #ffffff;\"><strong><a style=\"color: #ffffff;\" href=\"https:\/\/aureskoski.fi\/wp-content\/uploads\/2020\/08\/Aureskoski_laskutusohje2020.pdf\">Aureskosken Jalostetehdas Oy - laskutusohje<\/a><\/strong><\/span><\/p>\n<p><span style=\"color: #ffffff;\">\u00a0<\/span><br \/>\n<span style=\"color: #000000;\">\u00a0<\/span><br \/>\n<span style=\"color: #000000;\">\u00a0<\/span><br \/>\n<span style=\"color: #000000;\">\u00a0<\/span><br \/>\n<span style=\"color: #000000;\">\u00a0<\/span><br \/>\n<span style=\"color: #000000;\">\u00a0<\/span><br \/>\n<span style=\"color: #000000;\">\u00a0<\/span><br \/>\n<span style=\"color: #000000;\">\u00a0<\/span><br \/>\n<span style=\"color: #000000;\"><br \/>\n<\/span><\/p>\n<\/div>\n<\/div><\/div><\/div><\/div><div id=\"pgc-9791-0-1\"  class=\"panel-grid-cell\" ><div id=\"panel-9791-0-1-0\" class=\"so-panel widget widget_sow-editor panel-first-child\" data-index=\"2\" ><div\n\t\t\t\n\t\t\tclass=\"so-widget-sow-editor so-widget-sow-editor-base\"\n\t\t\t\n\t\t>\n<div class=\"siteorigin-widget-tinymce textwidget\">\n\t<\/div>\n<\/div><\/div><div id=\"panel-9791-0-1-1\" class=\"so-panel widget widget_black-studio-tinymce widget_black_studio_tinymce panel-last-child\" data-index=\"3\" ><h3 class=\"widget-title\">Contact Us<\/h3><div class=\"textwidget\"><p>\n<div class=\"wpcf7 no-js\" id=\"wpcf7-f3606-o1\" lang=\"fi\" dir=\"ltr\" data-wpcf7-id=\"3606\">\n<div class=\"screen-reader-response\"><p role=\"status\" aria-live=\"polite\" aria-atomic=\"true\"><\/p> <ul><\/ul><\/div>\n<form action=\"\/en\/wp-json\/wp\/v2\/pages\/9791#wpcf7-f3606-o1\" method=\"post\" class=\"wpcf7-form init\" aria-label=\"Yhteydenottolomake\" novalidate=\"novalidate\" data-status=\"init\">\n<fieldset class=\"hidden-fields-container\"><input type=\"hidden\" name=\"_wpcf7\" value=\"3606\" \/><input type=\"hidden\" name=\"_wpcf7_version\" value=\"6.1.5\" \/><input type=\"hidden\" name=\"_wpcf7_locale\" value=\"fi\" \/><input type=\"hidden\" name=\"_wpcf7_unit_tag\" value=\"wpcf7-f3606-o1\" \/><input type=\"hidden\" name=\"_wpcf7_container_post\" value=\"0\" \/><input type=\"hidden\" name=\"_wpcf7_posted_data_hash\" value=\"\" \/><input type=\"hidden\" name=\"_wpcf7_recaptcha_response\" value=\"\" \/>\n<\/fieldset>\n<div class=\"row\">\n\t<div class=\"col-xs-12  col-sm-4\">\n\t\t<p><span class=\"wpcf7-form-control-wrap\" data-name=\"your-name\"><input size=\"40\" maxlength=\"400\" class=\"wpcf7-form-control wpcf7-text wpcf7-validates-as-required\" aria-required=\"true\" aria-invalid=\"false\" placeholder=\"Your Name\" value=\"\" type=\"text\" name=\"your-name\" \/><\/span><br \/>\n<span class=\"wpcf7-form-control-wrap\" data-name=\"your-email\"><input size=\"40\" maxlength=\"400\" class=\"wpcf7-form-control wpcf7-email wpcf7-validates-as-required wpcf7-text wpcf7-validates-as-email\" aria-required=\"true\" aria-invalid=\"false\" placeholder=\"E-mail address\" value=\"\" type=\"email\" name=\"your-email\" \/><\/span><br \/>\n<span class=\"wpcf7-form-control-wrap\" data-name=\"your-subject\"><input size=\"40\" maxlength=\"400\" class=\"wpcf7-form-control wpcf7-text\" aria-invalid=\"false\" placeholder=\"Subject\" value=\"\" type=\"text\" name=\"your-subject\" \/><\/span>\n\t\t<\/p>\n\t<\/div>\n\t<div class=\"col-xs-12  col-sm-8\">\n\t\t<p><span class=\"wpcf7-form-control-wrap\" data-name=\"your-message\"><textarea cols=\"40\" rows=\"10\" maxlength=\"2000\" class=\"wpcf7-form-control wpcf7-textarea\" aria-invalid=\"false\" placeholder=\"Message\" name=\"your-message\"><\/textarea><\/span><br \/>\n<input class=\"wpcf7-form-control wpcf7-submit has-spinner btn btn-primary\" type=\"submit\" value=\"Send\" \/>\n\t\t<\/p>\n\t<\/div>\n<\/div><div class=\"wpcf7-response-output\" aria-hidden=\"true\"><\/div>\n<\/form>\n<\/div>\n<\/p>\n<\/div><\/div><\/div><\/div><\/div><div id=\"pg-9791-1\"  class=\"panel-grid panel-no-style\" ><div id=\"pgc-9791-1-0\"  class=\"panel-grid-cell\" ><div id=\"panel-9791-1-0-0\" class=\"so-panel widget widget_sow-editor panel-first-child\" data-index=\"4\" ><div\n\t\t\t\n\t\t\tclass=\"so-widget-sow-editor so-widget-sow-editor-base\"\n\t\t\t\n\t\t>\n<div class=\"siteorigin-widget-tinymce textwidget\">\n\t<\/div>\n<\/div><\/div><div id=\"panel-9791-1-0-1\" class=\"so-panel widget widget_sow-editor panel-last-child\" data-index=\"5\" ><div\n\t\t\t\n\t\t\tclass=\"so-widget-sow-editor so-widget-sow-editor-base\"\n\t\t\t\n\t\t>\n<div class=\"siteorigin-widget-tinymce textwidget\">\n\t<h3>Sales, export<\/h3>\n<\/div>\n<\/div><\/div><\/div><\/div><div id=\"pg-9791-2\"  class=\"panel-grid panel-no-style\" ><div id=\"pgc-9791-2-0\"  class=\"panel-grid-cell\" ><div id=\"panel-9791-2-0-0\" class=\"so-panel widget widget_sow-editor panel-first-child panel-last-child\" data-index=\"6\" ><div class=\"panel-widget-style panel-widget-style-for-9791-2-0-0\" ><div\n\t\t\t\n\t\t\tclass=\"so-widget-sow-editor so-widget-sow-editor-base\"\n\t\t\t\n\t\t>\n<div class=\"siteorigin-widget-tinymce textwidget\">\n\t<p>&nbsp;<\/p>\n<p>&nbsp;<\/p>\n<h5 style=\"padding-left: 40px;\"><strong>Eero Kettunen<\/strong><\/h5>\n<p style=\"padding-left: 40px;\">Puh. 0500 590 615<br \/>\netunimi.sukunimi@aureskoski.fi<\/p>\n<p>&nbsp;<\/p>\n<p>&nbsp;<\/p>\n<\/div>\n<\/div><\/div><\/div><\/div><div id=\"pgc-9791-2-1\"  class=\"panel-grid-cell panel-grid-cell-empty\" ><\/div><div id=\"pgc-9791-2-2\"  class=\"panel-grid-cell panel-grid-cell-empty panel-grid-cell-mobile-last\" ><\/div><div id=\"pgc-9791-2-3\"  class=\"panel-grid-cell panel-grid-cell-empty\" ><\/div><\/div><div id=\"pg-9791-3\"  class=\"panel-grid panel-no-style\" ><div id=\"pgc-9791-3-0\"  class=\"panel-grid-cell\" ><div id=\"panel-9791-3-0-0\" class=\"so-panel widget widget_sow-editor panel-first-child panel-last-child\" data-index=\"7\" ><div\n\t\t\t\n\t\t\tclass=\"so-widget-sow-editor so-widget-sow-editor-base\"\n\t\t\t\n\t\t>\n<div class=\"siteorigin-widget-tinymce textwidget\">\n\t<h3>Aureskosken Jalostetehdas Oy<\/h3>\n<\/div>\n<\/div><\/div><\/div><\/div><div id=\"pg-9791-4\"  class=\"panel-grid panel-no-style\" ><div id=\"pgc-9791-4-0\"  class=\"panel-grid-cell\" ><div id=\"panel-9791-4-0-0\" class=\"so-panel widget widget_sow-editor panel-first-child panel-last-child\" data-index=\"8\" ><div class=\"panel-widget-style panel-widget-style-for-9791-4-0-0\" ><div\n\t\t\t\n\t\t\tclass=\"so-widget-sow-editor so-widget-sow-editor-base\"\n\t\t\t\n\t\t>\n<div class=\"siteorigin-widget-tinymce textwidget\">\n\t<p>&nbsp;<\/p>\n<p>&nbsp;<\/p>\n<h5 style=\"padding-left: 40px;\"><strong>Markku Heinonen<\/strong><\/h5>\n<p style=\"padding-left: 40px;\"><strong>CEO<\/strong><br \/>\nPuh. 0400 832 949<br \/>\netunimi.sukunimi@tammisto.fi<\/p>\n<p>&nbsp;<\/p>\n<p>&nbsp;<\/p>\n<\/div>\n<\/div><\/div><\/div><\/div><div id=\"pgc-9791-4-1\"  class=\"panel-grid-cell\" ><div id=\"panel-9791-4-1-0\" class=\"so-panel widget widget_sow-editor panel-first-child panel-last-child\" data-index=\"9\" ><div class=\"panel-widget-style panel-widget-style-for-9791-4-1-0\" ><div\n\t\t\t\n\t\t\tclass=\"so-widget-sow-editor so-widget-sow-editor-base\"\n\t\t\t\n\t\t>\n<div class=\"siteorigin-widget-tinymce textwidget\">\n\t<p>&nbsp;<\/p>\n<p>&nbsp;<\/p>\n<h5 style=\"padding-left: 40px;\"><strong>Juha Koksalo<br \/>\n<\/strong><\/h5>\n<p style=\"padding-left: 40px;\"><strong>Director of sales<\/strong><br \/>\nPuh. 040 729 3448<br \/>\netunimi.sukunimi@aureskoski.fi<\/p>\n<p>&nbsp;<\/p>\n<p>&nbsp;<\/p>\n<\/div>\n<\/div><\/div><\/div><\/div><div id=\"pgc-9791-4-2\"  class=\"panel-grid-cell panel-grid-cell-empty panel-grid-cell-mobile-last\" ><\/div><div id=\"pgc-9791-4-3\"  class=\"panel-grid-cell panel-grid-cell-empty\" ><\/div><\/div><div id=\"pg-9791-5\"  class=\"panel-grid panel-no-style\" ><div id=\"pgc-9791-5-0\"  class=\"panel-grid-cell\" ><div id=\"panel-9791-5-0-0\" class=\"so-panel widget widget_sow-editor panel-first-child panel-last-child\" data-index=\"10\" ><div\n\t\t\t\n\t\t\tclass=\"so-widget-sow-editor so-widget-sow-editor-base\"\n\t\t\t\n\t\t>\n<div class=\"siteorigin-widget-tinymce textwidget\">\n\t<h3>Toimipaikat Tammisto-Yhti\u00f6t<\/h3>\n<\/div>\n<\/div><\/div><\/div><\/div><div id=\"pg-9791-6\"  class=\"panel-grid panel-no-style\" ><div id=\"pgc-9791-6-0\"  class=\"panel-grid-cell\" ><div id=\"panel-9791-6-0-0\" class=\"so-panel widget widget_sow-editor panel-first-child\" data-index=\"11\" ><div class=\"panel-widget-style panel-widget-style-for-9791-6-0-0\" ><div\n\t\t\t\n\t\t\tclass=\"so-widget-sow-editor so-widget-sow-editor-base\"\n\t\t\t\n\t\t>\n<div class=\"siteorigin-widget-tinymce textwidget\">\n\t<p style=\"text-align: center;\"><a href=\"https:\/\/aureskoski.fi\/wp-content\/uploads\/2023\/09\/Aureskoski.jpg\"><img loading=\"lazy\" decoding=\"async\" class=\"alignnone wp-image-10338 size-medium\" src=\"https:\/\/aureskoski.fi\/wp-content\/uploads\/2023\/09\/Aureskoski-300x200.jpg\" alt=\"\" width=\"300\" height=\"200\" srcset=\"https:\/\/aureskoski.fi\/wp-content\/uploads\/2023\/09\/Aureskoski-300x200.jpg 300w, https:\/\/aureskoski.fi\/wp-content\/uploads\/2023\/09\/Aureskoski-768x512.jpg 768w, https:\/\/aureskoski.fi\/wp-content\/uploads\/2023\/09\/Aureskoski-360x240.jpg 360w, https:\/\/aureskoski.fi\/wp-content\/uploads\/2023\/09\/Aureskoski-555x370.jpg 555w, https:\/\/aureskoski.fi\/wp-content\/uploads\/2023\/09\/Aureskoski-272x182.jpg 272w, https:\/\/aureskoski.fi\/wp-content\/uploads\/2023\/09\/Aureskoski-720x480.jpg 720w, https:\/\/aureskoski.fi\/wp-content\/uploads\/2023\/09\/Aureskoski-950x630.jpg 950w, https:\/\/aureskoski.fi\/wp-content\/uploads\/2023\/09\/Aureskoski.jpg 1024w\" sizes=\"auto, (max-width: 300px) 100vw, 300px\" \/><\/a><\/p>\n<h2 style=\"text-align: center;\"><strong>Aureskoski<\/strong><\/h2>\n<p>&nbsp;<\/p>\n<h4 style=\"text-align: center;\">Jalostetehdas<\/h4>\n<p style=\"text-align: center;\">Aurej\u00e4rventie 70<\/p>\n<p style=\"text-align: center;\">39770 AURESKOSKI<\/p>\n<p>&nbsp;<\/p>\n<p>&nbsp;<\/p>\n<\/div>\n<\/div><\/div><\/div><div id=\"panel-9791-6-0-1\" class=\"so-panel widget widget_sow-editor panel-last-child\" data-index=\"12\" ><div class=\"panel-widget-style panel-widget-style-for-9791-6-0-1\" ><div\n\t\t\t\n\t\t\tclass=\"so-widget-sow-editor so-widget-sow-editor-base\"\n\t\t\t\n\t\t>\n<div class=\"siteorigin-widget-tinymce textwidget\">\n\t<p><a href=\"https:\/\/aureskoski.fi\/wp-content\/uploads\/2023\/09\/Keuruu.jpg\"><img loading=\"lazy\" decoding=\"async\" class=\"alignnone wp-image-10350 size-medium\" src=\"https:\/\/aureskoski.fi\/wp-content\/uploads\/2023\/09\/Keuruu-300x200.jpg\" alt=\"\" width=\"300\" height=\"200\" srcset=\"https:\/\/aureskoski.fi\/wp-content\/uploads\/2023\/09\/Keuruu-300x200.jpg 300w, https:\/\/aureskoski.fi\/wp-content\/uploads\/2023\/09\/Keuruu-768x512.jpg 768w, https:\/\/aureskoski.fi\/wp-content\/uploads\/2023\/09\/Keuruu-360x240.jpg 360w, https:\/\/aureskoski.fi\/wp-content\/uploads\/2023\/09\/Keuruu-555x370.jpg 555w, https:\/\/aureskoski.fi\/wp-content\/uploads\/2023\/09\/Keuruu-272x182.jpg 272w, https:\/\/aureskoski.fi\/wp-content\/uploads\/2023\/09\/Keuruu-720x480.jpg 720w, https:\/\/aureskoski.fi\/wp-content\/uploads\/2023\/09\/Keuruu-950x630.jpg 950w, https:\/\/aureskoski.fi\/wp-content\/uploads\/2023\/09\/Keuruu.jpg 1024w\" sizes=\"auto, (max-width: 300px) 100vw, 300px\" \/><\/a><\/p>\n<h2 style=\"text-align: center;\"><strong>Keuruu<\/strong><\/h2>\n<p>&nbsp;<\/p>\n<h4 style=\"text-align: center;\"><\/h4>\n<p style=\"text-align: center;\">M\u00e4ntym\u00e4entie 9<\/p>\n<p style=\"text-align: center;\">42700 KEURUU<\/p>\n<p>&nbsp;<\/p>\n<p>&nbsp;<\/p>\n<p>&nbsp;<\/p>\n<\/div>\n<\/div><\/div><\/div><\/div><div id=\"pgc-9791-6-1\"  class=\"panel-grid-cell\" ><div id=\"panel-9791-6-1-0\" class=\"so-panel widget widget_sow-editor panel-first-child\" data-index=\"13\" ><div class=\"panel-widget-style panel-widget-style-for-9791-6-1-0\" ><div\n\t\t\t\n\t\t\tclass=\"so-widget-sow-editor so-widget-sow-editor-base\"\n\t\t\t\n\t\t>\n<div class=\"siteorigin-widget-tinymce textwidget\">\n\t<p><a href=\"https:\/\/aureskoski.fi\/wp-content\/uploads\/2023\/09\/Kolho.jpg\"><img loading=\"lazy\" decoding=\"async\" class=\"alignnone wp-image-10341 size-medium\" src=\"https:\/\/aureskoski.fi\/wp-content\/uploads\/2023\/09\/Kolho-300x200.jpg\" alt=\"\" width=\"300\" height=\"200\" srcset=\"https:\/\/aureskoski.fi\/wp-content\/uploads\/2023\/09\/Kolho-300x200.jpg 300w, https:\/\/aureskoski.fi\/wp-content\/uploads\/2023\/09\/Kolho-768x512.jpg 768w, https:\/\/aureskoski.fi\/wp-content\/uploads\/2023\/09\/Kolho-360x240.jpg 360w, https:\/\/aureskoski.fi\/wp-content\/uploads\/2023\/09\/Kolho-555x370.jpg 555w, https:\/\/aureskoski.fi\/wp-content\/uploads\/2023\/09\/Kolho-272x182.jpg 272w, https:\/\/aureskoski.fi\/wp-content\/uploads\/2023\/09\/Kolho-720x480.jpg 720w, https:\/\/aureskoski.fi\/wp-content\/uploads\/2023\/09\/Kolho-950x630.jpg 950w, https:\/\/aureskoski.fi\/wp-content\/uploads\/2023\/09\/Kolho.jpg 1024w\" sizes=\"auto, (max-width: 300px) 100vw, 300px\" \/><\/a><\/p>\n<h2 style=\"text-align: center;\"><strong>Kolho<\/strong><\/h2>\n<p>&nbsp;<\/p>\n<h4 style=\"text-align: center;\">Kyll\u00e4st\u00e4m\u00f6<\/h4>\n<p style=\"text-align: center;\">Kyll\u00e4st\u00e4m\u00f6ntie 10<\/p>\n<p style=\"text-align: center;\">35990 KOLHO<\/p>\n<p>&nbsp;<\/p>\n<p>&nbsp;<\/p>\n<\/div>\n<\/div><\/div><\/div><div id=\"panel-9791-6-1-1\" class=\"so-panel widget widget_sow-editor panel-last-child\" data-index=\"14\" ><div class=\"panel-widget-style panel-widget-style-for-9791-6-1-1\" ><div\n\t\t\t\n\t\t\tclass=\"so-widget-sow-editor so-widget-sow-editor-base\"\n\t\t\t\n\t\t>\n<div class=\"siteorigin-widget-tinymce textwidget\">\n\t<p><a href=\"https:\/\/aureskoski.fi\/wp-content\/uploads\/2023\/09\/Lapuan_saha.jpg\"><img loading=\"lazy\" decoding=\"async\" class=\"alignnone wp-image-10347 size-medium\" src=\"https:\/\/aureskoski.fi\/wp-content\/uploads\/2023\/09\/Lapuan_saha-300x200.jpg\" alt=\"\" width=\"300\" height=\"200\" srcset=\"https:\/\/aureskoski.fi\/wp-content\/uploads\/2023\/09\/Lapuan_saha-300x200.jpg 300w, https:\/\/aureskoski.fi\/wp-content\/uploads\/2023\/09\/Lapuan_saha-768x512.jpg 768w, https:\/\/aureskoski.fi\/wp-content\/uploads\/2023\/09\/Lapuan_saha-360x240.jpg 360w, https:\/\/aureskoski.fi\/wp-content\/uploads\/2023\/09\/Lapuan_saha-555x370.jpg 555w, https:\/\/aureskoski.fi\/wp-content\/uploads\/2023\/09\/Lapuan_saha-272x182.jpg 272w, https:\/\/aureskoski.fi\/wp-content\/uploads\/2023\/09\/Lapuan_saha-720x480.jpg 720w, https:\/\/aureskoski.fi\/wp-content\/uploads\/2023\/09\/Lapuan_saha-950x630.jpg 950w, https:\/\/aureskoski.fi\/wp-content\/uploads\/2023\/09\/Lapuan_saha.jpg 1024w\" sizes=\"auto, (max-width: 300px) 100vw, 300px\" \/><\/a><\/p>\n<h2 style=\"text-align: center;\"><strong>Lapuan Saha<\/strong><\/h2>\n<p>&nbsp;<\/p>\n<h4 style=\"text-align: center;\"><\/h4>\n<p style=\"text-align: center;\">Honkimets\u00e4ntie 9<\/p>\n<p style=\"text-align: center;\">62100 LAPUA<\/p>\n<p style=\"text-align: center;\"><a href=\"http:\/\/www.lapuansaha.fi\/\">www.lapuansaha.fi<\/a><\/p>\n<p>&nbsp;<\/p>\n<p>&nbsp;<\/p>\n<\/div>\n<\/div><\/div><\/div><\/div><div id=\"pgc-9791-6-2\"  class=\"panel-grid-cell\" ><div id=\"panel-9791-6-2-0\" class=\"so-panel widget widget_sow-editor panel-first-child\" data-index=\"15\" ><div class=\"panel-widget-style panel-widget-style-for-9791-6-2-0\" ><div\n\t\t\t\n\t\t\tclass=\"so-widget-sow-editor so-widget-sow-editor-base\"\n\t\t\t\n\t\t>\n<div class=\"siteorigin-widget-tinymce textwidget\">\n\t<p><a href=\"https:\/\/aureskoski.fi\/wp-content\/uploads\/2023\/09\/Kaskinen_Hoylaamo.jpg\"><img loading=\"lazy\" decoding=\"async\" class=\"alignnone wp-image-10344 size-medium\" src=\"https:\/\/aureskoski.fi\/wp-content\/uploads\/2023\/09\/Kaskinen_Hoylaamo-300x200.jpg\" alt=\"\" width=\"300\" height=\"200\" srcset=\"https:\/\/aureskoski.fi\/wp-content\/uploads\/2023\/09\/Kaskinen_Hoylaamo-300x200.jpg 300w, https:\/\/aureskoski.fi\/wp-content\/uploads\/2023\/09\/Kaskinen_Hoylaamo-768x512.jpg 768w, https:\/\/aureskoski.fi\/wp-content\/uploads\/2023\/09\/Kaskinen_Hoylaamo-360x240.jpg 360w, https:\/\/aureskoski.fi\/wp-content\/uploads\/2023\/09\/Kaskinen_Hoylaamo-555x370.jpg 555w, https:\/\/aureskoski.fi\/wp-content\/uploads\/2023\/09\/Kaskinen_Hoylaamo-272x182.jpg 272w, https:\/\/aureskoski.fi\/wp-content\/uploads\/2023\/09\/Kaskinen_Hoylaamo-720x480.jpg 720w, https:\/\/aureskoski.fi\/wp-content\/uploads\/2023\/09\/Kaskinen_Hoylaamo-950x630.jpg 950w, https:\/\/aureskoski.fi\/wp-content\/uploads\/2023\/09\/Kaskinen_Hoylaamo.jpg 1024w\" sizes=\"auto, (max-width: 300px) 100vw, 300px\" \/><\/a><\/p>\n<h2 style=\"text-align: center;\"><strong>Kaskinen<\/strong><\/h2>\n<p>&nbsp;<\/p>\n<h4 style=\"text-align: center;\">H\u00f6yl\u00e4\u00e4m\u00f6<\/h4>\n<p style=\"text-align: center;\">Puutavarantie 1<\/p>\n<p style=\"text-align: center;\">64260 KASKINEN<\/p>\n<p>&nbsp;<\/p>\n<p>&nbsp;<\/p>\n<\/div>\n<\/div><\/div><\/div><div id=\"panel-9791-6-2-1\" class=\"so-panel widget widget_sow-editor panel-last-child\" data-index=\"16\" ><div class=\"panel-widget-style panel-widget-style-for-9791-6-2-1\" ><div\n\t\t\t\n\t\t\tclass=\"so-widget-sow-editor so-widget-sow-editor-base\"\n\t\t\t\n\t\t>\n<div class=\"siteorigin-widget-tinymce textwidget\">\n\t<p><a href=\"https:\/\/aureskoski.fi\/wp-content\/uploads\/2023\/09\/Hinnerjoki.jpg\"><img loading=\"lazy\" decoding=\"async\" class=\"alignnone wp-image-10353 size-medium\" src=\"https:\/\/aureskoski.fi\/wp-content\/uploads\/2023\/09\/Hinnerjoki-300x200.jpg\" alt=\"\" width=\"300\" height=\"200\" srcset=\"https:\/\/aureskoski.fi\/wp-content\/uploads\/2023\/09\/Hinnerjoki-300x200.jpg 300w, https:\/\/aureskoski.fi\/wp-content\/uploads\/2023\/09\/Hinnerjoki-768x512.jpg 768w, https:\/\/aureskoski.fi\/wp-content\/uploads\/2023\/09\/Hinnerjoki-360x240.jpg 360w, https:\/\/aureskoski.fi\/wp-content\/uploads\/2023\/09\/Hinnerjoki-555x370.jpg 555w, https:\/\/aureskoski.fi\/wp-content\/uploads\/2023\/09\/Hinnerjoki-272x182.jpg 272w, https:\/\/aureskoski.fi\/wp-content\/uploads\/2023\/09\/Hinnerjoki-720x480.jpg 720w, https:\/\/aureskoski.fi\/wp-content\/uploads\/2023\/09\/Hinnerjoki-950x630.jpg 950w, https:\/\/aureskoski.fi\/wp-content\/uploads\/2023\/09\/Hinnerjoki.jpg 1024w\" sizes=\"auto, (max-width: 300px) 100vw, 300px\" \/><\/a><\/p>\n<h2 style=\"text-align: center;\"><strong>Tammiston Puu<\/strong><\/h2>\n<p>&nbsp;<\/p>\n<h4 style=\"text-align: center;\"><\/h4>\n<p style=\"text-align: center;\">Yl\u00e4neentie 183<\/p>\n<p style=\"text-align: center;\">27600 HINNERJOKI<\/p>\n<p style=\"text-align: center;\"><a href=\"http:\/\/www.tammistonpuu.com\/\">www.tammistonpuu.com<\/a><\/p>\n<p>&nbsp;<\/p>\n<p>&nbsp;<\/p>\n<\/div>\n<\/div><\/div><\/div><\/div><div id=\"pgc-9791-6-3\"  class=\"panel-grid-cell\" ><div id=\"panel-9791-6-3-0\" class=\"so-panel widget widget_sow-editor panel-first-child panel-last-child\" data-index=\"17\" ><div class=\"panel-widget-style panel-widget-style-for-9791-6-3-0\" ><div\n\t\t\t\n\t\t\tclass=\"so-widget-sow-editor so-widget-sow-editor-base\"\n\t\t\t\n\t\t>\n<div class=\"siteorigin-widget-tinymce textwidget\">\n\t<p><a href=\"https:\/\/aureskoski.fi\/wp-content\/uploads\/2023\/09\/Pellettitehdas-Parkano.jpg\"><img loading=\"lazy\" decoding=\"async\" class=\"alignnone wp-image-10356 size-medium\" src=\"https:\/\/aureskoski.fi\/wp-content\/uploads\/2023\/09\/Pellettitehdas-Parkano-300x200.jpg\" alt=\"\" width=\"300\" height=\"200\" srcset=\"https:\/\/aureskoski.fi\/wp-content\/uploads\/2023\/09\/Pellettitehdas-Parkano-300x200.jpg 300w, https:\/\/aureskoski.fi\/wp-content\/uploads\/2023\/09\/Pellettitehdas-Parkano-768x512.jpg 768w, https:\/\/aureskoski.fi\/wp-content\/uploads\/2023\/09\/Pellettitehdas-Parkano-360x240.jpg 360w, https:\/\/aureskoski.fi\/wp-content\/uploads\/2023\/09\/Pellettitehdas-Parkano-555x370.jpg 555w, https:\/\/aureskoski.fi\/wp-content\/uploads\/2023\/09\/Pellettitehdas-Parkano-272x182.jpg 272w, https:\/\/aureskoski.fi\/wp-content\/uploads\/2023\/09\/Pellettitehdas-Parkano-720x480.jpg 720w, https:\/\/aureskoski.fi\/wp-content\/uploads\/2023\/09\/Pellettitehdas-Parkano-950x630.jpg 950w, https:\/\/aureskoski.fi\/wp-content\/uploads\/2023\/09\/Pellettitehdas-Parkano.jpg 1024w\" sizes=\"auto, (max-width: 300px) 100vw, 300px\" \/><\/a><\/p>\n<h2 style=\"text-align: center;\"><strong>Parkano<\/strong><\/h2>\n<p>&nbsp;<\/p>\n<h4 style=\"text-align: center;\">Pellettitehdas<\/h4>\n<p style=\"text-align: center;\">Sahatie 1<\/p>\n<p style=\"text-align: center;\">39700 PARKANO<\/p>\n<p>&nbsp;<\/p>\n<p>&nbsp;<\/p>\n<\/div>\n<\/div><\/div><\/div><\/div><\/div><\/div>","protected":false},"excerpt":{"rendered":"<p>\u00a0 Aureskosken Jalostetehdas Oy &nbsp; Aurej\u00e4rventie 70 39770 AURESKOSKI &nbsp; &nbsp; +358 500 590615 eero.kettunen@aureskoski.fi &nbsp; &nbsp; Laskutustiedot Aureskosken Jalostetehdas Oy &#8211; laskutusohje \u00a0 \u00a0 \u00a0 \u00a0 \u00a0 \u00a0 \u00a0 \u00a0 Sales, export<\/p>\n","protected":false},"author":10,"featured_media":0,"parent":0,"menu_order":0,"comment_status":"closed","ping_status":"closed","template":"","meta":{"_acf_changed":false,"_exactmetrics_skip_tracking":false,"_exactmetrics_sitenote_active":false,"_exactmetrics_sitenote_note":"","_exactmetrics_sitenote_category":0,"footnotes":""},"class_list":["post-9791","page","type-page","status-publish","hentry"],"acf":[],"_links":{"self":[{"href":"https:\/\/aureskoski.fi\/en\/wp-json\/wp\/v2\/pages\/9791","targetHints":{"allow":["GET"]}}],"collection":[{"href":"https:\/\/aureskoski.fi\/en\/wp-json\/wp\/v2\/pages"}],"about":[{"href":"https:\/\/aureskoski.fi\/en\/wp-json\/wp\/v2\/types\/page"}],"author":[{"embeddable":true,"href":"https:\/\/aureskoski.fi\/en\/wp-json\/wp\/v2\/users\/10"}],"replies":[{"embeddable":true,"href":"https:\/\/aureskoski.fi\/en\/wp-json\/wp\/v2\/comments?post=9791"}],"version-history":[{"count":16,"href":"https:\/\/aureskoski.fi\/en\/wp-json\/wp\/v2\/pages\/9791\/revisions"}],"predecessor-version":[{"id":10686,"href":"https:\/\/aureskoski.fi\/en\/wp-json\/wp\/v2\/pages\/9791\/revisions\/10686"}],"wp:attachment":[{"href":"https:\/\/aureskoski.fi\/en\/wp-json\/wp\/v2\/media?parent=9791"}],"curies":[{"name":"wp","href":"https:\/\/api.w.org\/{rel}","templated":true}]}}