{"id":10310,"date":"2022-03-10T12:38:09","date_gmt":"2022-03-10T10:38:09","guid":{"rendered":"https:\/\/aureskoski.fi\/paigaldusjuhendid-brosuurid\/"},"modified":"2024-05-28T14:39:59","modified_gmt":"2024-05-28T11:39:59","slug":"paigaldusjuhendid-brosuurid","status":"publish","type":"page","link":"https:\/\/aureskoski.fi\/et\/paigaldusjuhendid-brosuurid\/","title":{"rendered":"Paigaldusjuhendid &#038; bro\u0161\u00fc\u00fcrid"},"content":{"rendered":"\n<div class=\"wp-block-buttons is-layout-flex wp-block-buttons-is-layout-flex\"><\/div>\n<div id=\"pl-gb10310-69e5f8503a4e0\"  class=\"panel-layout wp-block-siteorigin-panels-layout-block\" ><div id=\"pg-gb10310-69e5f8503a4e0-0\"  class=\"panel-grid panel-no-style\" ><div id=\"pgc-gb10310-69e5f8503a4e0-0-0\"  class=\"panel-grid-cell\" ><div id=\"panel-gb10310-69e5f8503a4e0-0-0-0\" class=\"so-panel widget widget_text panel-first-child\" data-index=\"0\" ><h3 class=\"widget-title\">Paigaldusjuhendid<\/h3>\t\t\t<div class=\"textwidget\"><\/div>\n\t\t<\/div><div id=\"panel-gb10310-69e5f8503a4e0-0-0-1\" class=\"so-panel widget widget_pt_brochure_box widget-brochure-box\" data-index=\"1\" ><div class=\"panel-widget-style panel-widget-style-for-gb10310-69e5f8503a4e0-0-0-1\" >\t\t\t<a class=\"brochure-box\" href=\"https:\/\/aureskoski.fi\/wp-content\/uploads\/2015\/08\/AURE-Paneelit.pdf\" target=\"_blank\">\n\t\t\t\t<i class=\"fa  fa-file-pdf-o\"><\/i>\n\t\t\t\t<h5 class=\"brochure-box__text\">AURE paneeli asennusohje<\/h5>\n\t\t\t<\/a>\n\n\t\t\t<\/div><\/div><div id=\"panel-gb10310-69e5f8503a4e0-0-0-2\" class=\"so-panel widget widget_pt_brochure_box widget-brochure-box panel-last-child\" data-index=\"2\" ><div class=\"panel-widget-style panel-widget-style-for-gb10310-69e5f8503a4e0-0-0-2\" >\t\t\t<a class=\"brochure-box\" href=\"https:\/\/aureskoski.fi\/wp-content\/uploads\/2017\/12\/AURE-Lattiat.pdf\" target=\"_blank\">\n\t\t\t\t<i class=\"fa  fa-file-pdf-o\"><\/i>\n\t\t\t\t<h5 class=\"brochure-box__text\">AURE lattiat asennusohje<\/h5>\n\t\t\t<\/a>\n\n\t\t\t<\/div><\/div><\/div><\/div><div id=\"pg-gb10310-69e5f8503a4e0-1\"  class=\"panel-grid panel-no-style\" ><div id=\"pgc-gb10310-69e5f8503a4e0-1-0\"  class=\"panel-grid-cell\" ><div id=\"panel-gb10310-69e5f8503a4e0-1-0-0\" class=\"so-panel widget widget_text panel-first-child\" data-index=\"3\" ><h3 class=\"widget-title\">Bro\u0161\u00fc\u00fcrid<\/h3>\t\t\t<div class=\"textwidget\"><\/div>\n\t\t<\/div><div id=\"panel-gb10310-69e5f8503a4e0-1-0-1\" class=\"so-panel widget widget_pt_brochure_box widget-brochure-box\" data-index=\"4\" >\t\t\t<a class=\"brochure-box\" href=\"https:\/\/aureskoski.fi\/wp-content\/uploads\/2022\/02\/Peittomaalattu-lattia.pdf\" target=\"_blank\">\n\t\t\t\t<i class=\"fa  fa-file-pdf-o\"><\/i>\n\t\t\t\t<h5 class=\"brochure-box__text\">AURE esite 2022 Peittomaalatut lattiat<\/h5>\n\t\t\t<\/a>\n\n\t\t\t<\/div><div id=\"panel-gb10310-69e5f8503a4e0-1-0-2\" class=\"so-panel widget widget_pt_brochure_box widget-brochure-box\" data-index=\"5\" >\t\t\t<a class=\"brochure-box\" href=\"https:\/\/aureskoski.fi\/wp-content\/uploads\/2022\/02\/Kuultokasitelty-lattia-1.pdf\" target=\"_blank\">\n\t\t\t\t<i class=\"fa  fa-file-pdf-o\"><\/i>\n\t\t\t\t<h5 class=\"brochure-box__text\">AURE esite 2022 Kuultok\u00e4sitellyt lattiat<\/h5>\n\t\t\t<\/a>\n\n\t\t\t<\/div><div id=\"panel-gb10310-69e5f8503a4e0-1-0-3\" class=\"so-panel widget widget_pt_brochure_box widget-brochure-box\" data-index=\"6\" >\t\t\t<a class=\"brochure-box\" href=\"https:\/\/aureskoski.fi\/wp-content\/uploads\/2022\/03\/puhtaanvalkoiset-5.pdf\" target=\"_blank\">\n\t\t\t\t<i class=\"fa  fa-file-pdf-o\"><\/i>\n\t\t\t\t<h5 class=\"brochure-box__text\">AURE esite 2022 Puhtaanvalkoiset<\/h5>\n\t\t\t<\/a>\n\n\t\t\t<\/div><div id=\"panel-gb10310-69e5f8503a4e0-1-0-4\" class=\"so-panel widget widget_pt_brochure_box widget-brochure-box\" data-index=\"7\" >\t\t\t<a class=\"brochure-box\" href=\"https:\/\/aureskoski.fi\/wp-content\/uploads\/2022\/02\/saunatuotteet.pdf\" target=\"_blank\">\n\t\t\t\t<i class=\"fa  fa-file-pdf-o\"><\/i>\n\t\t\t\t<h5 class=\"brochure-box__text\">AURE esite 2022 Saunatuotteet<\/h5>\n\t\t\t<\/a>\n\n\t\t\t<\/div><div id=\"panel-gb10310-69e5f8503a4e0-1-0-5\" class=\"so-panel widget widget_pt_brochure_box widget-brochure-box\" data-index=\"8\" >\t\t\t<a class=\"brochure-box\" href=\"https:\/\/aureskoski.fi\/wp-content\/uploads\/2022\/04\/ma_hll_33x215.pdf\" target=\"_blank\">\n\t\t\t\t<i class=\"fa  fa-file-pdf-o\"><\/i>\n\t\t\t\t<h5 class=\"brochure-box__text\">AURE Lattia 33&#215;215 tuote esite<\/h5>\n\t\t\t<\/a>\n\n\t\t\t<\/div><div id=\"panel-gb10310-69e5f8503a4e0-1-0-6\" class=\"so-panel widget widget_pt_brochure_box widget-brochure-box panel-last-child\" data-index=\"9\" >\t\t\t<a class=\"brochure-box\" href=\"https:\/\/aureskoski.fi\/wp-content\/uploads\/2022\/03\/Kivipuu_esite_v3.0_8-2024.pdf\" target=\"_blank\">\n\t\t\t\t<i class=\"fa  fa-file-pdf-o\"><\/i>\n\t\t\t\t<h5 class=\"brochure-box__text\">Kivipuu esite<\/h5>\n\t\t\t<\/a>\n\n\t\t\t<\/div><\/div><\/div><\/div>\n<p><\/p>\n\r\n<!--change the width and height value as you want.--> \r\n<!-- Do change \"index.htm\" to your real html name of the flippingbook--> \r\n<iframe  style=\"width:100%;height:450px\"  src=\"\/\/aureskoski.fi\/wp-content\/uploads\/flipbook\/1\/flipBook.html\"  seamless=\"seamless\" scrolling=\"no\" frameborder=\"0\" allowtransparency=\"true\" allowfullscreen mozallowfullscreen  webkitallowfullscreen ><\/iframe>\r\n\n","protected":false},"excerpt":{"rendered":"","protected":false},"author":10,"featured_media":0,"parent":0,"menu_order":0,"comment_status":"closed","ping_status":"closed","template":"","meta":{"_acf_changed":false,"_exactmetrics_skip_tracking":false,"_exactmetrics_sitenote_active":false,"_exactmetrics_sitenote_note":"","_exactmetrics_sitenote_category":0,"footnotes":""},"class_list":["post-10310","page","type-page","status-publish","hentry"],"acf":[],"_links":{"self":[{"href":"https:\/\/aureskoski.fi\/et\/wp-json\/wp\/v2\/pages\/10310","targetHints":{"allow":["GET"]}}],"collection":[{"href":"https:\/\/aureskoski.fi\/et\/wp-json\/wp\/v2\/pages"}],"about":[{"href":"https:\/\/aureskoski.fi\/et\/wp-json\/wp\/v2\/types\/page"}],"author":[{"embeddable":true,"href":"https:\/\/aureskoski.fi\/et\/wp-json\/wp\/v2\/users\/10"}],"replies":[{"embeddable":true,"href":"https:\/\/aureskoski.fi\/et\/wp-json\/wp\/v2\/comments?post=10310"}],"version-history":[{"count":2,"href":"https:\/\/aureskoski.fi\/et\/wp-json\/wp\/v2\/pages\/10310\/revisions"}],"predecessor-version":[{"id":10546,"href":"https:\/\/aureskoski.fi\/et\/wp-json\/wp\/v2\/pages\/10310\/revisions\/10546"}],"wp:attachment":[{"href":"https:\/\/aureskoski.fi\/et\/wp-json\/wp\/v2\/media?parent=10310"}],"curies":[{"name":"wp","href":"https:\/\/api.w.org\/{rel}","templated":true}]}}