{"id":10316,"date":"2022-06-02T11:19:16","date_gmt":"2022-06-02T08:19:16","guid":{"rendered":"https:\/\/aureskoski.fi\/ettevotte-tutvustus\/"},"modified":"2023-08-18T12:17:38","modified_gmt":"2023-08-18T09:17:38","slug":"ettevotte-tutvustus","status":"publish","type":"page","link":"https:\/\/aureskoski.fi\/et\/ettevotte-tutvustus\/","title":{"rendered":"Ettev\u00f5tte tutvustus"},"content":{"rendered":"<div id=\"pl-10316\"  class=\"panel-layout\" ><div id=\"pg-10316-0\"  class=\"panel-grid panel-no-style\" ><div id=\"pgc-10316-0-0\"  class=\"panel-grid-cell panel-grid-cell-empty\" ><\/div><div id=\"pgc-10316-0-1\"  class=\"panel-grid-cell panel-grid-cell-mobile-last\" ><div id=\"panel-10316-0-1-0\" class=\"so-panel widget widget_media_image panel-first-child panel-last-child\" data-index=\"0\" ><img loading=\"lazy\" decoding=\"async\" width=\"2070\" height=\"403\" src=\"https:\/\/aureskoski.fi\/wp-content\/uploads\/2022\/06\/Aureskoski_logo_taustaton4.png\" class=\"image wp-image-8358  attachment-full size-full\" alt=\"\" style=\"max-width: 100%; height: auto;\" srcset=\"https:\/\/aureskoski.fi\/wp-content\/uploads\/2022\/06\/Aureskoski_logo_taustaton4.png 2070w, https:\/\/aureskoski.fi\/wp-content\/uploads\/2022\/06\/Aureskoski_logo_taustaton4-300x58.png 300w, https:\/\/aureskoski.fi\/wp-content\/uploads\/2022\/06\/Aureskoski_logo_taustaton4-1024x199.png 1024w, https:\/\/aureskoski.fi\/wp-content\/uploads\/2022\/06\/Aureskoski_logo_taustaton4-768x150.png 768w, https:\/\/aureskoski.fi\/wp-content\/uploads\/2022\/06\/Aureskoski_logo_taustaton4-1536x299.png 1536w, https:\/\/aureskoski.fi\/wp-content\/uploads\/2022\/06\/Aureskoski_logo_taustaton4-2048x399.png 2048w, https:\/\/aureskoski.fi\/wp-content\/uploads\/2022\/06\/Aureskoski_logo_taustaton4-555x108.png 555w\" sizes=\"auto, (max-width: 2070px) 100vw, 2070px\" \/><\/div><\/div><div id=\"pgc-10316-0-2\"  class=\"panel-grid-cell panel-grid-cell-empty\" ><\/div><\/div><div id=\"pg-10316-1\"  class=\"panel-grid panel-no-style\" ><div id=\"pgc-10316-1-0\"  class=\"panel-grid-cell panel-grid-cell-empty\" ><\/div><\/div><div id=\"pg-10316-2\"  class=\"panel-grid panel-no-style\" ><div id=\"pgc-10316-2-0\"  class=\"panel-grid-cell panel-grid-cell-empty\" ><\/div><div id=\"pgc-10316-2-1\"  class=\"panel-grid-cell\" ><div id=\"panel-10316-2-1-0\" class=\"so-panel widget widget_text panel-first-child panel-last-child\" data-index=\"1\" >\t\t\t<div class=\"textwidget\"><p>Aureskosken Jalostetehdas Oy kuulub Tammisto Gruppi.<\/p>\n<p>Tammisto-Gruppi juured ja v\u00e4\u00e4rtused on seotud Soome metsa ja puiduga. Aureskoski Jalostetehdas Oy alustas Aureskoski veskeid 2013. <\/p>\n<p>Aureskoskel on viis h\u00f6\u00f6veldamisliini, s\u00f5rme pikendusliin, kapi joon ja kaks pinnat\u00f6\u00f6tlusliini. Lisaks on meil ribaveski ja kuivatusmaht. Aureskoski immutusjaam asub Kolho linnas, M\u00e4ntt\u00e4-Vilppula. Kolho juures on meil kolm immutussilindrit. Kaskinenis on meil kolm h\u00f6\u00f6veldamisliini ja maalimisliin.<\/p>\n<\/div>\n\t\t<\/div><\/div><div id=\"pgc-10316-2-2\"  class=\"panel-grid-cell panel-grid-cell-mobile-last\" ><div id=\"panel-10316-2-2-0\" class=\"so-panel widget widget_media_image panel-first-child panel-last-child\" data-index=\"2\" ><img loading=\"lazy\" decoding=\"async\" width=\"200\" height=\"350\" src=\"https:\/\/aureskoski.fi\/wp-content\/uploads\/2022\/06\/Metsakuva-1.jpg\" class=\"image wp-image-8402  attachment-full size-full\" alt=\"\" style=\"max-width: 100%; height: auto;\" srcset=\"https:\/\/aureskoski.fi\/wp-content\/uploads\/2022\/06\/Metsakuva-1.jpg 200w, https:\/\/aureskoski.fi\/wp-content\/uploads\/2022\/06\/Metsakuva-1-171x300.jpg 171w\" sizes=\"auto, (max-width: 200px) 100vw, 200px\" \/><\/div><\/div><div id=\"pgc-10316-2-3\"  class=\"panel-grid-cell panel-grid-cell-empty\" ><\/div><\/div><div id=\"pg-10316-3\"  class=\"panel-grid panel-no-style\" ><div id=\"pgc-10316-3-0\"  class=\"panel-grid-cell panel-grid-cell-empty\" ><\/div><div id=\"pgc-10316-3-1\"  class=\"panel-grid-cell panel-grid-cell-empty\" ><\/div><div id=\"pgc-10316-3-2\"  class=\"panel-grid-cell panel-grid-cell-mobile-last\" ><div id=\"panel-10316-3-2-0\" class=\"so-panel widget widget_text panel-first-child panel-last-child\" data-index=\"3\" ><h3 class=\"widget-title\">Ajalugu<\/h3>\t\t\t<div class=\"textwidget\"><\/div>\n\t\t<\/div><\/div><div id=\"pgc-10316-3-3\"  class=\"panel-grid-cell panel-grid-cell-empty\" ><\/div><\/div><div id=\"pg-10316-4\"  class=\"panel-grid panel-no-style\" ><div id=\"pgc-10316-4-0\"  class=\"panel-grid-cell panel-grid-cell-empty\" ><\/div><div id=\"pgc-10316-4-1\"  class=\"panel-grid-cell\" ><div id=\"panel-10316-4-1-0\" class=\"so-panel widget widget_media_image panel-first-child panel-last-child\" data-index=\"4\" ><img loading=\"lazy\" decoding=\"async\" width=\"1200\" height=\"1600\" src=\"https:\/\/aureskoski.fi\/wp-content\/uploads\/2022\/06\/koski_1.1.jpg\" class=\"image wp-image-8422  attachment-full size-full\" alt=\"\" style=\"max-width: 100%; height: auto;\" srcset=\"https:\/\/aureskoski.fi\/wp-content\/uploads\/2022\/06\/koski_1.1.jpg 1200w, https:\/\/aureskoski.fi\/wp-content\/uploads\/2022\/06\/koski_1.1-225x300.jpg 225w, https:\/\/aureskoski.fi\/wp-content\/uploads\/2022\/06\/koski_1.1-768x1024.jpg 768w, https:\/\/aureskoski.fi\/wp-content\/uploads\/2022\/06\/koski_1.1-1152x1536.jpg 1152w, https:\/\/aureskoski.fi\/wp-content\/uploads\/2022\/06\/koski_1.1-416x555.jpg 416w\" sizes=\"auto, (max-width: 1200px) 100vw, 1200px\" \/><\/div><\/div><div id=\"pgc-10316-4-2\"  class=\"panel-grid-cell panel-grid-cell-mobile-last\" ><div id=\"panel-10316-4-2-0\" class=\"so-panel widget widget_text panel-first-child panel-last-child\" data-index=\"5\" >\t\t\t<div class=\"textwidget\"><p>W. Rosenlew &#038; Co rentis Aureskoski piirkonna veeala kasutus\u00f5iguse aastal 1862. Ametnike n\u00f5usolek veeala ja ennek\u00f5ike kose veej\u00f5u kasutamiseks saadi aastal 1863.<\/p>\n<p>Esimene saeraam alustas Aureskoskis t\u00f6\u00f6d juba aastal 1864. S\u00e4ilinud andmete kohaselt saeti 1869. aastal vee j\u00f5ul 629 palki. 90% palkidest saeti tol ajal plankudeks.<\/p>\n<p>Soome saet\u00f6\u00f6stuse k\u00f5rgaeg 1870. aastate alguses ja samale ajale langenud auru j\u00f5ul t\u00f6\u00f6tavate saemasinate l\u00e4bimurre muutsid vee j\u00f5ul toimivate saeveskite tuleviku tumedaks. Seep\u00e4rast alustati 1871. aastal ka Aureskoski saeveski \u00fcleviimist auruj\u00f5ule. Selleks vajalikud investeeringud k\u00e4isid omanikel siiski \u00fcle j\u00f5u. Seep\u00e4rast auruj\u00f5u kasutamisest loobuti ja saeveski pandi 1872. aastal m\u00fc\u00fcki. M\u00fc\u00fcgi eesm\u00e4rk oli saada lisaraha, et ehitada uus suur saeveski Porisse heade laevateede naabrusse. P\u00e4rast seda saet\u00f6\u00f6d piirkonnas l\u00f5ppesid ja tootmisruumid j\u00e4id seisma. Saeveski saadi viimaks m\u00fc\u00fcdud alles 1888. aastal. Uus omanik siiski Aureskoskis enam saet\u00f6id ei alustanud, vaid lammutas juba lagunema hakanud hooned.<\/p>\n<p>Alles ligikaudu 40-aastase pausi j\u00e4rel alustati Aureskoskis saet\u00f6id uuesti.\u00a0Kohalik ettev\u00f5tja Kalle M\u00e4kel\u00e4 lasi samasse kohta ehitada \u00fcheraamilise sae, mida k\u00e4itas veeturbiin.\u00a0Saeraami juures hakkasid t\u00f6\u00f6le ka piirkonna esimene h\u00f6\u00f6velpink ja veski.<\/p>\n<p>1949. aastal sai saeraami uueks omanikuks Kaskisten Puutavara Oy. Tegemist oli ligikaudu 40 saeraami \u00fchise turundusettev\u00f5ttega.\u00a0Aureskoski saeveski sai iseseisvaks ettev\u00f5tteks ehk Aureskoski Oy-ks 1950. aastal. Siis saeveskit ka ajakohastati ja t\u00f5hustati t\u00f6\u00f6d.<\/p>\n<\/div>\n\t\t<\/div><\/div><div id=\"pgc-10316-4-3\"  class=\"panel-grid-cell panel-grid-cell-empty\" ><\/div><\/div><div id=\"pg-10316-5\"  class=\"panel-grid panel-no-style\" ><div id=\"pgc-10316-5-0\"  class=\"panel-grid-cell panel-grid-cell-empty\" ><\/div><div id=\"pgc-10316-5-1\"  class=\"panel-grid-cell\" ><div id=\"panel-10316-5-1-0\" class=\"so-panel widget widget_text panel-first-child panel-last-child\" data-index=\"6\" >\t\t\t<div class=\"textwidget\"><p>Samal ajal l\u00f5ppes Soomes s\u00f5jaj\u00e4rgne hindade reguleerimine. Saematerjali hinnareguleerimise l\u00f5petamine ning maailmaturul tekkinud n\u00f5udlus hoogustas ka Aureskoski tegevust. Saeveski kogu tootmisv\u00f5imsus oli kasutuses ning 1954. aastal saeti Aureskoskis juba 57\u00a0000 m3 saematerjali.<\/p>\n<p>1950. aastate alguses alustati Aureskoski Oy-s saematerjali peale- ja mahalaadimist masinatega.\u00a0Tootmisseadmeid hakati k\u00e4itama elektriliselt. Ruumides siiani alles olev aurumasin leidis siiski veel kasutust kuni 1970. aastateni. T\u00f5stukeid hakati lauamaterjali laadimisel kasutama 1963. aastast ning samal perioodil k\u00e4ivitati palkide automaatne sorteerimine. Automaatsele sorteerimisele mindi esimeste saet\u00f6\u00f6stuste hulgas \u00fcle 1968. aastal.<\/p>\n<p>1969. aastal alustati diiselgeneraatori abil oma elektritootmist. See v\u00f5imaldas kasutada aurumasinat kuivatite energiaallikana.<\/p>\n<p>1970. aastal sai valmis esimene kuivati, kus sai \u00e4ra kasutada t\u00f6\u00f6s tekkivat koort ja saepuru.<\/p>\n<p>1974. aastal uuendati h\u00f6\u00f6vlitsehh ja pakendamisliinid. 1975. sai valmis uus saeliin.\u00a0Saeveski \u00fcks aegan\u00f5udvamaid t\u00f6\u00f6etappe ehk staabeldamine muutus oluliselt t\u00f5husamaks, kui see 1977. aastal automatiseeriti.<\/p>\n<p>1979. aastal mindi saeveskis \u00fcle kahe vahetusega t\u00f6\u00f6le. 1981. aastal toimus saeveskis suur \u00f5nnetus. Tulekahjus h\u00e4vis k\u00f5ige olulisem ehk saagimisosakond.<\/p>\n<\/div>\n\t\t<\/div><\/div><div id=\"pgc-10316-5-2\"  class=\"panel-grid-cell panel-grid-cell-mobile-last\" ><div id=\"panel-10316-5-2-0\" class=\"so-panel widget widget_media_image panel-first-child\" data-index=\"7\" ><img loading=\"lazy\" decoding=\"async\" width=\"1024\" height=\"768\" src=\"https:\/\/aureskoski.fi\/wp-content\/uploads\/2022\/06\/laituri_1.4-1024x768.jpg\" class=\"image wp-image-8431  attachment-large size-large\" alt=\"\" style=\"max-width: 100%; height: auto;\" srcset=\"https:\/\/aureskoski.fi\/wp-content\/uploads\/2022\/06\/laituri_1.4-1024x768.jpg 1024w, https:\/\/aureskoski.fi\/wp-content\/uploads\/2022\/06\/laituri_1.4-300x225.jpg 300w, https:\/\/aureskoski.fi\/wp-content\/uploads\/2022\/06\/laituri_1.4-100x75.jpg 100w, https:\/\/aureskoski.fi\/wp-content\/uploads\/2022\/06\/laituri_1.4-768x576.jpg 768w, https:\/\/aureskoski.fi\/wp-content\/uploads\/2022\/06\/laituri_1.4-1536x1152.jpg 1536w, https:\/\/aureskoski.fi\/wp-content\/uploads\/2022\/06\/laituri_1.4-555x416.jpg 555w, https:\/\/aureskoski.fi\/wp-content\/uploads\/2022\/06\/laituri_1.4.jpg 1600w\" sizes=\"auto, (max-width: 1024px) 100vw, 1024px\" \/><\/div><div id=\"panel-10316-5-2-1\" class=\"so-panel widget widget_media_image panel-last-child\" data-index=\"8\" ><img loading=\"lazy\" decoding=\"async\" width=\"1024\" height=\"683\" src=\"https:\/\/aureskoski.fi\/wp-content\/uploads\/2017\/09\/Aureskosken-jalostetehdas-1024x683.jpg\" class=\"image wp-image-2416  attachment-large size-large\" alt=\"\" style=\"max-width: 100%; height: auto;\" srcset=\"https:\/\/aureskoski.fi\/wp-content\/uploads\/2017\/09\/Aureskosken-jalostetehdas-1024x683.jpg 1024w, https:\/\/aureskoski.fi\/wp-content\/uploads\/2017\/09\/Aureskosken-jalostetehdas-300x200.jpg 300w, https:\/\/aureskoski.fi\/wp-content\/uploads\/2017\/09\/Aureskosken-jalostetehdas-768x512.jpg 768w, https:\/\/aureskoski.fi\/wp-content\/uploads\/2017\/09\/Aureskosken-jalostetehdas-360x240.jpg 360w, https:\/\/aureskoski.fi\/wp-content\/uploads\/2017\/09\/Aureskosken-jalostetehdas-555x370.jpg 555w, https:\/\/aureskoski.fi\/wp-content\/uploads\/2017\/09\/Aureskosken-jalostetehdas-272x182.jpg 272w\" sizes=\"auto, (max-width: 1024px) 100vw, 1024px\" \/><\/div><\/div><div id=\"pgc-10316-5-3\"  class=\"panel-grid-cell panel-grid-cell-empty\" ><\/div><\/div><div id=\"pg-10316-6\"  class=\"panel-grid panel-no-style\" ><div id=\"pgc-10316-6-0\"  class=\"panel-grid-cell panel-grid-cell-empty\" ><\/div><div id=\"pgc-10316-6-1\"  class=\"panel-grid-cell\" ><div id=\"panel-10316-6-1-0\" class=\"so-panel widget widget_media_image panel-first-child\" data-index=\"9\" ><img loading=\"lazy\" decoding=\"async\" width=\"1024\" height=\"309\" src=\"https:\/\/aureskoski.fi\/wp-content\/uploads\/2014\/10\/slider_0000_Aureskoski_tehdas01-1024x309.jpg\" class=\"image wp-image-663  attachment-large size-large\" alt=\"\" style=\"max-width: 100%; height: auto;\" srcset=\"https:\/\/aureskoski.fi\/wp-content\/uploads\/2014\/10\/slider_0000_Aureskoski_tehdas01-1024x309.jpg 1024w, https:\/\/aureskoski.fi\/wp-content\/uploads\/2014\/10\/slider_0000_Aureskoski_tehdas01-300x91.jpg 300w, https:\/\/aureskoski.fi\/wp-content\/uploads\/2014\/10\/slider_0000_Aureskoski_tehdas01.jpg 1920w, https:\/\/aureskoski.fi\/wp-content\/uploads\/2014\/10\/slider_0000_Aureskoski_tehdas01-960x290.jpg 960w, https:\/\/aureskoski.fi\/wp-content\/uploads\/2014\/10\/slider_0000_Aureskoski_tehdas01-480x145.jpg 480w, https:\/\/aureskoski.fi\/wp-content\/uploads\/2014\/10\/slider_0000_Aureskoski_tehdas01-555x168.jpg 555w\" sizes=\"auto, (max-width: 1024px) 100vw, 1024px\" \/><\/div><div id=\"panel-10316-6-1-1\" class=\"so-panel widget widget_media_image\" data-index=\"10\" ><img loading=\"lazy\" decoding=\"async\" width=\"580\" height=\"326\" src=\"https:\/\/aureskoski.fi\/wp-content\/uploads\/2014\/10\/parkano_jalostetehdas_aureskoski_h\u00f6yl\u00e4\u00e4m\u00f61.jpg\" class=\"image wp-image-514  attachment-full size-full\" alt=\"\" style=\"max-width: 100%; height: auto;\" srcset=\"https:\/\/aureskoski.fi\/wp-content\/uploads\/2014\/10\/parkano_jalostetehdas_aureskoski_h\u00f6yl\u00e4\u00e4m\u00f61.jpg 580w, https:\/\/aureskoski.fi\/wp-content\/uploads\/2014\/10\/parkano_jalostetehdas_aureskoski_h\u00f6yl\u00e4\u00e4m\u00f61-300x168.jpg 300w, https:\/\/aureskoski.fi\/wp-content\/uploads\/2014\/10\/parkano_jalostetehdas_aureskoski_h\u00f6yl\u00e4\u00e4m\u00f61-555x311.jpg 555w\" sizes=\"auto, (max-width: 580px) 100vw, 580px\" \/><\/div><div id=\"panel-10316-6-1-2\" class=\"so-panel widget widget_media_image panel-last-child\" data-index=\"11\" ><img loading=\"lazy\" decoding=\"async\" width=\"555\" height=\"320\" src=\"https:\/\/aureskoski.fi\/wp-content\/uploads\/2014\/10\/saha.jpg\" class=\"image wp-image-667  attachment-full size-full\" alt=\"\" style=\"max-width: 100%; height: auto;\" srcset=\"https:\/\/aureskoski.fi\/wp-content\/uploads\/2014\/10\/saha.jpg 555w, https:\/\/aureskoski.fi\/wp-content\/uploads\/2014\/10\/saha-300x173.jpg 300w\" sizes=\"auto, (max-width: 555px) 100vw, 555px\" \/><\/div><\/div><div id=\"pgc-10316-6-2\"  class=\"panel-grid-cell panel-grid-cell-mobile-last\" ><div id=\"panel-10316-6-2-0\" class=\"so-panel widget widget_text panel-first-child panel-last-child\" data-index=\"12\" >\t\t\t<div class=\"textwidget\"><p>Rootsist, Norrast ja Taanist otsiti uusi innovatsioone ja ideid, et saet\u00f6\u00f6stus uuesti \u00fcles ehitada. Uus saeliin saigi tootmisvalmis 1983. aastal. Saematerjali tootmist kontrollisid siis juba esimesed mikroprotsessorid. Saematerjali aastatoodang peaaegu kahekordistus mahuni 90 000\u00a0m3.<\/p>\n<p>J\u00e4rgnevatel aastatel tehti veelgi uusi suuri investeeringuid.<\/p>\n<p>1985. aastal avati uus pakendamistsehh ning kanalkuivatid ja ekspordiladu.<\/p>\n<p>1986. aastal alustas t\u00f6\u00f6d koorimis\u00fcksus.<\/p>\n<p>1987. aastal valmisid spetsiaalkuivati ja automaatne tulekustutuss\u00fcsteem.<\/p>\n<p>1988\u20131990 toimus suuremahuline investeering viimistlusseadmetesse \u2013 seadmeid uuendati kokku summas \u00fcle 20 miljoni Soome marga.<\/p>\n<p>P\u00e4rast seda vahetati lisaks v\u00e4lja 60% kogu saeliinist.<\/p>\n<p>1990. aastate alguses kuulus Aureskoski puidu v\u00e4\u00e4rindamisastmelt Soome kolme parema puiduettev\u00f5tte hulka.<\/p>\n<p>1990. aastate alguses toimunud negatiivsed suundumused finantsturgudel tekitasid Aureskoski Oy omanikele m\u00e4rkimisv\u00e4\u00e4rseid probleeme. Ettev\u00f5te m\u00fc\u00fcdi 1994. aastal Rootsi ettev\u00f5ttele Fagerlid Industrier AB.\u00a0Fagerlid arendas ettev\u00f5tet j\u00f5uliselt ja ostis aastal 1997 ka Lapuan Saha Oy.<\/p>\n<p>Peatselt l\u00e4ks aga Fagerlid Industrier AB pankrotti. Puitmaterjali tootmist ja viimistlemist siiski Aureskoskis j\u00e4tkati pankrotipesa nimel.<\/p>\n<p>Aastal 2000 l\u00e4ks Aureskoski tootmisettev\u00f5te UPM-Kymmene omandusse.<\/p>\n<\/div>\n\t\t<\/div><\/div><div id=\"pgc-10316-6-3\"  class=\"panel-grid-cell panel-grid-cell-empty\" ><\/div><\/div><div id=\"pg-10316-7\"  class=\"panel-grid panel-no-style\" ><div id=\"pgc-10316-7-0\"  class=\"panel-grid-cell panel-grid-cell-empty\" ><\/div><div id=\"pgc-10316-7-1\"  class=\"panel-grid-cell\" ><div id=\"panel-10316-7-1-0\" class=\"so-panel widget widget_text panel-first-child panel-last-child\" data-index=\"13\" >\t\t\t<div class=\"textwidget\"><p>2001. aastal liideti Aureskoski ettev\u00f5ttega Yhtyneet Sahat Oy ja aastal 2004 sai omanikuks UPM-Kymmene Wood Oy.<\/p>\n<p>Samal aastal Aureskoski pikk ajalugu Soome \u00fche olulisema saet\u00f6\u00f6stusena ka l\u00f5ppes.\u00a0Puitmaterjali saagimine Aureskoskis l\u00f5petati.<\/p>\n<p>Palgisaagimine anti \u00fcle teistele omanikettev\u00f5tte tehastele ja Aureskoskis alustati uut tegevust.<\/p>\n<p>2007. aastal sai valmis uus viimistlusliin. Liin oli valmimisel \u00fcks Euroopa\u00a0 moodsamaid ja efektiivsemaid.<\/p>\n<p>UPM koondas ka Soome viimistletud puitmaterjali m\u00fc\u00fcgi ja arveldustegevuse Aureskoskisse. 11.3.2012\u00a0teatas UPM Aureskoski viimistlustehase sulgemise plaanidest ning tehas suletigi 31.12.2012<\/p>\n<\/div>\n\t\t<\/div><\/div><div id=\"pgc-10316-7-2\"  class=\"panel-grid-cell panel-grid-cell-mobile-last\" ><div id=\"panel-10316-7-2-0\" class=\"so-panel widget widget_media_image panel-first-child panel-last-child\" data-index=\"14\" ><img loading=\"lazy\" decoding=\"async\" width=\"1024\" height=\"726\" src=\"https:\/\/aureskoski.fi\/wp-content\/uploads\/2019\/11\/iglu3-1024x726.jpg\" class=\"image wp-image-4395  attachment-large size-large\" alt=\"\" style=\"max-width: 100%; height: auto;\" srcset=\"https:\/\/aureskoski.fi\/wp-content\/uploads\/2019\/11\/iglu3.jpg 1024w, https:\/\/aureskoski.fi\/wp-content\/uploads\/2019\/11\/iglu3-300x213.jpg 300w, https:\/\/aureskoski.fi\/wp-content\/uploads\/2019\/11\/iglu3-768x545.jpg 768w, https:\/\/aureskoski.fi\/wp-content\/uploads\/2019\/11\/iglu3-555x393.jpg 555w\" sizes=\"auto, (max-width: 1024px) 100vw, 1024px\" \/><\/div><\/div><div id=\"pgc-10316-7-3\"  class=\"panel-grid-cell panel-grid-cell-empty\" ><\/div><\/div><div id=\"pg-10316-8\"  class=\"panel-grid panel-no-style\" ><div id=\"pgc-10316-8-0\"  class=\"panel-grid-cell panel-grid-cell-empty\" ><\/div><div id=\"pgc-10316-8-1\"  class=\"panel-grid-cell panel-grid-cell-empty\" ><\/div><div id=\"pgc-10316-8-2\"  class=\"panel-grid-cell panel-grid-cell-mobile-last\" ><div id=\"panel-10316-8-2-0\" class=\"so-panel widget widget_text panel-first-child panel-last-child\" data-index=\"15\" ><h3 class=\"widget-title\">2013<\/h3>\t\t\t<div class=\"textwidget\"><\/div>\n\t\t<\/div><\/div><div id=\"pgc-10316-8-3\"  class=\"panel-grid-cell panel-grid-cell-empty\" ><\/div><\/div><div id=\"pg-10316-9\"  class=\"panel-grid panel-no-style\" ><div id=\"pgc-10316-9-0\"  class=\"panel-grid-cell panel-grid-cell-empty\" ><\/div><div id=\"pgc-10316-9-1\"  class=\"panel-grid-cell\" ><div id=\"panel-10316-9-1-0\" class=\"so-panel widget widget_media_image panel-first-child panel-last-child\" data-index=\"16\" ><img loading=\"lazy\" decoding=\"async\" width=\"1024\" height=\"144\" src=\"https:\/\/aureskoski.fi\/wp-content\/uploads\/2022\/06\/Tammisto-yhtiot-1024x144.jpg\" class=\"image wp-image-8464  attachment-large size-large\" alt=\"\" style=\"max-width: 100%; height: auto;\" srcset=\"https:\/\/aureskoski.fi\/wp-content\/uploads\/2022\/06\/Tammisto-yhtiot-1024x144.jpg 1024w, https:\/\/aureskoski.fi\/wp-content\/uploads\/2022\/06\/Tammisto-yhtiot-300x42.jpg 300w, https:\/\/aureskoski.fi\/wp-content\/uploads\/2022\/06\/Tammisto-yhtiot-768x108.jpg 768w, https:\/\/aureskoski.fi\/wp-content\/uploads\/2022\/06\/Tammisto-yhtiot-555x78.jpg 555w, https:\/\/aureskoski.fi\/wp-content\/uploads\/2022\/06\/Tammisto-yhtiot.jpg 1456w\" sizes=\"auto, (max-width: 1024px) 100vw, 1024px\" \/><\/div><\/div><div id=\"pgc-10316-9-2\"  class=\"panel-grid-cell panel-grid-cell-mobile-last\" ><div id=\"panel-10316-9-2-0\" class=\"so-panel widget widget_text panel-first-child panel-last-child\" data-index=\"17\" >\t\t\t<div class=\"textwidget\"><p>10.4.2013 ostis Tammiwood Oy Aureskoski tootmishooned koos sisseseade ja kinnistuga.<\/p>\n<p>Tammiwood k\u00e4ivitas tehase uuesti nime all Aureskosken Jalostetehdas Oy 5.8.2013.<\/p>\n<p>Tehase tootmisliine on n\u00fc\u00fcdseks veelgi arendatud, mis v\u00f5imaldab teha viimistlust ka k\u00f5ige n\u00f5udlikemate klientide toodetele.<\/p>\n<p>Ettev\u00f5ttes on kasutusel h\u00f6\u00f6vliliinid ja kuivatid, mis v\u00f5imaldavad puitmaterjali k\u00f5rgelt v\u00e4\u00e4rindada. Tehase aastane tootmismaht on praeguste seadmete t\u00e4isv\u00f5imsusel\u00a0120\u00a0000 m3.<\/p>\n<p>Tootmisest l\u00e4heb peaaegu pool v\u00e4listurule. Olulisemad ekspordimaad on\u00a0Jaapan, Saksamaa, Prantsusmaa ja Suurbritannia.<\/p>\n<\/div>\n\t\t<\/div><\/div><div id=\"pgc-10316-9-3\"  class=\"panel-grid-cell panel-grid-cell-empty\" ><\/div><\/div><\/div>","protected":false},"excerpt":{"rendered":"<p>Aureskosken Jalostetehdas Oy kuulub Tammisto Gruppi. Tammisto-Gruppi juured ja v\u00e4\u00e4rtused on seotud Soome metsa ja puiduga. Aureskoski Jalostetehdas Oy alustas Aureskoski veskeid 2013. Aureskoskel on viis h\u00f6\u00f6veldamisliini, s\u00f5rme pikendusliin, kapi joon ja kaks pinnat\u00f6\u00f6tlusliini. Lisaks on meil ribaveski ja kuivatusmaht. Aureskoski immutusjaam asub Kolho linnas, M\u00e4ntt\u00e4-Vilppula. Kolho juures on meil kolm immutussilindrit. Kaskinenis on meil &hellip;<\/p>\n","protected":false},"author":10,"featured_media":0,"parent":0,"menu_order":0,"comment_status":"closed","ping_status":"closed","template":"","meta":{"_acf_changed":false,"_exactmetrics_skip_tracking":false,"_exactmetrics_sitenote_active":false,"_exactmetrics_sitenote_note":"","_exactmetrics_sitenote_category":0,"footnotes":""},"class_list":["post-10316","page","type-page","status-publish","hentry"],"acf":[],"_links":{"self":[{"href":"https:\/\/aureskoski.fi\/et\/wp-json\/wp\/v2\/pages\/10316","targetHints":{"allow":["GET"]}}],"collection":[{"href":"https:\/\/aureskoski.fi\/et\/wp-json\/wp\/v2\/pages"}],"about":[{"href":"https:\/\/aureskoski.fi\/et\/wp-json\/wp\/v2\/types\/page"}],"author":[{"embeddable":true,"href":"https:\/\/aureskoski.fi\/et\/wp-json\/wp\/v2\/users\/10"}],"replies":[{"embeddable":true,"href":"https:\/\/aureskoski.fi\/et\/wp-json\/wp\/v2\/comments?post=10316"}],"version-history":[{"count":2,"href":"https:\/\/aureskoski.fi\/et\/wp-json\/wp\/v2\/pages\/10316\/revisions"}],"predecessor-version":[{"id":10320,"href":"https:\/\/aureskoski.fi\/et\/wp-json\/wp\/v2\/pages\/10316\/revisions\/10320"}],"wp:attachment":[{"href":"https:\/\/aureskoski.fi\/et\/wp-json\/wp\/v2\/media?parent=10316"}],"curies":[{"name":"wp","href":"https:\/\/api.w.org\/{rel}","templated":true}]}}