{"id":2843,"date":"2014-10-20T12:48:29","date_gmt":"2014-10-20T09:48:29","guid":{"rendered":"http:\/\/aureskoski.fi\/pyyda-tarjous-2\/"},"modified":"2023-10-27T13:26:18","modified_gmt":"2023-10-27T10:26:18","slug":"kusige-lisateavet","status":"publish","type":"page","link":"https:\/\/aureskoski.fi\/et\/kusige-lisateavet\/","title":{"rendered":"Kontakt"},"content":{"rendered":"<div id=\"pl-2843\"  class=\"panel-layout\" ><div id=\"pg-2843-0\"  class=\"panel-grid panel-no-style\" ><div id=\"pgc-2843-0-0\"  class=\"panel-grid-cell panel-grid-cell-empty\" ><\/div><div id=\"pgc-2843-0-1\"  class=\"panel-grid-cell\" ><div id=\"panel-2843-0-1-0\" class=\"so-panel widget widget_text panel-first-child panel-last-child\" data-index=\"0\" >\t\t\t<div class=\"textwidget\"><p>\u00a0<\/p>\n<\/div>\n\t\t<\/div><\/div><\/div><div id=\"pg-2843-1\"  class=\"panel-grid panel-no-style\" ><div id=\"pgc-2843-1-0\"  class=\"panel-grid-cell\" ><div id=\"panel-2843-1-0-0\" class=\"so-panel widget widget_text panel-first-child panel-last-child\" data-index=\"1\" >\t\t\t<div class=\"textwidget\"><span class=\"icon-container\"><span class=\"fa fa-home\"><\/span><\/span> <b>Aureskosken Jalostetehdas Oy<\/b><br>\r\nAurej\u00e4rventie 70<br>\r\n39770 AURESKOSKI<br><br>\r\n<span class=\"icon-container\"><span class=\"fa fa-phone\"><\/span><\/span> <b>+358 2 8387 8600<\/b><br>\r\n<span class=\"icon-container\"><span class=\"fa fa-envelope\"><\/span><\/span> <a href=\"mailto:myynti@aureskoski.fi\">myynti@aureskoski.fi<\/a><br><br>\r\n<\/div>\n\t\t<\/div><\/div><div id=\"pgc-2843-1-1\"  class=\"panel-grid-cell\" ><div id=\"panel-2843-1-1-0\" class=\"so-panel widget widget_text panel-first-child panel-last-child\" data-index=\"2\" >\t\t\t<div class=\"textwidget\">\n<div class=\"wpcf7 no-js\" id=\"wpcf7-f3609-o1\" lang=\"fi\" dir=\"ltr\" data-wpcf7-id=\"3609\">\n<div class=\"screen-reader-response\"><p role=\"status\" aria-live=\"polite\" aria-atomic=\"true\"><\/p> <ul><\/ul><\/div>\n<form action=\"\/et\/wp-json\/wp\/v2\/pages\/2843#wpcf7-f3609-o1\" method=\"post\" class=\"wpcf7-form init\" aria-label=\"Yhteydenottolomake\" novalidate=\"novalidate\" data-status=\"init\">\n<fieldset class=\"hidden-fields-container\"><input type=\"hidden\" name=\"_wpcf7\" value=\"3609\" \/><input type=\"hidden\" name=\"_wpcf7_version\" value=\"6.1.5\" \/><input type=\"hidden\" name=\"_wpcf7_locale\" value=\"fi\" \/><input type=\"hidden\" name=\"_wpcf7_unit_tag\" value=\"wpcf7-f3609-o1\" \/><input type=\"hidden\" name=\"_wpcf7_container_post\" value=\"0\" \/><input type=\"hidden\" name=\"_wpcf7_posted_data_hash\" value=\"\" \/><input type=\"hidden\" name=\"_wpcf7_recaptcha_response\" value=\"\" \/>\n<\/fieldset>\n<div class=\"row\">\n\t<div class=\"col-xs-12  col-sm-4\">\n\t\t<p><span class=\"wpcf7-form-control-wrap\" data-name=\"your-name\"><input size=\"40\" maxlength=\"400\" class=\"wpcf7-form-control wpcf7-text wpcf7-validates-as-required\" aria-required=\"true\" aria-invalid=\"false\" placeholder=\"Nimi\" value=\"\" type=\"text\" name=\"your-name\" \/><\/span><br \/>\n<span class=\"wpcf7-form-control-wrap\" data-name=\"your-email\"><input size=\"40\" maxlength=\"400\" class=\"wpcf7-form-control wpcf7-email wpcf7-validates-as-required wpcf7-text wpcf7-validates-as-email\" aria-required=\"true\" aria-invalid=\"false\" placeholder=\"Email\" value=\"\" type=\"email\" name=\"your-email\" \/><\/span><br \/>\n<span class=\"wpcf7-form-control-wrap\" data-name=\"your-subject\"><input size=\"40\" maxlength=\"400\" class=\"wpcf7-form-control wpcf7-text\" aria-invalid=\"false\" placeholder=\"Tooteanmed\" value=\"\" type=\"text\" name=\"your-subject\" \/><\/span>\n\t\t<\/p>\n\t<\/div>\n\t<div class=\"col-xs-12  col-sm-8\">\n\t\t<p><span class=\"wpcf7-form-control-wrap\" data-name=\"your-message\"><textarea cols=\"40\" rows=\"10\" maxlength=\"2000\" class=\"wpcf7-form-control wpcf7-textarea\" aria-invalid=\"false\" placeholder=\"S\u00f5num\" name=\"your-message\"><\/textarea><\/span><br \/>\n<input class=\"wpcf7-form-control wpcf7-submit has-spinner btn btn-primary\" type=\"submit\" value=\"Saada\" \/>\n\t\t<\/p>\n\t<\/div>\n<\/div><div class=\"wpcf7-response-output\" aria-hidden=\"true\"><\/div>\n<\/form>\n<\/div>\n\n<\/div>\n\t\t<\/div><\/div><\/div><div id=\"pg-2843-2\"  class=\"panel-grid panel-no-style\" ><div id=\"pgc-2843-2-0\"  class=\"panel-grid-cell\" ><div id=\"panel-2843-2-0-0\" class=\"so-panel widget widget_text panel-first-child panel-last-child\" data-index=\"3\" ><h3 class=\"widget-title\">Aureskosken Jalostetehdas Oy kuulub Tammisto Gruppi.<\/h3>\t\t\t<div class=\"textwidget\"><\/div>\n\t\t<\/div><\/div><\/div><div id=\"pg-2843-3\"  class=\"panel-grid panel-no-style\" ><div id=\"pgc-2843-3-0\"  class=\"panel-grid-cell\" ><div id=\"panel-2843-3-0-0\" class=\"so-panel widget widget_text panel-first-child panel-last-child\" data-index=\"4\" >\t\t\t<div class=\"textwidget\"><p>TTammisto-Gruppi juured ja v\u00e4\u00e4rtused on seotud Soome metsa ja puiduga. Aureskoski Jalostetehdas Oy alustas Aureskoski veskeid 2013. Aureskoskel on viis h\u00f6\u00f6veldamisliini, s\u00f5rme pikendusliin, kapi joon ja kaks pinnat\u00f6\u00f6tlusliini. Lisaks on meil ribaveski ja kuivatusmaht. Aureskoski immutusjaam asub Kolho linnas, M\u00e4ntt\u00e4-Vilppula. Kolho juures on meil kolm immutussilindrit. Kaskinenis on meil kolm h\u00f6\u00f6veldamisliini ja maalimisliin.<\/p>\n<\/div>\n\t\t<\/div><\/div><div id=\"pgc-2843-3-1\"  class=\"panel-grid-cell\" ><div id=\"panel-2843-3-1-0\" class=\"so-panel widget widget_media_image panel-first-child panel-last-child\" data-index=\"5\" ><img loading=\"lazy\" decoding=\"async\" width=\"300\" height=\"192\" src=\"https:\/\/aureskoski.fi\/wp-content\/uploads\/2019\/11\/Aureskoski-alue-1-300x192.jpg\" class=\"image wp-image-4993  attachment-medium size-medium\" alt=\"\" style=\"max-width: 100%; height: auto;\" srcset=\"https:\/\/aureskoski.fi\/wp-content\/uploads\/2019\/11\/Aureskoski-alue-1-300x192.jpg 300w, https:\/\/aureskoski.fi\/wp-content\/uploads\/2019\/11\/Aureskoski-alue-1-768x491.jpg 768w, https:\/\/aureskoski.fi\/wp-content\/uploads\/2019\/11\/Aureskoski-alue-1.jpg 1024w, https:\/\/aureskoski.fi\/wp-content\/uploads\/2019\/11\/Aureskoski-alue-1-555x355.jpg 555w\" sizes=\"auto, (max-width: 300px) 100vw, 300px\" \/><\/div><\/div><\/div><div id=\"pg-2843-4\"  class=\"panel-grid panel-no-style\" ><div id=\"pgc-2843-4-0\"  class=\"panel-grid-cell\" ><div id=\"panel-2843-4-0-0\" class=\"so-panel widget widget_text panel-first-child panel-last-child\" data-index=\"6\" ><h3 class=\"widget-title\">Kotimaan myynti<\/h3>\t\t\t<div class=\"textwidget\"><\/div>\n\t\t<\/div><\/div><\/div><div id=\"pg-2843-5\"  class=\"panel-grid panel-no-style\" ><div id=\"pgc-2843-5-0\"  class=\"panel-grid-cell\" ><div id=\"panel-2843-5-0-0\" class=\"so-panel widget widget_text panel-first-child\" data-index=\"7\" >\t\t\t<div class=\"textwidget\"><p>Marko L\u00e4hdekorpi, jalosteet<br \/>\nPuh. 040 579 5006<br \/>\netunimi.sukunimi@aureskoski.fi<\/p>\n<\/div>\n\t\t<\/div><div id=\"panel-2843-5-0-1\" class=\"so-panel widget widget_text panel-last-child\" data-index=\"8\" >\t\t\t<div class=\"textwidget\"><p>Antti Heinonen, kestopuu<br \/>\nPuh. 040 549 5579<br \/>\netunimi.sukunimi@aureskoski.fi<\/p>\n<\/div>\n\t\t<\/div><\/div><div id=\"pgc-2843-5-1\"  class=\"panel-grid-cell\" ><div id=\"panel-2843-5-1-0\" class=\"so-panel widget widget_text panel-first-child panel-last-child\" data-index=\"9\" >\t\t\t<div class=\"textwidget\"><p>Harri Martonen, jalosteet<br \/>\nPuh. 040 513 9733<br \/>\netunimi.sukunimi@aureskoski.fi<\/p>\n<\/div>\n\t\t<\/div><\/div><div id=\"pgc-2843-5-2\"  class=\"panel-grid-cell\" ><div id=\"panel-2843-5-2-0\" class=\"so-panel widget widget_text panel-first-child panel-last-child\" data-index=\"10\" >\t\t\t<div class=\"textwidget\"><p>Rauli Salmij\u00e4rvi Kolho, kestopuu<br \/>\nPuh. 050 568 6563<br \/>\netunimi.sukunimi@aureskoski.fi<\/p>\n<\/div>\n\t\t<\/div><\/div><div id=\"pgc-2843-5-3\"  class=\"panel-grid-cell\" ><div id=\"panel-2843-5-3-0\" class=\"so-panel widget widget_text panel-first-child panel-last-child\" data-index=\"11\" >\t\t\t<div class=\"textwidget\"><p>Sari Tuominen, pelletti<br \/>\nPuh. 02 838 78618<br \/>\netunimi.sukunimi@aureskoski.fi<\/p>\n<\/div>\n\t\t<\/div><\/div><div id=\"pgc-2843-5-4\"  class=\"panel-grid-cell\" ><div id=\"panel-2843-5-4-0\" class=\"so-panel widget widget_text panel-first-child panel-last-child\" data-index=\"12\" >\t\t\t<div class=\"textwidget\"><p>Eero Kallio, jalosteet, Kutter-kuivike<br \/>\nPuh. 050 468 2817<br \/>\netunimi.sukunimi@aureskoski.fi<\/p>\n<\/div>\n\t\t<\/div><\/div><\/div><div id=\"pg-2843-6\"  class=\"panel-grid panel-no-style\" ><div id=\"pgc-2843-6-0\"  class=\"panel-grid-cell\" ><div id=\"panel-2843-6-0-0\" class=\"so-panel widget widget_text panel-first-child panel-last-child\" data-index=\"13\" ><h3 class=\"widget-title\">Myynti, vienti<\/h3>\t\t\t<div class=\"textwidget\"><\/div>\n\t\t<\/div><\/div><\/div><div id=\"pg-2843-7\"  class=\"panel-grid panel-no-style\" ><div id=\"pgc-2843-7-0\"  class=\"panel-grid-cell\" ><div id=\"panel-2843-7-0-0\" class=\"so-panel widget widget_text panel-first-child panel-last-child\" data-index=\"14\" >\t\t\t<div class=\"textwidget\"><p>Eero Kettunen<br \/>\nPuh. 0500 590 615<br \/>\netunimi.sukunimi@aureskoski.fi<\/p>\n<\/div>\n\t\t<\/div><\/div><div id=\"pgc-2843-7-1\"  class=\"panel-grid-cell panel-grid-cell-empty\" ><\/div><div id=\"pgc-2843-7-2\"  class=\"panel-grid-cell panel-grid-cell-empty\" ><\/div><div id=\"pgc-2843-7-3\"  class=\"panel-grid-cell panel-grid-cell-empty panel-grid-cell-mobile-last\" ><\/div><div id=\"pgc-2843-7-4\"  class=\"panel-grid-cell panel-grid-cell-empty\" ><\/div><\/div><div id=\"pg-2843-8\"  class=\"panel-grid panel-no-style\" ><div id=\"pgc-2843-8-0\"  class=\"panel-grid-cell\" ><div id=\"panel-2843-8-0-0\" class=\"so-panel widget widget_text panel-first-child panel-last-child\" data-index=\"15\" ><h3 class=\"widget-title\">Aureskosken Jalostetehdas Oy<\/h3>\t\t\t<div class=\"textwidget\"><\/div>\n\t\t<\/div><\/div><\/div><div id=\"pg-2843-9\"  class=\"panel-grid panel-no-style\" ><div id=\"pgc-2843-9-0\"  class=\"panel-grid-cell\" ><div id=\"panel-2843-9-0-0\" class=\"so-panel widget widget_text panel-first-child panel-last-child\" data-index=\"16\" >\t\t\t<div class=\"textwidget\"><p><strong>Toimitusjohtaja<\/strong><br \/>\nMarkku Heinonen<br \/>\nPuh. 0400 832 949<br \/>\netunimi.sukunimi@aureskoski.fi<\/p>\n<\/div>\n\t\t<\/div><\/div><div id=\"pgc-2843-9-1\"  class=\"panel-grid-cell\" ><div id=\"panel-2843-9-1-0\" class=\"so-panel widget widget_text panel-first-child panel-last-child\" data-index=\"17\" >\t\t\t<div class=\"textwidget\"><p><strong>Kehitysp\u00e4\u00e4llikk\u00f6<\/strong><br \/>\nAri Koskinen<br \/>\nPuh. 050 561 9145<br \/>\netunimi.sukunimi@aureskoski.fi<\/p>\n<\/div>\n\t\t<\/div><\/div><div id=\"pgc-2843-9-2\"  class=\"panel-grid-cell\" ><div id=\"panel-2843-9-2-0\" class=\"so-panel widget widget_text panel-first-child panel-last-child\" data-index=\"18\" >\t\t\t<div class=\"textwidget\"><p><strong>Avainasiakasp\u00e4\u00e4llikk\u00f6<\/strong><br \/>\nJorma Ojala<br \/>\nPuh. 040 525 5939<br \/>\netunimi.sukunimi@aureskoski.fi<\/p>\n<\/div>\n\t\t<\/div><\/div><div id=\"pgc-2843-9-3\"  class=\"panel-grid-cell panel-grid-cell-empty panel-grid-cell-mobile-last\" ><\/div><div id=\"pgc-2843-9-4\"  class=\"panel-grid-cell panel-grid-cell-empty\" ><\/div><\/div><div id=\"pg-2843-10\"  class=\"panel-grid panel-no-style\" ><div id=\"pgc-2843-10-0\"  class=\"panel-grid-cell\" ><div id=\"panel-2843-10-0-0\" class=\"so-panel widget widget_text panel-first-child panel-last-child\" data-index=\"19\" ><h3 class=\"widget-title\">Aureskosken Jalostetehdas Oy, Aureskoski<\/h3>\t\t\t<div class=\"textwidget\"><\/div>\n\t\t<\/div><\/div><\/div><div id=\"pg-2843-11\"  class=\"panel-grid panel-no-style\" ><div id=\"pgc-2843-11-0\"  class=\"panel-grid-cell\" ><div id=\"panel-2843-11-0-0\" class=\"so-panel widget widget_text panel-first-child panel-last-child\" data-index=\"20\" >\t\t\t<div class=\"textwidget\"><p><strong>Tuotantop\u00e4\u00e4llikk\u00f6<\/strong><\/p>\n<p>Juha Koksalo<br \/>\nPuh. 040 729 3448<br \/>\netunimi.sukunimi@aureskoski.fi<\/p>\n<\/div>\n\t\t<\/div><\/div><div id=\"pgc-2843-11-1\"  class=\"panel-grid-cell\" ><div id=\"panel-2843-11-1-0\" class=\"so-panel widget widget_text panel-first-child panel-last-child\" data-index=\"21\" >\t\t\t<div class=\"textwidget\"><p><strong>Tuotantoesimies<\/strong><\/p>\n<p>Tuomo Alanko<br \/>\nPuh. 044 786 3771<br \/>\netunimi.sukunimi@aureskoski.fi<\/p>\n<\/div>\n\t\t<\/div><\/div><div id=\"pgc-2843-11-2\"  class=\"panel-grid-cell\" ><div id=\"panel-2843-11-2-0\" class=\"so-panel widget widget_text panel-first-child panel-last-child\" data-index=\"22\" >\t\t\t<div class=\"textwidget\"><p><strong>L\u00e4hett\u00e4m\u00f6esimies<\/strong><\/p>\n<p>Unto Koksalo<br \/>\nPuh. 0400 289 984<br \/>\netunimi.sukunimi@aureskoski.fi<\/p>\n<\/div>\n\t\t<\/div><\/div><div id=\"pgc-2843-11-3\"  class=\"panel-grid-cell panel-grid-cell-empty panel-grid-cell-mobile-last\" ><\/div><div id=\"pgc-2843-11-4\"  class=\"panel-grid-cell panel-grid-cell-empty\" ><\/div><\/div><div id=\"pg-2843-12\"  class=\"panel-grid panel-no-style\" ><div id=\"pgc-2843-12-0\"  class=\"panel-grid-cell\" ><div id=\"panel-2843-12-0-0\" class=\"so-panel widget widget_text panel-first-child panel-last-child\" data-index=\"23\" ><h3 class=\"widget-title\">Aureskosken Jalostetehdas Oy, Kolho<\/h3>\t\t\t<div class=\"textwidget\"><\/div>\n\t\t<\/div><\/div><\/div><div id=\"pg-2843-13\"  class=\"panel-grid panel-no-style\" ><div id=\"pgc-2843-13-0\"  class=\"panel-grid-cell panel-grid-cell-empty\" ><\/div><div id=\"pgc-2843-13-1\"  class=\"panel-grid-cell panel-grid-cell-empty\" ><\/div><div id=\"pgc-2843-13-2\"  class=\"panel-grid-cell panel-grid-cell-empty\" ><\/div><div id=\"pgc-2843-13-3\"  class=\"panel-grid-cell panel-grid-cell-empty panel-grid-cell-mobile-last\" ><\/div><div id=\"pgc-2843-13-4\"  class=\"panel-grid-cell panel-grid-cell-empty\" ><\/div><\/div><div id=\"pg-2843-14\"  class=\"panel-grid panel-no-style\" ><div id=\"pgc-2843-14-0\"  class=\"panel-grid-cell\" ><div id=\"panel-2843-14-0-0\" class=\"so-panel widget widget_text panel-first-child panel-last-child\" data-index=\"24\" ><h3 class=\"widget-title\">Aureskosken Jalostetehdas Oy, Kaskinen<\/h3>\t\t\t<div class=\"textwidget\"><\/div>\n\t\t<\/div><\/div><\/div><div id=\"pg-2843-15\"  class=\"panel-grid panel-no-style\" ><div id=\"pgc-2843-15-0\"  class=\"panel-grid-cell\" ><div id=\"panel-2843-15-0-0\" class=\"so-panel widget widget_text panel-first-child panel-last-child\" data-index=\"25\" >\t\t\t<div class=\"textwidget\"><p><strong>Tuotantojohtaja<\/strong><\/p>\n<p>Riku Iisakkala<br \/>\nPuh.\u00a0 050 387 3820<br \/>\netunimi.sukunimi@aureskoski.fi<\/p>\n<\/div>\n\t\t<\/div><\/div><div id=\"pgc-2843-15-1\"  class=\"panel-grid-cell panel-grid-cell-empty\" ><\/div><div id=\"pgc-2843-15-2\"  class=\"panel-grid-cell panel-grid-cell-empty\" ><\/div><div id=\"pgc-2843-15-3\"  class=\"panel-grid-cell panel-grid-cell-empty panel-grid-cell-mobile-last\" ><\/div><div id=\"pgc-2843-15-4\"  class=\"panel-grid-cell panel-grid-cell-empty\" ><\/div><\/div><div id=\"pg-2843-16\"  class=\"panel-grid panel-no-style\" ><div id=\"pgc-2843-16-0\"  class=\"panel-grid-cell\" ><div id=\"panel-2843-16-0-0\" class=\"so-panel widget widget_text panel-first-child panel-last-child\" data-index=\"26\" ><h3 class=\"widget-title\">Lapuan saha Oy<\/h3>\t\t\t<div class=\"textwidget\"><\/div>\n\t\t<\/div><\/div><\/div><div id=\"pg-2843-17\"  class=\"panel-grid panel-no-style\" ><div id=\"pgc-2843-17-0\"  class=\"panel-grid-cell\" ><div id=\"panel-2843-17-0-0\" class=\"so-panel widget widget_text panel-first-child panel-last-child\" data-index=\"27\" >\t\t\t<div class=\"textwidget\"><p>Eero Kettunen<br \/>\nPuh. 0500 590 615<br \/>\netunimi.sukunimi@aureskoski.fi<\/p>\n<\/div>\n\t\t<\/div><\/div><div id=\"pgc-2843-17-1\"  class=\"panel-grid-cell panel-grid-cell-empty\" ><\/div><div id=\"pgc-2843-17-2\"  class=\"panel-grid-cell panel-grid-cell-empty\" ><\/div><div id=\"pgc-2843-17-3\"  class=\"panel-grid-cell panel-grid-cell-empty panel-grid-cell-mobile-last\" ><\/div><div id=\"pgc-2843-17-4\"  class=\"panel-grid-cell panel-grid-cell-empty\" ><\/div><\/div><div id=\"pg-2843-18\"  class=\"panel-grid panel-no-style\" ><div id=\"pgc-2843-18-0\"  class=\"panel-grid-cell\" ><div id=\"panel-2843-18-0-0\" class=\"so-panel widget widget_text panel-first-child panel-last-child\" data-index=\"28\" ><h3 class=\"widget-title\">Toimipaikat Tammisto-Yhti\u00f6t<\/h3>\t\t\t<div class=\"textwidget\"><\/div>\n\t\t<\/div><\/div><\/div><div id=\"pg-2843-19\"  class=\"panel-grid panel-no-style\" ><div id=\"pgc-2843-19-0\"  class=\"panel-grid-cell\" ><div id=\"panel-2843-19-0-0\" class=\"so-panel widget widget_text panel-first-child panel-last-child\" data-index=\"29\" >\t\t\t<div class=\"textwidget\"><p><strong>Tammiston Puu Oy<\/strong><br \/>\nYl\u00e4neentie 183 27600 HINNERJOKI<br \/>\n+358 2 8387 8600<br \/>\n<a href=\"http:\/\/www.tammistonpuu.com\/\">www.tammistonpuu.com<\/a><\/p>\n<\/div>\n\t\t<\/div><\/div><div id=\"pgc-2843-19-1\"  class=\"panel-grid-cell\" ><div id=\"panel-2843-19-1-0\" class=\"so-panel widget widget_text panel-first-child panel-last-child\" data-index=\"30\" >\t\t\t<div class=\"textwidget\"><p><strong>Aureskosken Jalostetehdas Oy Jalostetehdas<\/strong><br \/>\nAurej\u00e4rventie 70<br \/>\n39770 AURESKOSKI<\/p>\n<\/div>\n\t\t<\/div><\/div><div id=\"pgc-2843-19-2\"  class=\"panel-grid-cell\" ><div id=\"panel-2843-19-2-0\" class=\"so-panel widget widget_text panel-first-child panel-last-child\" data-index=\"31\" >\t\t\t<div class=\"textwidget\"><p><strong>Aureskosken Jalostetehdas Oy Kolhon kyll\u00e4st\u00e4m\u00f6<\/strong><br \/>\nKyll\u00e4st\u00e4m\u00f6ntie 10<br \/>\n35990 KOLHO<\/p>\n<\/div>\n\t\t<\/div><\/div><\/div><div id=\"pg-2843-20\"  class=\"panel-grid panel-no-style\" ><div id=\"pgc-2843-20-0\"  class=\"panel-grid-cell\" ><div id=\"panel-2843-20-0-0\" class=\"so-panel widget widget_text panel-first-child panel-last-child\" data-index=\"32\" >\t\t\t<div class=\"textwidget\"><p><strong>Aureskosken Jalostetehdas Oy Kaskisten h\u00f6yl\u00e4\u00e4m\u00f6<\/strong><br \/>\nPuutavarantie 1<br \/>\n64260 KASKINEN<\/p>\n<\/div>\n\t\t<\/div><\/div><div id=\"pgc-2843-20-1\"  class=\"panel-grid-cell\" ><div id=\"panel-2843-20-1-0\" class=\"so-panel widget widget_text panel-first-child panel-last-child\" data-index=\"33\" >\t\t\t<div class=\"textwidget\"><p><strong>Aureskosken Jalostetehdas Oy Pellettitehdas<\/strong><br \/>\nSahatie 1<br \/>\n39700 Parkano<\/p>\n<\/div>\n\t\t<\/div><\/div><div id=\"pgc-2843-20-2\"  class=\"panel-grid-cell\" ><div id=\"panel-2843-20-2-0\" class=\"so-panel widget widget_text panel-first-child panel-last-child\" data-index=\"34\" >\t\t\t<div class=\"textwidget\"><p><strong>Lapuan Saha Oy<\/strong><br \/>\nHonkimets\u00e4ntie 9<br \/>\n62100 Lapua<br \/>\n<a href=\"http:\/\/www.lapuansaha.fi\/\">www.lapuansaha.fi<\/a><\/p>\n<\/div>\n\t\t<\/div><\/div><\/div><div id=\"pg-2843-21\"  class=\"panel-grid panel-no-style\" ><div id=\"pgc-2843-21-0\"  class=\"panel-grid-cell\" ><div id=\"panel-2843-21-0-0\" class=\"so-panel widget widget_text panel-first-child panel-last-child\" data-index=\"35\" ><h3 class=\"widget-title\">Laskutustiedot<\/h3>\t\t\t<div class=\"textwidget\"><p><a href=\"https:\/\/aureskoski.fi\/wp-content\/uploads\/2020\/08\/Aureskoski_laskutusohje2020.pdf\">Aureskosken Jalostetehdas Oy &#8211; laskutusohje<\/a><\/p>\n<\/div>\n\t\t<\/div><\/div><\/div><div id=\"pg-2843-22\"  class=\"panel-grid panel-no-style\" ><div id=\"pgc-2843-22-0\"  class=\"panel-grid-cell\" ><div id=\"panel-2843-22-0-0\" class=\"so-panel widget widget_media_image panel-first-child panel-last-child\" data-index=\"36\" ><figure style=\"width: 1024px\" class=\"wp-caption alignnone\"><img loading=\"lazy\" decoding=\"async\" width=\"1024\" height=\"655\" src=\"https:\/\/aureskoski.fi\/wp-content\/uploads\/2019\/11\/Aureskoski-alue-1-1024x655.jpg\" class=\"image wp-image-4993  attachment-large size-large\" alt=\"\" style=\"max-width: 100%; height: auto;\" srcset=\"https:\/\/aureskoski.fi\/wp-content\/uploads\/2019\/11\/Aureskoski-alue-1.jpg 1024w, https:\/\/aureskoski.fi\/wp-content\/uploads\/2019\/11\/Aureskoski-alue-1-300x192.jpg 300w, https:\/\/aureskoski.fi\/wp-content\/uploads\/2019\/11\/Aureskoski-alue-1-768x491.jpg 768w, https:\/\/aureskoski.fi\/wp-content\/uploads\/2019\/11\/Aureskoski-alue-1-555x355.jpg 555w\" sizes=\"auto, (max-width: 1024px) 100vw, 1024px\" \/><figcaption class=\"wp-caption-text\">Aureskosken tuotantolaitoksessa on 120 000 m3 kapasiteetti paneelien ja lattialautojen ja muiden jalosteiden valmistukseen sek\u00e4 pintak\u00e4sittelylaitos.<\/figcaption><\/figure><\/div><\/div><div id=\"pgc-2843-22-1\"  class=\"panel-grid-cell\" ><div id=\"panel-2843-22-1-0\" class=\"so-panel widget widget_media_image panel-first-child panel-last-child\" data-index=\"37\" ><figure style=\"width: 1024px\" class=\"wp-caption alignnone\"><img loading=\"lazy\" decoding=\"async\" width=\"1024\" height=\"683\" src=\"https:\/\/aureskoski.fi\/wp-content\/uploads\/2017\/09\/Aureskosken-jalostetehdas-Kaskinen-1024x683.jpg\" class=\"image wp-image-2419  attachment-large size-large\" alt=\"\" style=\"max-width: 100%; height: auto;\" srcset=\"https:\/\/aureskoski.fi\/wp-content\/uploads\/2017\/09\/Aureskosken-jalostetehdas-Kaskinen-1024x683.jpg 1024w, https:\/\/aureskoski.fi\/wp-content\/uploads\/2017\/09\/Aureskosken-jalostetehdas-Kaskinen-300x200.jpg 300w, https:\/\/aureskoski.fi\/wp-content\/uploads\/2017\/09\/Aureskosken-jalostetehdas-Kaskinen-768x512.jpg 768w, https:\/\/aureskoski.fi\/wp-content\/uploads\/2017\/09\/Aureskosken-jalostetehdas-Kaskinen-360x240.jpg 360w, https:\/\/aureskoski.fi\/wp-content\/uploads\/2017\/09\/Aureskosken-jalostetehdas-Kaskinen-555x370.jpg 555w, https:\/\/aureskoski.fi\/wp-content\/uploads\/2017\/09\/Aureskosken-jalostetehdas-Kaskinen-272x182.jpg 272w\" sizes=\"auto, (max-width: 1024px) 100vw, 1024px\" \/><figcaption class=\"wp-caption-text\">KASKINEN KUTTER-tuotanto ja jalostuslaitos. Hyv\u00e4t kulkuyhteydet, rautatie ja tontti yhdistyy syv\u00e4satamaan.<\/figcaption><\/figure><\/div><\/div><\/div><div id=\"pg-2843-23\"  class=\"panel-grid panel-no-style\" ><div id=\"pgc-2843-23-0\"  class=\"panel-grid-cell\" ><div id=\"panel-2843-23-0-0\" class=\"so-panel widget widget_media_image panel-first-child panel-last-child\" data-index=\"38\" ><figure style=\"width: 1024px\" class=\"wp-caption alignnone\"><img loading=\"lazy\" decoding=\"async\" width=\"1024\" height=\"683\" src=\"https:\/\/aureskoski.fi\/wp-content\/uploads\/2017\/09\/Aureskosken-Jalostetehdas-Kolho-1024x683.jpg\" class=\"image wp-image-2418  attachment-large size-large\" alt=\"\" style=\"max-width: 100%; height: auto;\" srcset=\"https:\/\/aureskoski.fi\/wp-content\/uploads\/2017\/09\/Aureskosken-Jalostetehdas-Kolho-1024x683.jpg 1024w, https:\/\/aureskoski.fi\/wp-content\/uploads\/2017\/09\/Aureskosken-Jalostetehdas-Kolho-300x200.jpg 300w, https:\/\/aureskoski.fi\/wp-content\/uploads\/2017\/09\/Aureskosken-Jalostetehdas-Kolho-768x512.jpg 768w, https:\/\/aureskoski.fi\/wp-content\/uploads\/2017\/09\/Aureskosken-Jalostetehdas-Kolho-360x240.jpg 360w, https:\/\/aureskoski.fi\/wp-content\/uploads\/2017\/09\/Aureskosken-Jalostetehdas-Kolho-555x370.jpg 555w, https:\/\/aureskoski.fi\/wp-content\/uploads\/2017\/09\/Aureskosken-Jalostetehdas-Kolho-272x182.jpg 272w\" sizes=\"auto, (max-width: 1024px) 100vw, 1024px\" \/><figcaption class=\"wp-caption-text\">KOLHO Painekyll\u00e4stetyille tuotteille on 80 000 m3 kapasiteetti.<\/figcaption><\/figure><\/div><\/div><div id=\"pgc-2843-23-1\"  class=\"panel-grid-cell\" ><div id=\"panel-2843-23-1-0\" class=\"so-panel widget widget_media_image panel-first-child panel-last-child\" data-index=\"39\" ><figure style=\"width: 1024px\" class=\"wp-caption alignnone\"><img loading=\"lazy\" decoding=\"async\" width=\"1024\" height=\"728\" src=\"https:\/\/aureskoski.fi\/wp-content\/uploads\/2017\/09\/Aureskosken-Jalostetehdas-Pellettitehdas-Parkano-1024x728.jpg\" class=\"image wp-image-2417  attachment-large size-large\" alt=\"\" style=\"max-width: 100%; height: auto;\" srcset=\"https:\/\/aureskoski.fi\/wp-content\/uploads\/2017\/09\/Aureskosken-Jalostetehdas-Pellettitehdas-Parkano-1024x728.jpg 1024w, https:\/\/aureskoski.fi\/wp-content\/uploads\/2017\/09\/Aureskosken-Jalostetehdas-Pellettitehdas-Parkano-300x213.jpg 300w, https:\/\/aureskoski.fi\/wp-content\/uploads\/2017\/09\/Aureskosken-Jalostetehdas-Pellettitehdas-Parkano-768x546.jpg 768w, https:\/\/aureskoski.fi\/wp-content\/uploads\/2017\/09\/Aureskosken-Jalostetehdas-Pellettitehdas-Parkano-555x395.jpg 555w, https:\/\/aureskoski.fi\/wp-content\/uploads\/2017\/09\/Aureskosken-Jalostetehdas-Pellettitehdas-Parkano.jpg 1772w\" sizes=\"auto, (max-width: 1024px) 100vw, 1024px\" \/><figcaption class=\"wp-caption-text\">Parkano, pelletti<\/figcaption><\/figure><\/div><\/div><\/div><\/div>","protected":false},"excerpt":{"rendered":"<p>\u00a0 Aureskosken Jalostetehdas Oy Aurej\u00e4rventie 70 39770 AURESKOSKI +358 2 8387 8600 myynti@aureskoski.fi<\/p>\n","protected":false},"author":1,"featured_media":0,"parent":0,"menu_order":0,"comment_status":"closed","ping_status":"closed","template":"template-builder-page.php","meta":{"_acf_changed":false,"_exactmetrics_skip_tracking":false,"_exactmetrics_sitenote_active":false,"_exactmetrics_sitenote_note":"","_exactmetrics_sitenote_category":0,"footnotes":""},"class_list":["post-2843","page","type-page","status-publish","hentry"],"acf":[],"_links":{"self":[{"href":"https:\/\/aureskoski.fi\/et\/wp-json\/wp\/v2\/pages\/2843","targetHints":{"allow":["GET"]}}],"collection":[{"href":"https:\/\/aureskoski.fi\/et\/wp-json\/wp\/v2\/pages"}],"about":[{"href":"https:\/\/aureskoski.fi\/et\/wp-json\/wp\/v2\/types\/page"}],"author":[{"embeddable":true,"href":"https:\/\/aureskoski.fi\/et\/wp-json\/wp\/v2\/users\/1"}],"replies":[{"embeddable":true,"href":"https:\/\/aureskoski.fi\/et\/wp-json\/wp\/v2\/comments?post=2843"}],"version-history":[{"count":30,"href":"https:\/\/aureskoski.fi\/et\/wp-json\/wp\/v2\/pages\/2843\/revisions"}],"predecessor-version":[{"id":10402,"href":"https:\/\/aureskoski.fi\/et\/wp-json\/wp\/v2\/pages\/2843\/revisions\/10402"}],"wp:attachment":[{"href":"https:\/\/aureskoski.fi\/et\/wp-json\/wp\/v2\/media?parent=2843"}],"curies":[{"name":"wp","href":"https:\/\/api.w.org\/{rel}","templated":true}]}}