{"id":8757,"date":"2022-10-18T10:57:41","date_gmt":"2022-10-18T07:57:41","guid":{"rendered":"https:\/\/aureskoski.fi\/kivipuu-2\/"},"modified":"2022-10-18T11:35:59","modified_gmt":"2022-10-18T08:35:59","slug":"kivipuu","status":"publish","type":"page","link":"https:\/\/aureskoski.fi\/et\/kivipuu\/","title":{"rendered":"KIVIPUU"},"content":{"rendered":"<div id=\"pl-8757\"  class=\"panel-layout\" ><div id=\"pg-8757-0\"  class=\"panel-grid panel-no-style\" ><div id=\"pgc-8757-0-0\"  class=\"panel-grid-cell panel-grid-cell-empty\" ><\/div><\/div><div id=\"pg-8757-1\"  class=\"panel-grid panel-no-style\" ><div id=\"pgc-8757-1-0\"  class=\"panel-grid-cell\" ><div id=\"panel-8757-1-0-0\" class=\"so-panel widget widget_black-studio-tinymce widget_black_studio_tinymce panel-first-child panel-last-child\" data-index=\"0\" ><div class=\"textwidget\"><p><strong>KIVIPUU<\/strong> on t\u00e4iesti mittetoksiline, vastupidav puit, mis p\u00f5hineb looduse enda kivistumisprotsessil. Selle per\u00e4st on KIVIPUU \u00fclimalt vastupidav ja tulekindel. KIVIPUU-t\u00f6\u00f6deldud puit on patineeritud p\u00e4ikesevalguse ilusa p\u00e4ikese k\u00e4es. Seda ei pea \u00f5litama, nii et see on praktiliselt hooldusvaba.Toorainena kasutatakse soome valitud m\u00e4ndi, mis t\u00f6\u00f6deldakse kvaliteetseks KIVIPUUKS.<br \/>\nSuletud puitpinnarakk muudab selle ideaalseks kasutamiseks erinevatel aastaaegadel. Selle pind hoiab niiskuse eemal, nii et m\u00e4danemist ei juhtu. Kevadel on see ilma igasuguse hoolduseta kasutamiseks valmis. KIVIPUUT toodetakse ka silikaatpinnat\u00f6\u00f6tlusega, mis suurendab selle vetth\u00fclgavaid omadusi.<\/p>\n<p>Kivipuu on ka tulekindel, n\u00e4itena Helsingi ol\u00fcmpiastaadioni katusekonstruktsioonid.<\/p>\n<p><strong>KIVIPUU seisab Soomes ja igal pool keeruliste tingimuste ees.<\/strong><\/p>\n<\/div><\/div><\/div><div id=\"pgc-8757-1-1\"  class=\"panel-grid-cell\" ><div id=\"panel-8757-1-1-0\" class=\"so-panel widget widget_sow-slider panel-first-child panel-last-child\" data-index=\"1\" ><div\n\t\t\t\n\t\t\tclass=\"so-widget-sow-slider so-widget-sow-slider-default-55540909f205-8757\"\n\t\t\t\n\t\t>\t\t\t\t<div class=\"sow-slider-base\" style=\"display: none\" tabindex=\"0\">\n\t\t\t\t\t<ul\n\t\t\t\t\tclass=\"sow-slider-images\"\n\t\t\t\t\tdata-settings=\"{&quot;pagination&quot;:true,&quot;speed&quot;:800,&quot;timeout&quot;:8000,&quot;paused&quot;:true,&quot;pause_on_hover&quot;:false,&quot;swipe&quot;:true,&quot;nav_always_show_desktop&quot;:true,&quot;nav_always_show_mobile&quot;:&quot;&quot;,&quot;breakpoint&quot;:&quot;780px&quot;,&quot;unmute&quot;:false,&quot;anchor&quot;:null}\"\n\t\t\t\t\t\t\t\t\t\tdata-anchor-id=\"\"\n\t\t\t\t>\t\t<li class=\"sow-slider-image\" style=\"visibility: visible;\" >\n\t\t\t\t\t\t<div class=\"sow-slider-image-container\">\n\t\t\t\t<div class=\"sow-slider-image-wrapper\" style=\"max-width: 1024px\">\n\t\t\t\t\t\t\t\t\t\t<div class=\"sow-slider-image-foreground-wrapper\">\n\t\t\t\t\t\t<img loading=\"lazy\" decoding=\"async\" width=\"1024\" height=\"803\" src=\"https:\/\/aureskoski.fi\/wp-content\/uploads\/2022\/10\/kivipuu_1.2.png\" class=\"sow-slider-foreground-image\" alt=\"\" style=\"height: 300px; width: auto;max-height: 803px\" srcset=\"https:\/\/aureskoski.fi\/wp-content\/uploads\/2022\/10\/kivipuu_1.2.png 1024w, https:\/\/aureskoski.fi\/wp-content\/uploads\/2022\/10\/kivipuu_1.2-300x235.png 300w, https:\/\/aureskoski.fi\/wp-content\/uploads\/2022\/10\/kivipuu_1.2-768x602.png 768w, https:\/\/aureskoski.fi\/wp-content\/uploads\/2022\/10\/kivipuu_1.2-555x435.png 555w\" sizes=\"auto, (max-width: 1024px) 100vw, 1024px\" \/>\t\t\t\t\t<\/div>\n\t\t\t\t\t\t\t\t\t<\/div>\n\t\t\t<\/div>\n\t\t\t\t\t<\/li>\n\t\t\t\t<li class=\"sow-slider-image\" style=\"visibility: hidden;\" >\n\t\t\t\t\t\t<div class=\"sow-slider-image-container\">\n\t\t\t\t<div class=\"sow-slider-image-wrapper\" style=\"max-width: 844px\">\n\t\t\t\t\t\t\t\t\t\t<div class=\"sow-slider-image-foreground-wrapper\">\n\t\t\t\t\t\t<img loading=\"lazy\" decoding=\"async\" width=\"844\" height=\"1024\" src=\"https:\/\/aureskoski.fi\/wp-content\/uploads\/2022\/10\/kivipuu_1.1.png\" class=\"sow-slider-foreground-image\" alt=\"\" style=\"height: 300px; width: auto;max-height: 1024px\" srcset=\"https:\/\/aureskoski.fi\/wp-content\/uploads\/2022\/10\/kivipuu_1.1.png 844w, https:\/\/aureskoski.fi\/wp-content\/uploads\/2022\/10\/kivipuu_1.1-247x300.png 247w, https:\/\/aureskoski.fi\/wp-content\/uploads\/2022\/10\/kivipuu_1.1-768x932.png 768w, https:\/\/aureskoski.fi\/wp-content\/uploads\/2022\/10\/kivipuu_1.1-457x555.png 457w\" sizes=\"auto, (max-width: 844px) 100vw, 844px\" \/>\t\t\t\t\t<\/div>\n\t\t\t\t\t\t\t\t\t<\/div>\n\t\t\t<\/div>\n\t\t\t\t\t<\/li>\n\t\t\t\t<li class=\"sow-slider-image\" style=\"visibility: hidden;\" >\n\t\t\t\t\t\t<div class=\"sow-slider-image-container\">\n\t\t\t\t<div class=\"sow-slider-image-wrapper\" style=\"max-width: 900px\">\n\t\t\t\t\t\t\t\t\t\t<div class=\"sow-slider-image-foreground-wrapper\">\n\t\t\t\t\t\t<img loading=\"lazy\" decoding=\"async\" width=\"900\" height=\"1024\" src=\"https:\/\/aureskoski.fi\/wp-content\/uploads\/2022\/10\/kivipuu_1.3.png\" class=\"sow-slider-foreground-image\" alt=\"\" style=\"height: 300px; width: auto;max-height: 1024px\" srcset=\"https:\/\/aureskoski.fi\/wp-content\/uploads\/2022\/10\/kivipuu_1.3.png 900w, https:\/\/aureskoski.fi\/wp-content\/uploads\/2022\/10\/kivipuu_1.3-264x300.png 264w, https:\/\/aureskoski.fi\/wp-content\/uploads\/2022\/10\/kivipuu_1.3-768x874.png 768w, https:\/\/aureskoski.fi\/wp-content\/uploads\/2022\/10\/kivipuu_1.3-488x555.png 488w\" sizes=\"auto, (max-width: 900px) 100vw, 900px\" \/>\t\t\t\t\t<\/div>\n\t\t\t\t\t\t\t\t\t<\/div>\n\t\t\t<\/div>\n\t\t\t\t\t<\/li>\n\t\t<\/ul>\t\t\t\t<ol class=\"sow-slider-pagination\">\n\t\t\t\t\t\t\t\t\t\t\t<li><a href=\"#\" data-goto=\"0\" aria-label=\"Display slide 1\"><\/a><\/li>\n\t\t\t\t\t\t\t\t\t\t\t<li><a href=\"#\" data-goto=\"1\" aria-label=\"Display slide 2\"><\/a><\/li>\n\t\t\t\t\t\t\t\t\t\t\t<li><a href=\"#\" data-goto=\"2\" aria-label=\"Display slide 3\"><\/a><\/li>\n\t\t\t\t\t\t\t\t\t<\/ol>\n\n\t\t\t\t<div class=\"sow-slide-nav sow-slide-nav-next\">\n\t\t\t\t\t<a href=\"#\" data-goto=\"next\" aria-label=\"Next slide\" data-action=\"next\">\n\t\t\t\t\t\t<em class=\"sow-sld-icon-thin-right\"><\/em>\n\t\t\t\t\t<\/a>\n\t\t\t\t<\/div>\n\n\t\t\t\t<div class=\"sow-slide-nav sow-slide-nav-prev\">\n\t\t\t\t\t<a href=\"#\" data-goto=\"previous\" aria-label=\"Previous slide\" data-action=\"prev\">\n\t\t\t\t\t\t<em class=\"sow-sld-icon-thin-left\"><\/em>\n\t\t\t\t\t<\/a>\n\t\t\t\t<\/div>\n\t\t\t\t<\/div><\/div><\/div><\/div><\/div><div id=\"pg-8757-2\"  class=\"panel-grid panel-no-style\" ><div id=\"pgc-8757-2-0\"  class=\"panel-grid-cell\" ><div id=\"panel-8757-2-0-0\" class=\"so-panel widget widget_pt_brochure_box widget-brochure-box panel-first-child panel-last-child\" data-index=\"2\" >\t\t\t<a class=\"brochure-box\" href=\"https:\/\/rakennusmaailma.fi\/kivipuu-fossiloi-puutavaran\/\" target=\"_blank\">\n\t\t\t\t<i class=\"fa  fa-file-pdf-o\"><\/i>\n\t\t\t\t<h5 class=\"brochure-box__text\">Tekniikan Maailman lugu: Kivipuu-fossiloi-puutavaran<\/h5>\n\t\t\t<\/a>\n\n\t\t\t<\/div><\/div><\/div><div id=\"pg-8757-3\"  class=\"panel-grid panel-no-style\" ><div id=\"pgc-8757-3-0\"  class=\"panel-grid-cell\" ><div id=\"panel-8757-3-0-0\" class=\"so-panel widget widget_sow-slider panel-first-child panel-last-child\" data-index=\"3\" ><div\n\t\t\t\n\t\t\tclass=\"so-widget-sow-slider so-widget-sow-slider-default-32310c87c8a3-8757\"\n\t\t\t\n\t\t>\t\t\t\t<div class=\"sow-slider-base\" style=\"display: none\" tabindex=\"0\">\n\t\t\t\t\t<ul\n\t\t\t\t\tclass=\"sow-slider-images\"\n\t\t\t\t\tdata-settings=\"{&quot;pagination&quot;:true,&quot;speed&quot;:4000,&quot;timeout&quot;:1000,&quot;paused&quot;:false,&quot;pause_on_hover&quot;:false,&quot;swipe&quot;:true,&quot;nav_always_show_desktop&quot;:&quot;&quot;,&quot;nav_always_show_mobile&quot;:&quot;&quot;,&quot;breakpoint&quot;:&quot;780px&quot;,&quot;unmute&quot;:false,&quot;anchor&quot;:null}\"\n\t\t\t\t\t\t\t\t\t\tdata-anchor-id=\"\"\n\t\t\t\t>\t\t<li class=\"sow-slider-image\" style=\"visibility: visible;\" >\n\t\t\t\t\t\t<div class=\"sow-slider-image-container\">\n\t\t\t\t<div class=\"sow-slider-image-wrapper\" style=\"max-width: 1000px\">\n\t\t\t\t\t\t\t\t\t\t<div class=\"sow-slider-image-foreground-wrapper\">\n\t\t\t\t\t\t<img loading=\"lazy\" decoding=\"async\" width=\"1000\" height=\"563\" src=\"https:\/\/aureskoski.fi\/wp-content\/uploads\/2022\/03\/kivipuu_laituri-scaled-e1665036532172.jpg\" class=\"sow-slider-foreground-image\" alt=\"\" style=\"height: 500px; width: auto;max-height: 563px\" srcset=\"https:\/\/aureskoski.fi\/wp-content\/uploads\/2022\/03\/kivipuu_laituri-scaled-e1665036532172.jpg 1000w, https:\/\/aureskoski.fi\/wp-content\/uploads\/2022\/03\/kivipuu_laituri-scaled-e1665036532172-300x169.jpg 300w, https:\/\/aureskoski.fi\/wp-content\/uploads\/2022\/03\/kivipuu_laituri-scaled-e1665036532172-768x432.jpg 768w, https:\/\/aureskoski.fi\/wp-content\/uploads\/2022\/03\/kivipuu_laituri-scaled-e1665036532172-555x312.jpg 555w\" sizes=\"auto, (max-width: 1000px) 100vw, 1000px\" \/>\t\t\t\t\t<\/div>\n\t\t\t\t\t\t\t\t\t<\/div>\n\t\t\t<\/div>\n\t\t\t\t\t<\/li>\n\t\t\t\t<li class=\"sow-slider-image\" style=\"visibility: hidden;\" >\n\t\t\t\t\t\t<div class=\"sow-slider-image-container\">\n\t\t\t\t<div class=\"sow-slider-image-wrapper\" style=\"max-width: 771px\">\n\t\t\t\t\t\t\t\t\t\t<div class=\"sow-slider-image-foreground-wrapper\">\n\t\t\t\t\t\t<img loading=\"lazy\" decoding=\"async\" width=\"771\" height=\"478\" src=\"https:\/\/aureskoski.fi\/wp-content\/uploads\/2022\/03\/kivipuu_kupittaa_sokos_2-e1665037552183.jpg\" class=\"sow-slider-foreground-image\" alt=\"\" style=\"height: 500px; width: auto;max-height: 478px\" srcset=\"https:\/\/aureskoski.fi\/wp-content\/uploads\/2022\/03\/kivipuu_kupittaa_sokos_2-e1665037552183.jpg 771w, https:\/\/aureskoski.fi\/wp-content\/uploads\/2022\/03\/kivipuu_kupittaa_sokos_2-e1665037552183-300x186.jpg 300w, https:\/\/aureskoski.fi\/wp-content\/uploads\/2022\/03\/kivipuu_kupittaa_sokos_2-e1665037552183-768x476.jpg 768w, https:\/\/aureskoski.fi\/wp-content\/uploads\/2022\/03\/kivipuu_kupittaa_sokos_2-e1665037552183-555x344.jpg 555w\" sizes=\"auto, (max-width: 771px) 100vw, 771px\" \/>\t\t\t\t\t<\/div>\n\t\t\t\t\t\t\t\t\t<\/div>\n\t\t\t<\/div>\n\t\t\t\t\t<\/li>\n\t\t\t\t<li class=\"sow-slider-image\" style=\"visibility: hidden;\" >\n\t\t\t\t\t\t<div class=\"sow-slider-image-container\">\n\t\t\t\t<div class=\"sow-slider-image-wrapper\" style=\"max-width: 1048px\">\n\t\t\t\t\t\t\t\t\t\t<div class=\"sow-slider-image-foreground-wrapper\">\n\t\t\t\t\t\t<img loading=\"lazy\" decoding=\"async\" width=\"1048\" height=\"608\" src=\"https:\/\/aureskoski.fi\/wp-content\/uploads\/2022\/03\/kivipuu_kupittaa_sokos-scaled-e1665037533238.jpg\" class=\"sow-slider-foreground-image\" alt=\"\" style=\"height: 500px; width: auto;max-height: 608px\" srcset=\"https:\/\/aureskoski.fi\/wp-content\/uploads\/2022\/03\/kivipuu_kupittaa_sokos-scaled-e1665037533238.jpg 1048w, https:\/\/aureskoski.fi\/wp-content\/uploads\/2022\/03\/kivipuu_kupittaa_sokos-scaled-e1665037533238-300x174.jpg 300w, https:\/\/aureskoski.fi\/wp-content\/uploads\/2022\/03\/kivipuu_kupittaa_sokos-scaled-e1665037533238-1024x594.jpg 1024w, https:\/\/aureskoski.fi\/wp-content\/uploads\/2022\/03\/kivipuu_kupittaa_sokos-scaled-e1665037533238-768x446.jpg 768w, https:\/\/aureskoski.fi\/wp-content\/uploads\/2022\/03\/kivipuu_kupittaa_sokos-scaled-e1665037533238-555x322.jpg 555w\" sizes=\"auto, (max-width: 1048px) 100vw, 1048px\" \/>\t\t\t\t\t<\/div>\n\t\t\t\t\t\t\t\t\t<\/div>\n\t\t\t<\/div>\n\t\t\t\t\t<\/li>\n\t\t\t\t<li class=\"sow-slider-image\" style=\"visibility: hidden;\" >\n\t\t\t\t\t\t<div class=\"sow-slider-image-container\">\n\t\t\t\t<div class=\"sow-slider-image-wrapper\" style=\"max-width: 710px\">\n\t\t\t\t\t\t\t\t\t\t<div class=\"sow-slider-image-foreground-wrapper\">\n\t\t\t\t\t\t<img loading=\"lazy\" decoding=\"async\" width=\"710\" height=\"415\" src=\"https:\/\/aureskoski.fi\/wp-content\/uploads\/2019\/11\/Kivipuu-Kisu-e1665037493905.jpg\" class=\"sow-slider-foreground-image\" alt=\"\" style=\"height: 500px; width: auto;max-height: 415px\" srcset=\"https:\/\/aureskoski.fi\/wp-content\/uploads\/2019\/11\/Kivipuu-Kisu-e1665037493905.jpg 710w, https:\/\/aureskoski.fi\/wp-content\/uploads\/2019\/11\/Kivipuu-Kisu-e1665037493905-300x175.jpg 300w, https:\/\/aureskoski.fi\/wp-content\/uploads\/2019\/11\/Kivipuu-Kisu-e1665037493905-555x324.jpg 555w\" sizes=\"auto, (max-width: 710px) 100vw, 710px\" \/>\t\t\t\t\t<\/div>\n\t\t\t\t\t\t\t\t\t<\/div>\n\t\t\t<\/div>\n\t\t\t\t\t<\/li>\n\t\t\t\t<li class=\"sow-slider-image\" style=\"visibility: hidden;\" >\n\t\t\t\t\t\t<div class=\"sow-slider-image-container\">\n\t\t\t\t<div class=\"sow-slider-image-wrapper\" style=\"max-width: 1024px\">\n\t\t\t\t\t\t\t\t\t\t<div class=\"sow-slider-image-foreground-wrapper\">\n\t\t\t\t\t\t<img loading=\"lazy\" decoding=\"async\" width=\"1024\" height=\"634\" src=\"https:\/\/aureskoski.fi\/wp-content\/uploads\/2019\/11\/Olumpia-\u2013-kopio.jpg\" class=\"sow-slider-foreground-image\" alt=\"\" style=\"height: 500px; width: auto;max-height: 634px\" srcset=\"https:\/\/aureskoski.fi\/wp-content\/uploads\/2019\/11\/Olumpia-\u2013-kopio.jpg 1024w, https:\/\/aureskoski.fi\/wp-content\/uploads\/2019\/11\/Olumpia-\u2013-kopio-300x186.jpg 300w, https:\/\/aureskoski.fi\/wp-content\/uploads\/2019\/11\/Olumpia-\u2013-kopio-768x476.jpg 768w, https:\/\/aureskoski.fi\/wp-content\/uploads\/2019\/11\/Olumpia-\u2013-kopio-555x344.jpg 555w\" sizes=\"auto, (max-width: 1024px) 100vw, 1024px\" \/>\t\t\t\t\t<\/div>\n\t\t\t\t\t\t\t\t\t<\/div>\n\t\t\t<\/div>\n\t\t\t\t\t<\/li>\n\t\t\t\t<li class=\"sow-slider-image\" style=\"visibility: hidden;\" >\n\t\t\t\t\t\t<div class=\"sow-slider-image-container\">\n\t\t\t\t<div class=\"sow-slider-image-wrapper\" style=\"max-width: 1024px\">\n\t\t\t\t\t\t\t\t\t\t<div class=\"sow-slider-image-foreground-wrapper\">\n\t\t\t\t\t\t<img loading=\"lazy\" decoding=\"async\" width=\"1024\" height=\"519\" src=\"https:\/\/aureskoski.fi\/wp-content\/uploads\/2019\/11\/2.-Katsomosta-n\u00e4kee-koko-kivipuukaton-e1574241979946.jpg\" class=\"sow-slider-foreground-image\" alt=\"\" style=\"height: 500px; width: auto;max-height: 519px\" \/>\t\t\t\t\t<\/div>\n\t\t\t\t\t\t\t\t\t<\/div>\n\t\t\t<\/div>\n\t\t\t\t\t<\/li>\n\t\t\t\t<li class=\"sow-slider-image\" style=\"visibility: hidden;\" >\n\t\t\t\t\t\t<div class=\"sow-slider-image-container\">\n\t\t\t\t<div class=\"sow-slider-image-wrapper\" style=\"max-width: 994px\">\n\t\t\t\t\t\t\t\t\t\t<div class=\"sow-slider-image-foreground-wrapper\">\n\t\t\t\t\t\t<img loading=\"lazy\" decoding=\"async\" width=\"994\" height=\"566\" src=\"https:\/\/aureskoski.fi\/wp-content\/uploads\/2019\/11\/Kivipuualhaalta-e1665037665417.jpg\" class=\"sow-slider-foreground-image\" alt=\"\" style=\"height: 500px; width: auto;max-height: 566px\" srcset=\"https:\/\/aureskoski.fi\/wp-content\/uploads\/2019\/11\/Kivipuualhaalta-e1665037665417.jpg 994w, https:\/\/aureskoski.fi\/wp-content\/uploads\/2019\/11\/Kivipuualhaalta-e1665037665417-300x171.jpg 300w, https:\/\/aureskoski.fi\/wp-content\/uploads\/2019\/11\/Kivipuualhaalta-e1665037665417-768x437.jpg 768w, https:\/\/aureskoski.fi\/wp-content\/uploads\/2019\/11\/Kivipuualhaalta-e1665037665417-555x316.jpg 555w\" sizes=\"auto, (max-width: 994px) 100vw, 994px\" \/>\t\t\t\t\t<\/div>\n\t\t\t\t\t\t\t\t\t<\/div>\n\t\t\t<\/div>\n\t\t\t\t\t<\/li>\n\t\t<\/ul>\t\t\t\t<ol class=\"sow-slider-pagination\">\n\t\t\t\t\t\t\t\t\t\t\t<li><a href=\"#\" data-goto=\"0\" aria-label=\"Display slide 1\"><\/a><\/li>\n\t\t\t\t\t\t\t\t\t\t\t<li><a href=\"#\" data-goto=\"1\" aria-label=\"Display slide 2\"><\/a><\/li>\n\t\t\t\t\t\t\t\t\t\t\t<li><a href=\"#\" data-goto=\"2\" aria-label=\"Display slide 3\"><\/a><\/li>\n\t\t\t\t\t\t\t\t\t\t\t<li><a href=\"#\" data-goto=\"3\" aria-label=\"Display slide 4\"><\/a><\/li>\n\t\t\t\t\t\t\t\t\t\t\t<li><a href=\"#\" data-goto=\"4\" aria-label=\"Display slide 5\"><\/a><\/li>\n\t\t\t\t\t\t\t\t\t\t\t<li><a href=\"#\" data-goto=\"5\" aria-label=\"Display slide 6\"><\/a><\/li>\n\t\t\t\t\t\t\t\t\t\t\t<li><a href=\"#\" data-goto=\"6\" aria-label=\"Display slide 7\"><\/a><\/li>\n\t\t\t\t\t\t\t\t\t<\/ol>\n\n\t\t\t\t<div class=\"sow-slide-nav sow-slide-nav-next\">\n\t\t\t\t\t<a href=\"#\" data-goto=\"next\" aria-label=\"Next slide\" data-action=\"next\">\n\t\t\t\t\t\t<em class=\"sow-sld-icon-thin-right\"><\/em>\n\t\t\t\t\t<\/a>\n\t\t\t\t<\/div>\n\n\t\t\t\t<div class=\"sow-slide-nav sow-slide-nav-prev\">\n\t\t\t\t\t<a href=\"#\" data-goto=\"previous\" aria-label=\"Previous slide\" data-action=\"prev\">\n\t\t\t\t\t\t<em class=\"sow-sld-icon-thin-left\"><\/em>\n\t\t\t\t\t<\/a>\n\t\t\t\t<\/div>\n\t\t\t\t<\/div><\/div><\/div><\/div><\/div><\/div>","protected":false},"excerpt":{"rendered":"<p>KIVIPUU on t\u00e4iesti mittetoksiline, vastupidav puit, mis p\u00f5hineb looduse enda kivistumisprotsessil. Selle per\u00e4st on KIVIPUU \u00fclimalt vastupidav ja tulekindel. KIVIPUU-t\u00f6\u00f6deldud puit on patineeritud p\u00e4ikesevalguse ilusa p\u00e4ikese k\u00e4es. Seda ei pea \u00f5litama, nii et see on praktiliselt hooldusvaba.Toorainena kasutatakse soome valitud m\u00e4ndi, mis t\u00f6\u00f6deldakse kvaliteetseks KIVIPUUKS. Suletud puitpinnarakk muudab selle ideaalseks kasutamiseks erinevatel aastaaegadel. Selle pind &hellip;<\/p>\n","protected":false},"author":10,"featured_media":8693,"parent":0,"menu_order":0,"comment_status":"closed","ping_status":"closed","template":"template-builder-page.php","meta":{"_acf_changed":false,"_exactmetrics_skip_tracking":false,"_exactmetrics_sitenote_active":false,"_exactmetrics_sitenote_note":"","_exactmetrics_sitenote_category":0,"footnotes":""},"class_list":["post-8757","page","type-page","status-publish","has-post-thumbnail","hentry"],"acf":[],"_links":{"self":[{"href":"https:\/\/aureskoski.fi\/et\/wp-json\/wp\/v2\/pages\/8757","targetHints":{"allow":["GET"]}}],"collection":[{"href":"https:\/\/aureskoski.fi\/et\/wp-json\/wp\/v2\/pages"}],"about":[{"href":"https:\/\/aureskoski.fi\/et\/wp-json\/wp\/v2\/types\/page"}],"author":[{"embeddable":true,"href":"https:\/\/aureskoski.fi\/et\/wp-json\/wp\/v2\/users\/10"}],"replies":[{"embeddable":true,"href":"https:\/\/aureskoski.fi\/et\/wp-json\/wp\/v2\/comments?post=8757"}],"version-history":[{"count":3,"href":"https:\/\/aureskoski.fi\/et\/wp-json\/wp\/v2\/pages\/8757\/revisions"}],"predecessor-version":[{"id":8762,"href":"https:\/\/aureskoski.fi\/et\/wp-json\/wp\/v2\/pages\/8757\/revisions\/8762"}],"wp:featuredmedia":[{"embeddable":true,"href":"https:\/\/aureskoski.fi\/et\/wp-json\/wp\/v2\/media\/8693"}],"wp:attachment":[{"href":"https:\/\/aureskoski.fi\/et\/wp-json\/wp\/v2\/media?parent=8757"}],"curies":[{"name":"wp","href":"https:\/\/api.w.org\/{rel}","templated":true}]}}